{"id":37,"date":"2017-09-25T17:16:47","date_gmt":"2017-09-25T17:16:47","guid":{"rendered":"https:\/\/valenciasjb.salesianos.edu\/centrojuvenil\/?page_id=37"},"modified":"2024-03-21T09:04:40","modified_gmt":"2024-03-21T09:04:40","slug":"inicio","status":"publish","type":"page","link":"https:\/\/valenciasjb.salesianos.edu\/centrojuvenil\/","title":{"rendered":"Inicio"},"content":{"rendered":"<p>[et_pb_section fb_built=\u00bb1&#8243; fullwidth=\u00bbon\u00bb disabled_on=\u00bbon|on|on\u00bb _builder_version=\u00bb4.16&#8243; disabled=\u00bbon\u00bb global_colors_info=\u00bb{}\u00bb][et_pb_fullwidth_post_slider posts_number=\u00bb3&#8243; include_categories=\u00bb9&#8243; show_pagination=\u00bboff\u00bb show_more_button=\u00bboff\u00bb use_manual_excerpt=\u00bboff\u00bb excerpt_length=\u00bb0&#8243; show_meta=\u00bboff\u00bb use_text_overlay=\u00bboff\u00bb _builder_version=\u00bb4.16&#8243; background_color=\u00bb#2ea3f2&#8243; background_size=\u00bbinitial\u00bb background_position=\u00bbtop_left\u00bb background_repeat=\u00bbrepeat\u00bb custom_padding=\u00bb|||\u00bb custom_padding_tablet=\u00bb|||\u00bb custom_padding_phone=\u00bb|||\u00bb box_shadow_style=\u00bbpreset6&#8243; box_shadow_blur=\u00bb10px\u00bb box_shadow_color=\u00bbrgba(0,0,0,0.1)\u00bb global_colors_info=\u00bb{}\u00bb button_text_size__hover_enabled=\u00bboff\u00bb button_one_text_size__hover_enabled=\u00bboff\u00bb button_two_text_size__hover_enabled=\u00bboff\u00bb button_text_color__hover_enabled=\u00bboff\u00bb button_one_text_color__hover_enabled=\u00bboff\u00bb button_two_text_color__hover_enabled=\u00bboff\u00bb button_border_width__hover_enabled=\u00bboff\u00bb button_one_border_width__hover_enabled=\u00bboff\u00bb button_two_border_width__hover_enabled=\u00bboff\u00bb button_border_color__hover_enabled=\u00bboff\u00bb button_one_border_color__hover_enabled=\u00bboff\u00bb button_two_border_color__hover_enabled=\u00bboff\u00bb button_border_radius__hover_enabled=\u00bboff\u00bb button_one_border_radius__hover_enabled=\u00bboff\u00bb button_two_border_radius__hover_enabled=\u00bboff\u00bb button_letter_spacing__hover_enabled=\u00bboff\u00bb button_one_letter_spacing__hover_enabled=\u00bboff\u00bb button_two_letter_spacing__hover_enabled=\u00bboff\u00bb button_bg_color__hover_enabled=\u00bboff\u00bb button_one_bg_color__hover_enabled=\u00bboff\u00bb button_two_bg_color__hover_enabled=\u00bboff\u00bb][\/et_pb_fullwidth_post_slider][\/et_pb_section][et_pb_section fb_built=\u00bb1&#8243; fullwidth=\u00bbon\u00bb _builder_version=\u00bb4.16&#8243; global_colors_info=\u00bb{}\u00bb][et_pb_fullwidth_slider show_arrows=\u00bboff\u00bb show_pagination=\u00bboff\u00bb show_image_video_mobile=\u00bbon\u00bb admin_label=\u00bbPortada (Deslizador)\u00bb _builder_version=\u00bb4.16&#8243; custom_padding=\u00bb|||\u00bb auto=\u00bbon\u00bb box_shadow_style=\u00bbpreset6&#8243; box_shadow_blur=\u00bb10px\u00bb box_shadow_color=\u00bbrgba(0,0,0,0.1)\u00bb saved_tabs=\u00bball\u00bb global_colors_info=\u00bb{}\u00bb button_text_size__hover_enabled=\u00bboff\u00bb button_one_text_size__hover_enabled=\u00bboff\u00bb button_two_text_size__hover_enabled=\u00bboff\u00bb button_text_color__hover_enabled=\u00bboff\u00bb button_one_text_color__hover_enabled=\u00bboff\u00bb button_two_text_color__hover_enabled=\u00bboff\u00bb button_border_width__hover_enabled=\u00bboff\u00bb button_one_border_width__hover_enabled=\u00bboff\u00bb button_two_border_width__hover_enabled=\u00bboff\u00bb button_border_color__hover_enabled=\u00bboff\u00bb button_one_border_color__hover_enabled=\u00bboff\u00bb button_two_border_color__hover_enabled=\u00bboff\u00bb button_border_radius__hover_enabled=\u00bboff\u00bb button_one_border_radius__hover_enabled=\u00bboff\u00bb button_two_border_radius__hover_enabled=\u00bboff\u00bb button_letter_spacing__hover_enabled=\u00bboff\u00bb button_one_letter_spacing__hover_enabled=\u00bboff\u00bb button_two_letter_spacing__hover_enabled=\u00bboff\u00bb button_bg_color__hover_enabled=\u00bboff\u00bb button_one_bg_color__hover_enabled=\u00bboff\u00bb button_two_bg_color__hover_enabled=\u00bboff\u00bb][et_pb_slide heading=\u00bbCENTRO JUVENIL\u00bb button_text=\u00bbAccede a nuestra p\u00e1gina\u00bb button_link=\u00bbhttp:\/\/cjsentreamics.wixsite.com\/entreamics\u00bb image=\u00bbhttps:\/\/valenciasjb.salesianos.edu\/centrojuvenil\/wp-content\/uploads\/sites\/4\/2017\/10\/ea-1.png\u00bb use_bg_overlay=\u00bbon\u00bb use_text_overlay=\u00bboff\u00bb _builder_version=\u00bb4.16&#8243; header_font=\u00bb||||\u00bb header_text_align=\u00bbleft\u00bb header_font_size=\u00bb49px\u00bb body_font=\u00bbCalligraffitti||||\u00bb body_text_align=\u00bbleft\u00bb body_font_size=\u00bb34px\u00bb body_line_height=\u00bb1.1em\u00bb background_color=\u00bb#ffffff\u00bb background_image=\u00bbhttps:\/\/valenciasjb.salesianos.edu\/wp-content\/uploads\/2017\/09\/entre-amics-portada.jpg\u00bb custom_button=\u00bbon\u00bb button_text_size=\u00bb30px\u00bb button_text_color=\u00bb#ffffff\u00bb button_bg_color=\u00bb#bb0020&#8243; button_border_width=\u00bb0px\u00bb button_border_color=\u00bb#ffffff\u00bb button_border_radius=\u00bb3px\u00bb button_font=\u00bbAmatic SC|on|||\u00bb button_use_icon=\u00bbon\u00bb button_icon_placement=\u00bbright\u00bb button_on_hover=\u00bbon\u00bb button_alignment=\u00bbleft\u00bb text_orientation=\u00bbleft\u00bb header_font_size_tablet=\u00bb49px\u00bb header_font_size_phone=\u00bb49px\u00bb body_font_size_tablet=\u00bb34px\u00bb body_font_size_phone=\u00bb34px\u00bb body_line_height_tablet=\u00bb1.1em\u00bb body_line_height_phone=\u00bb1.1em\u00bb button_text_size_tablet=\u00bb30px\u00bb button_text_size_phone=\u00bb30px\u00bb global_colors_info=\u00bb{}\u00bb sticky_transition=\u00bbon\u00bb button_text_size__hover_enabled=\u00bboff\u00bb button_one_text_size__hover_enabled=\u00bboff\u00bb button_two_text_size__hover_enabled=\u00bboff\u00bb button_text_color__hover_enabled=\u00bboff\u00bb button_one_text_color__hover_enabled=\u00bboff\u00bb button_two_text_color__hover_enabled=\u00bboff\u00bb button_border_width__hover_enabled=\u00bboff\u00bb button_one_border_width__hover_enabled=\u00bboff\u00bb button_two_border_width__hover_enabled=\u00bboff\u00bb button_border_color__hover_enabled=\u00bboff\u00bb button_one_border_color__hover_enabled=\u00bboff\u00bb button_two_border_color__hover_enabled=\u00bboff\u00bb button_border_radius__hover_enabled=\u00bboff\u00bb button_one_border_radius__hover_enabled=\u00bboff\u00bb button_two_border_radius__hover_enabled=\u00bboff\u00bb button_letter_spacing__hover_enabled=\u00bboff\u00bb button_one_letter_spacing__hover_enabled=\u00bboff\u00bb button_two_letter_spacing__hover_enabled=\u00bboff\u00bb button_bg_color__hover_enabled=\u00bboff\u00bb button_one_bg_color__hover_enabled=\u00bboff\u00bb button_two_bg_color__hover_enabled=\u00bboff\u00bb]ENTRE AMICS<br \/>\n[\/et_pb_slide][\/et_pb_fullwidth_slider][\/et_pb_section][et_pb_section fb_built=\u00bb1&#8243; module_id=\u00bbportada\u00bb _builder_version=\u00bb4.16&#8243; custom_padding=\u00bb0px|0px|0px|0px\u00bb global_colors_info=\u00bb{}\u00bb][et_pb_row _builder_version=\u00bb4.16&#8243; background_size=\u00bbinitial\u00bb background_position=\u00bbtop_left\u00bb background_repeat=\u00bbrepeat\u00bb custom_margin=\u00bb25px|||\u00bb custom_padding=\u00bb25px|0px|0px|0px\u00bb global_colors_info=\u00bb{}\u00bb][et_pb_column type=\u00bb4_4&#8243; _builder_version=\u00bb4.16&#8243; background_position=\u00bbtop_left\u00bb custom_padding=\u00bb|||\u00bb global_colors_info=\u00bb{}\u00bb custom_padding__hover=\u00bb|||\u00bb][et_pb_text admin_label=\u00bb\u00bfQui\u00e9nes somos? (Texto)\u00bb _builder_version=\u00bb4.16&#8243; text_font=\u00bbArial||||\u00bb text_text_color=\u00bb#636a70&#8243; text_font_size=\u00bb22&#8243; text_line_height=\u00bb1.6em\u00bb header_font=\u00bbArial||||\u00bb header_text_color=\u00bb#636a70&#8243; header_font_size=\u00bb46px\u00bb background_size=\u00bbinitial\u00bb background_position=\u00bbtop_left\u00bb background_repeat=\u00bbrepeat\u00bb global_colors_info=\u00bb{}\u00bb]<\/p>\n<p class=\"\"><strong>Con\u00f3cenos<\/strong><strong><img loading=\"lazy\" decoding=\"async\" class=\"wp-image-3090 alignleft\" src=\"https:\/\/alicante.salesianos.edu\/wp-content\/uploads\/2017\/03\/don-bosco.png\" alt=\"\" width=\"29\" height=\"30\" \/><\/strong><\/p>\n<p>[\/et_pb_text][\/et_pb_column][\/et_pb_row][et_pb_row _builder_version=\u00bb4.16&#8243; background_size=\u00bbinitial\u00bb background_position=\u00bbtop_left\u00bb background_repeat=\u00bbrepeat\u00bb custom_margin=\u00bb25px|||\u00bb custom_padding=\u00bb25px|0px|0px|0px\u00bb global_colors_info=\u00bb{}\u00bb][et_pb_column type=\u00bb4_4&#8243; _builder_version=\u00bb4.16&#8243; background_position=\u00bbtop_left\u00bb custom_padding=\u00bb|||\u00bb global_colors_info=\u00bb{}\u00bb custom_padding__hover=\u00bb|||\u00bb][et_pb_tabs _builder_version=\u00bb4.16&#8243; global_colors_info=\u00bb{}\u00bb][et_pb_tab title=\u00bb\u00bfquienes somos?\u00bb _builder_version=\u00bb4.16&#8243; body_font=\u00bb||||\u00bb tab_font=\u00bb||||\u00bb background_color=\u00bbrgba(224,43,32,0.61)\u00bb global_colors_info=\u00bb{}\u00bb] Una asociaci\u00f3n que ofrece un servicio cualificado de educaci\u00f3n en el tiempo libre, como medio de prevenci\u00f3n, ayudando a los ni\u00f1@s, adolescentes y j\u00f3venes de nuestro barrio a su promoci\u00f3n y formaci\u00f3n integral, seg\u00fan el estilo de Don Bosco. [\/et_pb_tab][et_pb_tab title=\u00bb\u00bfpara qui\u00e9n?\u00bb _builder_version=\u00bb4.16&#8243; body_font=\u00bb||||\u00bb tab_font=\u00bb||||\u00bb background_color=\u00bbrgba(242,169,0,0.69)\u00bb global_colors_info=\u00bb{}\u00bb] <span class=\"text_exposed_show\">Para ni\u00f1@s y j\u00f3venes de Valencia, con edades comprendidas entre los 9 y 20 a\u00f1os, ofreci\u00e9ndoles una serie de proyectos y actividades como alternativa al tiempo libre, as\u00ed como un espacio en el que los j\u00f3venes puedan desarrollar labores de voluntariado.<\/span> [\/et_pb_tab][et_pb_tab title=\u00bb\u00bfQu\u00e9 hacemos?\u00bb _builder_version=\u00bb4.16&#8243; body_font=\u00bb||||\u00bb tab_font=\u00bb||||\u00bb background_color=\u00bbrgba(237,240,0,0.68)\u00bb global_colors_info=\u00bb{}\u00bb] <span class=\"text_exposed_show\">Presentamos una amplia oferta de actividades educativas desde el tiempo libre, concentr\u00e1ndose la mayor\u00eda de ellas en el fin de semana y que cubren la demanda de los j\u00f3venes y ni\u00f1os, cubriendo diferentes \u00e1mbitos: l\u00fadicos, deportivos, art\u00edsticos, culturales, de aire libre y formativos, con reuniones semanales de grupos tratando temas sociales y de actualidad, favoreciendo as\u00ed el protagonismos juvenil en la marcha de las diferentes actividades.<\/span> [\/et_pb_tab][et_pb_tab title=\u00bb\u00bfqui\u00e9n?\u00bb _builder_version=\u00bb4.16&#8243; body_font=\u00bb||||\u00bb tab_font=\u00bb||||\u00bb background_color=\u00bbrgba(12,113,195,0.65)\u00bb global_colors_info=\u00bb{}\u00bb] <span class=\"text_exposed_show\">Tienes a tu servicio a un equipo de j\u00f3venes voluntarios titulados que reciben formaci\u00f3n espec\u00edfica y cont\u00ednua en temas de animaci\u00f3n juvenil, salud y calidad de vida, asociacionismo, deporte, aire libre, m\u00fasica, teatro&#8230;<\/span> [\/et_pb_tab][\/et_pb_tabs][\/et_pb_column][\/et_pb_row][et_pb_row custom_padding_last_edited=\u00bbon|phone\u00bb _builder_version=\u00bb4.16&#8243; custom_padding=\u00bb25px|0px|25px|0px\u00bb custom_padding_tablet=\u00bb0px||0px|\u00bb custom_padding_phone=\u00bb0px||0px|\u00bb global_colors_info=\u00bb{}\u00bb column_structure=\u00bb2_3,1_3&#8243;][et_pb_column type=\u00bb2_3&#8243; _builder_version=\u00bb4.16&#8243; custom_padding=\u00bb|||\u00bb global_colors_info=\u00bb{}\u00bb custom_padding__hover=\u00bb|||\u00bb][et_pb_image src=\u00bbhttps:\/\/valenciasjb.salesianos.edu\/centrojuvenil\/wp-content\/uploads\/sites\/4\/2024\/03\/USPT_Cartel-CAST-pequeno-web.jpg\u00bb align_tablet=\u00bbcenter\u00bb align_last_edited=\u00bbon|desktop\u00bb _builder_version=\u00bb4.24.2&#8243; animation_style=\u00bbslide\u00bb animation_direction=\u00bbleft\u00bb animation_duration=\u00bb500ms\u00bb animation_intensity_slide=\u00bb10%\u00bb hover_enabled=\u00bb0&#8243; global_colors_info=\u00bb{}\u00bb title_text=\u00bbUSPT_Cartel CAST peque\u00f1o web\u00bb sticky_enabled=\u00bb0&#8243; align_phone=\u00bbcenter\u00bb][\/et_pb_image][\/et_pb_column][et_pb_column type=\u00bb1_3&#8243; _builder_version=\u00bb4.16&#8243; custom_padding=\u00bb|||\u00bb global_colors_info=\u00bb{}\u00bb custom_padding__hover=\u00bb|||\u00bb][et_pb_code disabled_on=\u00bboff|off|off\u00bb admin_label=\u00bbFacebook (C\u00f3digo)\u00bb _builder_version=\u00bb4.16&#8243; global_colors_info=\u00bb{}\u00bb][fb_plugin page href=https:\/\/www.facebook.com\/cjsentreamics hide-cover=true tabs=timeline small-header=true show-facepile=false width=750][\/et_pb_code][\/et_pb_column][\/et_pb_row][et_pb_row custom_padding_last_edited=\u00bbon|phone\u00bb _builder_version=\u00bb4.16&#8243; background_size=\u00bbinitial\u00bb background_position=\u00bbtop_left\u00bb background_repeat=\u00bbrepeat\u00bb custom_padding=\u00bb30px|0px|25px|0px\u00bb custom_padding_tablet=\u00bb0px|||\u00bb custom_padding_phone=\u00bb0px|||\u00bb global_colors_info=\u00bb{}\u00bb][et_pb_column type=\u00bb4_4&#8243; _builder_version=\u00bb4.16&#8243; background_position=\u00bbtop_left\u00bb custom_padding=\u00bb|||\u00bb global_colors_info=\u00bb{}\u00bb custom_padding__hover=\u00bb|||\u00bb][et_pb_text admin_label=\u00bbSalesianos (Texto)\u00bb _builder_version=\u00bb4.16&#8243; text_font=\u00bbArial||||\u00bb text_text_color=\u00bb#636a70&#8243; text_font_size=\u00bb22&#8243; text_line_height=\u00bb1.6em\u00bb header_font=\u00bbArial||||\u00bb header_text_color=\u00bb#636a70&#8243; header_font_size=\u00bb46px\u00bb background_size=\u00bbinitial\u00bb background_position=\u00bbtop_left\u00bb background_repeat=\u00bbrepeat\u00bb global_colors_info=\u00bb{}\u00bb]<\/p>\n<p class=\"\"><strong>Salesianos<\/strong><strong><img loading=\"lazy\" decoding=\"async\" class=\"wp-image-3090 alignleft\" src=\"https:\/\/alicante.salesianos.edu\/wp-content\/uploads\/2017\/07\/enlaces_salesianos.png\" alt=\"\" width=\"29\" height=\"30\" \/><\/strong><\/p>\n<p>[\/et_pb_text][\/et_pb_column][\/et_pb_row][et_pb_row column_padding_mobile=\u00bbon\u00bb module_id=\u00bbportada-web-salesianas\u00bb module_class=\u00bbcinco-columnas et_pb_row_fullwidth\u00bb _builder_version=\u00bb4.16&#8243; background_size=\u00bbinitial\u00bb background_position=\u00bbtop_left\u00bb background_repeat=\u00bbrepeat\u00bb width=\u00bb94%\u00bb width_tablet=\u00bb80%\u00bb width_last_edited=\u00bbon|desktop\u00bb max_width=\u00bb94%\u00bb max_width_tablet=\u00bb80%\u00bb max_width_last_edited=\u00bbon|desktop\u00bb custom_margin=\u00bb|||\u00bb custom_padding=\u00bb0px|||\u00bb make_fullwidth=\u00bbon\u00bb global_colors_info=\u00bb{}\u00bb width_phone=\u00bb80%\u00bb max_width_phone=\u00bb80%\u00bb][et_pb_column type=\u00bb4_4&#8243; _builder_version=\u00bb4.16&#8243; background_position=\u00bbtop_left\u00bb custom_padding=\u00bb|||\u00bb global_colors_info=\u00bb{}\u00bb custom_padding__hover=\u00bb|||\u00bb][et_pb_blurb url=\u00bbhttp:\/\/sdb.org\/es\/\u00bb url_new_window=\u00bbon\u00bb image=\u00bbhttps:\/\/inspectoria.salesianos.edu\/wp-content\/uploads\/2017\/04\/01_SDBORG.png\u00bb alt=\u00bbSalesianos en el mundo\u00bb admin_label=\u00bbSDB_org\u00bb _builder_version=\u00bb4.16&#8243; background_size=\u00bbinitial\u00bb background_position=\u00bbtop_left\u00bb background_repeat=\u00bbrepeat\u00bb text_orientation=\u00bbcenter\u00bb max_width_tablet=\u00bb50px\u00bb global_colors_info=\u00bb{}\u00bb] En el mundo [\/et_pb_blurb][et_pb_blurb url=\u00bbhttp:\/\/www.donbosco.es\u00bb url_new_window=\u00bbon\u00bb image=\u00bbhttps:\/\/inspectoria.salesianos.edu\/wp-content\/uploads\/2017\/04\/02_DBES.png\u00bb alt=\u00bbSalesianos en Espa\u00f1a\u00bb image_icon_width=\u00bbnone\u00bb admin_label=\u00bbDonBosco_ES\u00bb _builder_version=\u00bb4.16&#8243; background_size=\u00bbinitial\u00bb background_position=\u00bbtop_left\u00bb background_repeat=\u00bbrepeat\u00bb text_orientation=\u00bbcenter\u00bb image_max_width=\u00bbnone\u00bb global_colors_info=\u00bb{}\u00bb] En Espa\u00f1a [\/et_pb_blurb][et_pb_blurb url=\u00bbhttp:\/\/www.salesianos.edu\u00bb url_new_window=\u00bbon\u00bb image=\u00bbhttps:\/\/inspectoria.salesianos.edu\/wp-content\/uploads\/2017\/04\/03_smxedu.png\u00bb image_icon_width=\u00bbnone\u00bb admin_label=\u00bbInspector\u00eda\u00bb _builder_version=\u00bb4.16&#8243; background_size=\u00bbinitial\u00bb background_position=\u00bbtop_left\u00bb background_repeat=\u00bbrepeat\u00bb text_orientation=\u00bbcenter\u00bb image_max_width=\u00bbnone\u00bb global_colors_info=\u00bb{}\u00bb] En la Inspector\u00eda [\/et_pb_blurb][et_pb_blurb url=\u00bbhttp:\/\/www.infoans.org\/es\u00bb url_new_window=\u00bbon\u00bb image=\u00bbhttps:\/\/inspectoria.salesianos.edu\/wp-content\/uploads\/2017\/04\/04_ans.png\u00bb image_icon_width=\u00bbnone\u00bb admin_label=\u00bbANS_info\u00bb _builder_version=\u00bb4.16&#8243; background_size=\u00bbinitial\u00bb background_position=\u00bbtop_left\u00bb background_repeat=\u00bbrepeat\u00bb text_orientation=\u00bbcenter\u00bb image_max_width=\u00bbnone\u00bb global_colors_info=\u00bb{}\u00bb] Agencia noticias [\/et_pb_blurb][et_pb_blurb url=\u00bbhttp:\/\/boletin-salesiano.com\/\u00bb url_new_window=\u00bbon\u00bb image=\u00bbhttps:\/\/inspectoria.salesianos.edu\/wp-content\/uploads\/2017\/04\/05_boletins.png\u00bb image_icon_width=\u00bbnone\u00bb admin_label=\u00bbBoletinSalesiano\u00bb _builder_version=\u00bb4.16&#8243; background_size=\u00bbinitial\u00bb background_position=\u00bbtop_left\u00bb background_repeat=\u00bbrepeat\u00bb text_orientation=\u00bbcenter\u00bb image_max_width=\u00bbnone\u00bb global_colors_info=\u00bb{}\u00bb] Bolet\u00edn Salesiano [\/et_pb_blurb][\/et_pb_column][\/et_pb_row][et_pb_row _builder_version=\u00bb4.16&#8243; global_colors_info=\u00bb{}\u00bb][et_pb_column type=\u00bb4_4&#8243; _builder_version=\u00bb4.16&#8243; custom_padding=\u00bb|||\u00bb global_colors_info=\u00bb{}\u00bb custom_padding__hover=\u00bb|||\u00bb][et_pb_divider show_divider=\u00bboff\u00bb disabled_on=\u00bbon|on|off\u00bb _builder_version=\u00bb4.16&#8243; global_colors_info=\u00bb{}\u00bb][\/et_pb_divider][\/et_pb_column][\/et_pb_row][\/et_pb_section]<\/p>\n<!-- AddThis Advanced Settings generic via filter on the_content --><!-- AddThis Share Buttons generic via filter on the_content -->","protected":false},"excerpt":{"rendered":"<p><!-- AddThis Advanced Settings generic via filter on the_excerpt --><!-- AddThis Share Buttons generic via filter on the_excerpt --><\/p>\n","protected":false},"author":2,"featured_media":0,"parent":0,"menu_order":0,"comment_status":"closed","ping_status":"closed","template":"","meta":{"_et_pb_use_builder":"on","_et_pb_old_content":"<p>[et_pb_section bb_built=\"1\"][et_pb_row][\/et_pb_row][\/et_pb_section]<\/p>","_et_gb_content_width":"","footnotes":""},"class_list":["post-37","page","type-page","status-publish","hentry"],"yoast_head":"<!-- This site is optimized with the Yoast SEO plugin v27.3 - https:\/\/yoast.com\/product\/yoast-seo-wordpress\/ -->\n<title>Inicio - Centro Juvenil Entre Amics<\/title>\n<meta name=\"robots\" content=\"index, follow, max-snippet:-1, max-image-preview:large, max-video-preview:-1\" \/>\n<link rel=\"canonical\" href=\"https:\/\/valenciasjb.salesianos.edu\/centrojuvenil\/\" \/>\n<meta property=\"og:locale\" content=\"es_ES\" \/>\n<meta property=\"og:type\" content=\"article\" \/>\n<meta property=\"og:title\" content=\"Inicio - Centro Juvenil Entre Amics\" \/>\n<meta property=\"og:url\" content=\"https:\/\/valenciasjb.salesianos.edu\/centrojuvenil\/\" \/>\n<meta property=\"og:site_name\" content=\"Centro Juvenil Entre Amics\" \/>\n<meta property=\"article:modified_time\" content=\"2024-03-21T09:04:40+00:00\" \/>\n<meta property=\"og:image\" content=\"https:\/\/alicante.salesianos.edu\/wp-content\/uploads\/2017\/03\/don-bosco.png\" \/>\n<meta name=\"twitter:card\" content=\"summary_large_image\" \/>\n<meta name=\"twitter:label1\" content=\"Tiempo de lectura\" \/>\n\t<meta name=\"twitter:data1\" content=\"3 minutos\" \/>\n<script type=\"application\/ld+json\" class=\"yoast-schema-graph\">{\"@context\":\"https:\\\/\\\/schema.org\",\"@graph\":[{\"@type\":\"WebPage\",\"@id\":\"https:\\\/\\\/valenciasjb.salesianos.edu\\\/centrojuvenil\\\/\",\"url\":\"https:\\\/\\\/valenciasjb.salesianos.edu\\\/centrojuvenil\\\/\",\"name\":\"Inicio - Centro Juvenil Entre Amics\",\"isPartOf\":{\"@id\":\"https:\\\/\\\/valenciasjb.salesianos.edu\\\/centrojuvenil\\\/#website\"},\"primaryImageOfPage\":{\"@id\":\"https:\\\/\\\/valenciasjb.salesianos.edu\\\/centrojuvenil\\\/#primaryimage\"},\"image\":{\"@id\":\"https:\\\/\\\/valenciasjb.salesianos.edu\\\/centrojuvenil\\\/#primaryimage\"},\"thumbnailUrl\":\"https:\\\/\\\/alicante.salesianos.edu\\\/wp-content\\\/uploads\\\/2017\\\/03\\\/don-bosco.png\",\"datePublished\":\"2017-09-25T17:16:47+00:00\",\"dateModified\":\"2024-03-21T09:04:40+00:00\",\"breadcrumb\":{\"@id\":\"https:\\\/\\\/valenciasjb.salesianos.edu\\\/centrojuvenil\\\/#breadcrumb\"},\"inLanguage\":\"es\",\"potentialAction\":[{\"@type\":\"ReadAction\",\"target\":[\"https:\\\/\\\/valenciasjb.salesianos.edu\\\/centrojuvenil\\\/\"]}]},{\"@type\":\"ImageObject\",\"inLanguage\":\"es\",\"@id\":\"https:\\\/\\\/valenciasjb.salesianos.edu\\\/centrojuvenil\\\/#primaryimage\",\"url\":\"https:\\\/\\\/alicante.salesianos.edu\\\/wp-content\\\/uploads\\\/2017\\\/03\\\/don-bosco.png\",\"contentUrl\":\"https:\\\/\\\/alicante.salesianos.edu\\\/wp-content\\\/uploads\\\/2017\\\/03\\\/don-bosco.png\"},{\"@type\":\"BreadcrumbList\",\"@id\":\"https:\\\/\\\/valenciasjb.salesianos.edu\\\/centrojuvenil\\\/#breadcrumb\",\"itemListElement\":[{\"@type\":\"ListItem\",\"position\":1,\"name\":\"Portada\",\"item\":\"https:\\\/\\\/valenciasjb.salesianos.edu\\\/centrojuvenil\\\/\"},{\"@type\":\"ListItem\",\"position\":2,\"name\":\"Inicio\"}]},{\"@type\":\"WebSite\",\"@id\":\"https:\\\/\\\/valenciasjb.salesianos.edu\\\/centrojuvenil\\\/#website\",\"url\":\"https:\\\/\\\/valenciasjb.salesianos.edu\\\/centrojuvenil\\\/\",\"name\":\"Centro Juvenil Entre Amics\",\"description\":\"Otro sitio m\u00e1s de Salesianos San Juan Bosco  Valencia\",\"potentialAction\":[{\"@type\":\"SearchAction\",\"target\":{\"@type\":\"EntryPoint\",\"urlTemplate\":\"https:\\\/\\\/valenciasjb.salesianos.edu\\\/centrojuvenil\\\/?s={search_term_string}\"},\"query-input\":{\"@type\":\"PropertyValueSpecification\",\"valueRequired\":true,\"valueName\":\"search_term_string\"}}],\"inLanguage\":\"es\"}]}<\/script>\n<!-- \/ Yoast SEO plugin. -->","yoast_head_json":{"title":"Inicio - Centro Juvenil Entre Amics","robots":{"index":"index","follow":"follow","max-snippet":"max-snippet:-1","max-image-preview":"max-image-preview:large","max-video-preview":"max-video-preview:-1"},"canonical":"https:\/\/valenciasjb.salesianos.edu\/centrojuvenil\/","og_locale":"es_ES","og_type":"article","og_title":"Inicio - Centro Juvenil Entre Amics","og_url":"https:\/\/valenciasjb.salesianos.edu\/centrojuvenil\/","og_site_name":"Centro Juvenil Entre Amics","article_modified_time":"2024-03-21T09:04:40+00:00","og_image":[{"url":"https:\/\/alicante.salesianos.edu\/wp-content\/uploads\/2017\/03\/don-bosco.png","type":"","width":"","height":""}],"twitter_card":"summary_large_image","twitter_misc":{"Tiempo de lectura":"3 minutos"},"schema":{"@context":"https:\/\/schema.org","@graph":[{"@type":"WebPage","@id":"https:\/\/valenciasjb.salesianos.edu\/centrojuvenil\/","url":"https:\/\/valenciasjb.salesianos.edu\/centrojuvenil\/","name":"Inicio - Centro Juvenil Entre Amics","isPartOf":{"@id":"https:\/\/valenciasjb.salesianos.edu\/centrojuvenil\/#website"},"primaryImageOfPage":{"@id":"https:\/\/valenciasjb.salesianos.edu\/centrojuvenil\/#primaryimage"},"image":{"@id":"https:\/\/valenciasjb.salesianos.edu\/centrojuvenil\/#primaryimage"},"thumbnailUrl":"https:\/\/alicante.salesianos.edu\/wp-content\/uploads\/2017\/03\/don-bosco.png","datePublished":"2017-09-25T17:16:47+00:00","dateModified":"2024-03-21T09:04:40+00:00","breadcrumb":{"@id":"https:\/\/valenciasjb.salesianos.edu\/centrojuvenil\/#breadcrumb"},"inLanguage":"es","potentialAction":[{"@type":"ReadAction","target":["https:\/\/valenciasjb.salesianos.edu\/centrojuvenil\/"]}]},{"@type":"ImageObject","inLanguage":"es","@id":"https:\/\/valenciasjb.salesianos.edu\/centrojuvenil\/#primaryimage","url":"https:\/\/alicante.salesianos.edu\/wp-content\/uploads\/2017\/03\/don-bosco.png","contentUrl":"https:\/\/alicante.salesianos.edu\/wp-content\/uploads\/2017\/03\/don-bosco.png"},{"@type":"BreadcrumbList","@id":"https:\/\/valenciasjb.salesianos.edu\/centrojuvenil\/#breadcrumb","itemListElement":[{"@type":"ListItem","position":1,"name":"Portada","item":"https:\/\/valenciasjb.salesianos.edu\/centrojuvenil\/"},{"@type":"ListItem","position":2,"name":"Inicio"}]},{"@type":"WebSite","@id":"https:\/\/valenciasjb.salesianos.edu\/centrojuvenil\/#website","url":"https:\/\/valenciasjb.salesianos.edu\/centrojuvenil\/","name":"Centro Juvenil Entre Amics","description":"Otro sitio m\u00e1s de Salesianos San Juan Bosco  Valencia","potentialAction":[{"@type":"SearchAction","target":{"@type":"EntryPoint","urlTemplate":"https:\/\/valenciasjb.salesianos.edu\/centrojuvenil\/?s={search_term_string}"},"query-input":{"@type":"PropertyValueSpecification","valueRequired":true,"valueName":"search_term_string"}}],"inLanguage":"es"}]}},"_links":{"self":[{"href":"https:\/\/valenciasjb.salesianos.edu\/centrojuvenil\/wp-json\/wp\/v2\/pages\/37","targetHints":{"allow":["GET"]}}],"collection":[{"href":"https:\/\/valenciasjb.salesianos.edu\/centrojuvenil\/wp-json\/wp\/v2\/pages"}],"about":[{"href":"https:\/\/valenciasjb.salesianos.edu\/centrojuvenil\/wp-json\/wp\/v2\/types\/page"}],"author":[{"embeddable":true,"href":"https:\/\/valenciasjb.salesianos.edu\/centrojuvenil\/wp-json\/wp\/v2\/users\/2"}],"replies":[{"embeddable":true,"href":"https:\/\/valenciasjb.salesianos.edu\/centrojuvenil\/wp-json\/wp\/v2\/comments?post=37"}],"version-history":[{"count":6,"href":"https:\/\/valenciasjb.salesianos.edu\/centrojuvenil\/wp-json\/wp\/v2\/pages\/37\/revisions"}],"predecessor-version":[{"id":4634,"href":"https:\/\/valenciasjb.salesianos.edu\/centrojuvenil\/wp-json\/wp\/v2\/pages\/37\/revisions\/4634"}],"wp:attachment":[{"href":"https:\/\/valenciasjb.salesianos.edu\/centrojuvenil\/wp-json\/wp\/v2\/media?parent=37"}],"curies":[{"name":"wp","href":"https:\/\/api.w.org\/{rel}","templated":true}]}}