{"id":20056,"date":"2024-10-20T20:26:00","date_gmt":"2024-10-20T19:26:00","guid":{"rendered":"https:\/\/valenciasjb.salesianos.edu\/colegio\/?page_id=20056"},"modified":"2024-10-20T20:26:06","modified_gmt":"2024-10-20T19:26:06","slug":"comedor-2","status":"publish","type":"page","link":"https:\/\/valenciasjb.salesianos.edu\/colegio\/administracion\/comedor-2\/","title":{"rendered":"Comedor"},"content":{"rendered":"<div id=\"fb-root\"><\/div>\n<p>[et_pb_section fb_built=\u00bb1&#8243; fullwidth=\u00bbon\u00bb _builder_version=\u00bb4.16&#8243; global_colors_info=\u00bb{}\u00bb][et_pb_fullwidth_header title=\u00bbComedor Escolar\u00bb title_font_color=\u00bb#ffffff\u00bb module_class=\u00bbpagina-imagen-cabecera\u00bb _builder_version=\u00bb4.16&#8243; title_text_color=\u00bb#ffffff\u00bb title_font_size=\u00bb40px\u00bb background_color=\u00bbrgba(255, 255, 255, 0)\u00bb background_image=\u00bbhttps:\/\/valenciasjb.salesianos.edu\/colegio\/wp-content\/uploads\/sites\/2\/2017\/10\/salesianos-comedor5.jpg\u00bb background_layout=\u00bblight\u00bb max_width_tablet=\u00bb50px\u00bb background_url=\u00bbhttps:\/\/alicante.salesianos.edu\/colegio\/wp-content\/uploads\/sites\/2\/2017\/03\/Archivo_002-2.jpeg\u00bb global_colors_info=\u00bb{}\u00bb button_one_text_size__hover_enabled=\u00bboff\u00bb button_two_text_size__hover_enabled=\u00bboff\u00bb button_one_text_color__hover_enabled=\u00bboff\u00bb button_two_text_color__hover_enabled=\u00bboff\u00bb button_one_border_width__hover_enabled=\u00bboff\u00bb button_two_border_width__hover_enabled=\u00bboff\u00bb button_one_border_color__hover_enabled=\u00bboff\u00bb button_two_border_color__hover_enabled=\u00bboff\u00bb button_one_border_radius__hover_enabled=\u00bboff\u00bb button_two_border_radius__hover_enabled=\u00bboff\u00bb button_one_letter_spacing__hover_enabled=\u00bboff\u00bb button_two_letter_spacing__hover_enabled=\u00bboff\u00bb button_one_bg_color__hover_enabled=\u00bboff\u00bb button_two_bg_color__hover_enabled=\u00bboff\u00bb][\/et_pb_fullwidth_header][\/et_pb_section][et_pb_section fb_built=\u00bb1&#8243; module_class=\u00bbpagina-seccion-contenido\u00bb _builder_version=\u00bb4.16&#8243; custom_padding=\u00bb0px|0px|54px|0px\u00bb global_colors_info=\u00bb{}\u00bb][et_pb_row column_structure=\u00bb2_3,1_3&#8243; _builder_version=\u00bb4.16&#8243; global_colors_info=\u00bb{}\u00bb][et_pb_column type=\u00bb2_3&#8243; _builder_version=\u00bb4.16&#8243; custom_padding=\u00bb|||\u00bb global_colors_info=\u00bb{}\u00bb custom_padding__hover=\u00bb|||\u00bb][et_pb_text _builder_version=\u00bb4.17.4&#8243; global_colors_info=\u00bb{}\u00bb]<\/p>\n<h1><span style=\"color: #ff0000\">Un servicio de calidad<br \/>\n<\/span><\/h1>\n<div class=\"layoutArea\">\n<div class=\"column\" style=\"text-align: left\">Ya sabes que el comedor escolar presta sus servicios desde el primer d\u00eda de curso. Por ello, es importante para nosotros que conozcas que nuestro comedor se caracteriza por:<\/div>\n<\/div>\n<div class=\"column\" style=\"text-align: left\">\n<ul>\n<li><strong>Comedor educativ<\/strong><strong>o<\/strong>, donde se contin\u00faa la<strong> formaci\u00f3n integral <\/strong>que recibes\u00a0en las aulas.<\/li>\n<li>Durante el servicio de comedor estar\u00e1s <strong>atendidos por educadores del\u00a0<\/strong><strong>propio colegio<\/strong> que te acompa\u00f1ar\u00e1n durante<strong> todo el horario del servicio<\/strong>.<\/li>\n<li>La empresa encargada de la <strong>elaborar y servir los men\u00fas es ARAMARK<\/strong><\/li>\n<li>La <strong>cocina est\u00e1 en el propio colegio<\/strong>, y los men\u00fas se elaboran all\u00ed.<\/li>\n<li>Nuestro <strong>men\u00fa se compone siempre de ensalada, primer plato y segundo\u00a0<\/strong><strong>plato, y fruta y l\u00e1cteo<\/strong> de postre. Si est\u00e1s en ESO o Bachillerato podr\u00e1s elegir\u00a0entre dos segundos platos<\/li>\n<li>Se trabajar\u00e1n <strong>h\u00e1bitos saludables<\/strong> (limpieza de manos, higiene bucodental,\u00a0pautas nutricionales,&#8230;) y algo muy importante: saber comportarse en la mesa (uso de utensilios, modales a la hora de comer, respecto a los dem\u00e1s, &#8230;)\n<p class=\"paginaCuerpoAzul\" style=\"text-align: center\"><em><strong>Todo esto vivido en un ambiente de alegr\u00eda tal y como quer\u00eda Don Bosco. <\/strong><\/em><\/p>\n<\/li>\n<li><em><em><strong><span class=\"paginaTituloSeccion\">TURNOS<\/span><\/strong><\/em><\/em>\n<ul style=\"text-align: left\">\n<li>Primer turno (12:30-13:15 aprox): Ed Infantil y Primer ciclo de Ed. Primaria.<\/li>\n<li>Segundo turno (13:30 \u2013 14:15 aprox): Segundo y tercer ciclo de Ed. Primaria.<\/li>\n<li>Tercer turno (14:15 \u2013 15:00 aprox) Educaci\u00f3n Secundaria Obligatoria. Para Bachillerato el servicio de adaptar\u00e1 al horario de finalizaci\u00f3n de las clases.<\/li>\n<\/ul>\n<ul>\n<li>\n<p style=\"font-weight: 400\">Para asegurar un correcto funcionamiento del servicio de comedor, solo se podr\u00e1 sacar un m\u00e1ximo de 4 tickets al mes.<\/p>\n<\/li>\n<li>\n<p style=\"font-weight: 400\">Si las autoridades sanitarias restringieran las plazas de comedor, los criterios de admisi\u00f3n ser\u00edan modificados acorde a las nuevas medidas.<\/p>\n<\/li>\n<\/ul>\n<\/li>\n<\/ul>\n<\/div>\n<p>[\/et_pb_text][\/et_pb_column][et_pb_column type=\u00bb1_3&#8243; _builder_version=\u00bb4.16&#8243; custom_padding=\u00bb|||\u00bb global_colors_info=\u00bb{}\u00bb custom_padding__hover=\u00bb|||\u00bb][et_pb_button button_url=\u00bbhttps:\/\/forms.gle\/NGYRAr441m65S8Ux9&#8243; url_new_window=\u00bbon\u00bb button_text=\u00bbFORMULARIO ALTA COMEDOR 2023\/24&#8243; button_alignment=\u00bbcenter\u00bb disabled_on=\u00bboff|off|off\u00bb admin_label=\u00bbB_AltaComedor\u00bb _builder_version=\u00bb4.21.0&#8243; custom_button=\u00bbon\u00bb button_text_color=\u00bb#e00b00&#8243; button_bg_color=\u00bbrgba(124,218,36,0.39)\u00bb animation_style=\u00bbslide\u00bb z_index_tablet=\u00bb500&#8243; button_text_shadow_horizontal_length_tablet=\u00bb0px\u00bb button_text_shadow_vertical_length_tablet=\u00bb0px\u00bb button_text_shadow_blur_strength_tablet=\u00bb1px\u00bb box_shadow_style=\u00bbpreset1&#8243; box_shadow_horizontal=\u00bb14px\u00bb box_shadow_vertical=\u00bb13px\u00bb box_shadow_blur=\u00bb8px\u00bb box_shadow_spread=\u00bb-6px\u00bb global_colors_info=\u00bb{}\u00bb button_text_size__hover_enabled=\u00bboff\u00bb button_one_text_size__hover_enabled=\u00bboff\u00bb button_two_text_size__hover_enabled=\u00bboff\u00bb button_text_color__hover_enabled=\u00bboff\u00bb button_one_text_color__hover_enabled=\u00bboff\u00bb button_two_text_color__hover_enabled=\u00bboff\u00bb button_border_width__hover_enabled=\u00bboff\u00bb button_one_border_width__hover_enabled=\u00bboff\u00bb button_two_border_width__hover_enabled=\u00bboff\u00bb button_border_color__hover_enabled=\u00bboff\u00bb button_one_border_color__hover_enabled=\u00bboff\u00bb button_two_border_color__hover_enabled=\u00bboff\u00bb button_border_radius__hover_enabled=\u00bboff\u00bb button_one_border_radius__hover_enabled=\u00bboff\u00bb button_two_border_radius__hover_enabled=\u00bboff\u00bb button_letter_spacing__hover_enabled=\u00bboff\u00bb button_one_letter_spacing__hover_enabled=\u00bboff\u00bb button_two_letter_spacing__hover_enabled=\u00bboff\u00bb button_bg_color__hover_enabled=\u00bboff\u00bb button_one_bg_color__hover_enabled=\u00bboff\u00bb button_two_bg_color__hover_enabled=\u00bboff\u00bb][\/et_pb_button][et_pb_text _builder_version=\u00bb4.21.0&#8243; _module_preset=\u00bbdefault\u00bb global_colors_info=\u00bb{}\u00bb]<\/p>\n<p><strong>Descarga <a href=\"https:\/\/valenciasjb.salesianos.edu\/colegio\/wp-content\/uploads\/sites\/2\/2023\/06\/diptico-comedor-INFPRIM-23-24.pdf\" rel=\"attachment wp-att-19347\">aqu\u00ed <\/a>el d\u00edptico de informaci\u00f3n del comedor en las etapas de infantil y primaria<\/strong><\/p>\n<p>[\/et_pb_text][et_pb_button button_url=\u00bbhttps:\/\/forms.gle\/k7CfoeEPjXyuMDWK8&#8243; url_new_window=\u00bbon\u00bb button_text=\u00bbBAJA COMEDOR 2023\/24&#8243; button_alignment=\u00bbcenter\u00bb disabled_on=\u00bboff|off|off\u00bb admin_label=\u00bbB_BajaComedor\u00bb _builder_version=\u00bb4.22.1&#8243; custom_button=\u00bbon\u00bb button_text_color=\u00bb#e00b00&#8243; button_bg_color=\u00bbrgba(124,218,36,0.39)\u00bb animation_style=\u00bbslide\u00bb z_index_tablet=\u00bb500&#8243; button_text_shadow_horizontal_length_tablet=\u00bb0px\u00bb button_text_shadow_vertical_length_tablet=\u00bb0px\u00bb button_text_shadow_blur_strength_tablet=\u00bb1px\u00bb box_shadow_style=\u00bbpreset1&#8243; box_shadow_horizontal=\u00bb14px\u00bb box_shadow_vertical=\u00bb13px\u00bb box_shadow_blur=\u00bb8px\u00bb box_shadow_spread=\u00bb-6px\u00bb global_colors_info=\u00bb{}\u00bb button_text_size__hover_enabled=\u00bboff\u00bb button_one_text_size__hover_enabled=\u00bboff\u00bb button_two_text_size__hover_enabled=\u00bboff\u00bb button_text_color__hover_enabled=\u00bboff\u00bb button_one_text_color__hover_enabled=\u00bboff\u00bb button_two_text_color__hover_enabled=\u00bboff\u00bb button_border_width__hover_enabled=\u00bboff\u00bb button_one_border_width__hover_enabled=\u00bboff\u00bb button_two_border_width__hover_enabled=\u00bboff\u00bb button_border_color__hover_enabled=\u00bboff\u00bb button_one_border_color__hover_enabled=\u00bboff\u00bb button_two_border_color__hover_enabled=\u00bboff\u00bb button_border_radius__hover_enabled=\u00bboff\u00bb button_one_border_radius__hover_enabled=\u00bboff\u00bb button_two_border_radius__hover_enabled=\u00bboff\u00bb button_letter_spacing__hover_enabled=\u00bboff\u00bb button_one_letter_spacing__hover_enabled=\u00bboff\u00bb button_two_letter_spacing__hover_enabled=\u00bboff\u00bb button_bg_color__hover_enabled=\u00bboff\u00bb button_one_bg_color__hover_enabled=\u00bboff\u00bb button_two_bg_color__hover_enabled=\u00bboff\u00bb][\/et_pb_button][et_pb_gallery gallery_ids=\u00bb5270&#8243; show_title_and_caption=\u00bboff\u00bb show_pagination=\u00bboff\u00bb _builder_version=\u00bb4.16&#8243; global_colors_info=\u00bb{}\u00bb][\/et_pb_gallery][\/et_pb_column][\/et_pb_row][et_pb_row column_structure=\u00bb2_3,1_3&#8243; _builder_version=\u00bb4.16&#8243; global_colors_info=\u00bb{}\u00bb][et_pb_column type=\u00bb2_3&#8243; _builder_version=\u00bb4.16&#8243; custom_padding=\u00bb|||\u00bb global_colors_info=\u00bb{}\u00bb custom_padding__hover=\u00bb|||\u00bb][et_pb_text _builder_version=\u00bb4.17.4&#8243; global_colors_info=\u00bb{}\u00bb]<\/p>\n<h2>Matricula de comedor<span style=\"color: #ff0000;\"><br \/><\/span><\/h2>\n<p style=\"text-align: left;\">Para matricularse en el servicio de comedor deber\u00e1n:<\/p>\n<ul style=\"text-align: center;\">\n<li style=\"text-align: left;\">\u00a0Rellenar el\u00a0 formulario de alta en el servicio de comedor, disponible en esta p\u00e1gina. (Fecha l\u00edmite: 4 de septiembre)<\/li>\n<li>\n<p style=\"text-align: left;\">Abonar 35\u20ac en concepto de matr\u00edcula por ni\u00f1o. Esta cantidad ser\u00e1 descontada en el mes de mayo, siempre que no se d\u00e9 de baja. Se abonar\u00e1 en porter\u00eda o realizando transferencia\/ingreso en la cuenta de Caixa Bank<strong>:<\/strong><\/p>\n<\/li>\n<\/ul>\n<p style=\"text-align: center;\"><strong>ES35 2100 8681 5602 0006 3802.<\/strong><\/p>\n<ul>\n<li>En este caso es muy importante que en el concepto pongan \u201c<strong>COMEDOR\u2013NOMBRE DE ALUMNO\/A<\/strong>\u201d y deber\u00e1n entregar \u00a0una copia del justificante de ingreso o transferencia al coordinador del comedor.<\/li>\n<\/ul>\n<ul>\n<li>Una vez iniciado el curso cualquier alumno podr\u00e1 darse de alta en el servicio siguiendo los tr\u00e1mites se\u00f1alados anteriormente, siempre que haya plazas disponibles en su correspondiente turno de comedor.<\/li>\n<\/ul>\n<p><span class=\"paginaTituloSeccion\">NORMAS PARA ALTAS Y BAJAS DURANTE EL A\u00d1O, UNA VEZ INICIADO EL CURSO ESCOLAR<\/span><\/p>\n<ul>\n<li><span style=\"font-weight: 400;\">Para darse de alta o de baja durante el curso, se deber\u00e1 rellenar el formulario online de solicitud de altas y bajas de comedor que encontrar\u00e1n en nuestra web, antes del 23 del mes anterior al que se quiere dar de baja (ej. Si se quiere dar de baja en mayo, se deber\u00e1 cumplimentar la hoja antes del 23 de abril)<\/span><\/li>\n<\/ul>\n<p>Existen unas normas de funcionamiento y de convivencia del servicio de comedor escolar que se pueden consultar\u00a0 en esta misma p\u00e1gina web. El alta en este servicio implica la aceptaci\u00f3n de dichas normas.<\/p>\n<p>Para cualquier aclaraci\u00f3n dirigirse al responsable comedor.<\/p>\n<p><a href=\"mailto:comedor.valencia.sjb@salesianos.edu\">comedor.valencia.sjb@salesianos.edu<\/a><\/p>\n<p>[\/et_pb_text][\/et_pb_column][et_pb_column type=\u00bb1_3&#8243; _builder_version=\u00bb4.16&#8243; custom_padding=\u00bb|||\u00bb global_colors_info=\u00bb{}\u00bb custom_padding__hover=\u00bb|||\u00bb][et_pb_gallery gallery_ids=\u00bb5329,5330&#8243; gallery_captions=\u00bb,\u00bb show_title_and_caption=\u00bboff\u00bb show_pagination=\u00bboff\u00bb _builder_version=\u00bb4.16&#8243; global_colors_info=\u00bb{}\u00bb][\/et_pb_gallery][\/et_pb_column][\/et_pb_row][et_pb_row column_structure=\u00bb3_4,1_4&#8243; module_class=\u00bbpagina-texto\u00bb _builder_version=\u00bb4.16&#8243; background_size=\u00bbinitial\u00bb background_position=\u00bbtop_left\u00bb background_repeat=\u00bbrepeat\u00bb custom_margin=\u00bb|||\u00bb custom_padding=\u00bb27px|0px|5px|0px\u00bb global_colors_info=\u00bb{}\u00bb][et_pb_column type=\u00bb3_4&#8243; _builder_version=\u00bb4.16&#8243; custom_padding=\u00bb|||\u00bb global_colors_info=\u00bb{}\u00bb custom_padding__hover=\u00bb|||\u00bb][et_pb_text _builder_version=\u00bb4.16&#8243; custom_margin=\u00bb|||\u00bb custom_padding=\u00bb25px|||\u00bb global_colors_info=\u00bb{}\u00bb]<\/p>\n<h1>Servicio de comedor escolar<\/h1>\n<p>[\/et_pb_text][et_pb_text _builder_version=\u00bb4.16&#8243; background_size=\u00bbinitial\u00bb background_position=\u00bbtop_left\u00bb background_repeat=\u00bbrepeat\u00bb global_colors_info=\u00bb{}\u00bb]<\/p>\n<div align=\"justify\">Para apoyar la acci\u00f3n docente que se realiza, desde el colegio os ofrecemos una serie de servicios para poder dar respuesta a otras necesidades.<\/div>\n<p>[\/et_pb_text][\/et_pb_column][et_pb_column type=\u00bb1_4&#8243; _builder_version=\u00bb4.16&#8243; custom_padding=\u00bb|||\u00bb global_colors_info=\u00bb{}\u00bb custom_padding__hover=\u00bb|||\u00bb][et_pb_number_counter title=\u00bbUSUARIOS\u00bb number=\u00bb813&#8243; percent_sign=\u00bboff\u00bb _builder_version=\u00bb4.20.2&#8243; global_colors_info=\u00bb{}\u00bb][\/et_pb_number_counter][\/et_pb_column][\/et_pb_row][et_pb_row column_structure=\u00bb2_3,1_3&#8243; _builder_version=\u00bb4.16&#8243; global_colors_info=\u00bb{}\u00bb][et_pb_column type=\u00bb2_3&#8243; _builder_version=\u00bb4.16&#8243; custom_padding=\u00bb|||\u00bb global_colors_info=\u00bb{}\u00bb custom_padding__hover=\u00bb|||\u00bb][et_pb_text _builder_version=\u00bb4.16&#8243; global_colors_info=\u00bb{}\u00bb]<\/p>\n<h2>Dec\u00e1logo de buen comportamiento<span style=\"color: #ff0000\"><br \/>\n<\/span><\/h2>\n<ol>\n<li>Somos PUNTUALES en acudir a filas y a la entrada al comedor.<\/li>\n<li>El men\u00fa incluye siempre ensalada y dos tipos de postre: fruta y l\u00e1cteos. Comemos de TODO, incluida la ENSALADA, la FRUTA y los L\u00c1CTEOS\u2026<\/li>\n<li>Se puede REPETIR del 1\u00ba y 2\u00ba plato, una vez terminado todo lo que nos han servido.<\/li>\n<li>Decimos siempre GRACIAS a quienes nos sirven, y POR FAVOR, al pedir algo.<\/li>\n<li>En la mesa se va a COMER, NO a GRITAR ni a JUGAR, ni a hablar con los de otras mesas.<\/li>\n<li>NO nos cambiamos de sitio ni de la mesa que nos han asignado.<\/li>\n<li>Comemos con educaci\u00f3n, utilizando los cubiertos y sin ensuciar la mesa.<\/li>\n<li>Cuidamos la higiene personal en el comedor: Nos lavamos las manos antes\u00a0de comer y cepillamos los dientes despu\u00e9s de comer.<\/li>\n<li>No tiramos comida al suelo, ni sacamos comida al patio.<\/li>\n<li>Al salir, devolvemos las bandejas (ya sin comida) y depositamos los cubiertos en su sitio.<\/li>\n<\/ol>\n<p>[\/et_pb_text][\/et_pb_column][et_pb_column type=\u00bb1_3&#8243; _builder_version=\u00bb4.16&#8243; custom_padding=\u00bb|||\u00bb global_colors_info=\u00bb{}\u00bb custom_padding__hover=\u00bb|||\u00bb][et_pb_gallery gallery_ids=\u00bb5309&#8243; show_title_and_caption=\u00bboff\u00bb show_pagination=\u00bboff\u00bb _builder_version=\u00bb4.16&#8243; global_colors_info=\u00bb{}\u00bb][\/et_pb_gallery][\/et_pb_column][\/et_pb_row][et_pb_row column_structure=\u00bb1_4,1_4,1_4,1_4&#8243; _builder_version=\u00bb4.16&#8243; background_color=\u00bbrgba(224,43,32,0.17)\u00bb global_colors_info=\u00bb{}\u00bb][et_pb_column type=\u00bb1_4&#8243; _builder_version=\u00bb4.16&#8243; custom_padding=\u00bb|||\u00bb global_colors_info=\u00bb{}\u00bb custom_padding__hover=\u00bb|||\u00bb][et_pb_blurb use_icon=\u00bbon\u00bb font_icon=\u00bb&#xe01f;||divi||400&#8243; icon_placement=\u00bbleft\u00bb admin_label=\u00bbMen\u00fa INFANTIL\u00bb _builder_version=\u00bb4.23.4&#8243; global_colors_info=\u00bb{}\u00bb]<\/p>\n<p><a href=\"https:\/\/valenciasjb.salesianos.edu\/colegio\/wp-content\/uploads\/sites\/2\/2024\/01\/SJB-INFANTIL-Y-PRIMARIA-2.pdf\" rel=\"attachment wp-att-20053\">\u00a0MEN\u00daY ENERO INFANTIL Y PRIMARIA<\/a><\/p>\n<p>[\/et_pb_blurb][\/et_pb_column][et_pb_column type=\u00bb1_4&#8243; _builder_version=\u00bb4.16&#8243; custom_padding=\u00bb|||\u00bb global_colors_info=\u00bb{}\u00bb custom_padding__hover=\u00bb|||\u00bb][\/et_pb_column][et_pb_column type=\u00bb1_4&#8243; _builder_version=\u00bb4.16&#8243; custom_padding=\u00bb|||\u00bb global_colors_info=\u00bb{}\u00bb custom_padding__hover=\u00bb|||\u00bb][et_pb_blurb use_icon=\u00bbon\u00bb font_icon=\u00bb&#xe01f;||divi||400&#8243; icon_placement=\u00bbleft\u00bb admin_label=\u00bbMen\u00fa  ESO\u00bb _builder_version=\u00bb4.23.4&#8243; global_colors_info=\u00bb{}\u00bb]<\/p>\n<p><a href=\"https:\/\/valenciasjb.salesianos.edu\/colegio\/wp-content\/uploads\/sites\/2\/2024\/01\/SJB-ESO-4.pdf\" rel=\"attachment wp-att-20054\">MEN\u00da ENERO ESO BACH<\/a><\/p>\n<p>[\/et_pb_blurb][\/et_pb_column][et_pb_column type=\u00bb1_4&#8243; _builder_version=\u00bb4.16&#8243; custom_padding=\u00bb|||\u00bb global_colors_info=\u00bb{}\u00bb custom_padding__hover=\u00bb|||\u00bb][\/et_pb_column][\/et_pb_row][\/et_pb_section]<\/p>\n<!-- AddThis Advanced Settings generic via filter on the_content --><!-- AddThis Share Buttons generic via filter on the_content -->","protected":false},"excerpt":{"rendered":"<p>Un servicio de calidad Ya sabes que el comedor escolar presta sus servicios desde el primer d\u00eda de curso. Por ello, es importante para nosotros que conozcas que nuestro comedor se caracteriza por: Comedor educativo, donde se contin\u00faa la formaci\u00f3n integral que recibes\u00a0en las aulas. Durante el servicio de comedor estar\u00e1s atendidos por educadores del\u00a0propio [&hellip;]<\/p>\n<p><!-- AddThis Advanced Settings generic via filter on get_the_excerpt --><!-- AddThis Share Buttons generic via filter on get_the_excerpt --><\/p>\n","protected":false},"author":2,"featured_media":0,"parent":4408,"menu_order":0,"comment_status":"closed","ping_status":"closed","template":"","meta":{"_et_pb_use_builder":"on","_et_pb_old_content":"","_et_gb_content_width":"","footnotes":""},"class_list":["post-20056","page","type-page","status-publish","hentry"],"yoast_head":"<!-- This site is optimized with the Yoast SEO plugin v27.2 - https:\/\/yoast.com\/product\/yoast-seo-wordpress\/ -->\n<title>Comedor - Colegio San Juan Bosco Valencia<\/title>\n<meta name=\"robots\" content=\"index, follow, max-snippet:-1, max-image-preview:large, max-video-preview:-1\" \/>\n<link rel=\"canonical\" href=\"https:\/\/valenciasjb.salesianos.edu\/colegio\/administracion\/comedor-2\/\" \/>\n<meta property=\"og:locale\" content=\"es_ES\" \/>\n<meta property=\"og:type\" content=\"article\" \/>\n<meta property=\"og:title\" content=\"Comedor - Colegio San Juan Bosco Valencia\" \/>\n<meta property=\"og:description\" content=\"Un servicio de calidad Ya sabes que el comedor escolar presta sus servicios desde el primer d\u00eda de curso. Por ello, es importante para nosotros que conozcas que nuestro comedor se caracteriza por: Comedor educativo, donde se contin\u00faa la formaci\u00f3n integral que recibes\u00a0en las aulas. Durante el servicio de comedor estar\u00e1s atendidos por educadores del\u00a0propio [&hellip;]\" \/>\n<meta property=\"og:url\" content=\"https:\/\/valenciasjb.salesianos.edu\/colegio\/administracion\/comedor-2\/\" \/>\n<meta property=\"og:site_name\" content=\"Colegio San Juan Bosco Valencia\" \/>\n<meta property=\"article:publisher\" content=\"https:\/\/www.facebook.com\/ColegioSalesianoSanJuanBoscoValencia\" \/>\n<meta property=\"article:modified_time\" content=\"2024-10-20T19:26:06+00:00\" \/>\n<meta name=\"twitter:card\" content=\"summary_large_image\" \/>\n<meta name=\"twitter:site\" content=\"@SalesianosVSJB\" \/>\n<meta name=\"twitter:label1\" content=\"Tiempo de lectura\" \/>\n\t<meta name=\"twitter:data1\" content=\"5 minutos\" \/>\n<script type=\"application\/ld+json\" class=\"yoast-schema-graph\">{\"@context\":\"https:\/\/schema.org\",\"@graph\":[{\"@type\":\"WebPage\",\"@id\":\"https:\/\/valenciasjb.salesianos.edu\/colegio\/administracion\/comedor-2\/\",\"url\":\"https:\/\/valenciasjb.salesianos.edu\/colegio\/administracion\/comedor-2\/\",\"name\":\"Comedor - Colegio San Juan Bosco Valencia\",\"isPartOf\":{\"@id\":\"https:\/\/valenciasjb.salesianos.edu\/colegio\/#website\"},\"datePublished\":\"2024-10-20T19:26:00+00:00\",\"dateModified\":\"2024-10-20T19:26:06+00:00\",\"breadcrumb\":{\"@id\":\"https:\/\/valenciasjb.salesianos.edu\/colegio\/administracion\/comedor-2\/#breadcrumb\"},\"inLanguage\":\"es\",\"potentialAction\":[{\"@type\":\"ReadAction\",\"target\":[\"https:\/\/valenciasjb.salesianos.edu\/colegio\/administracion\/comedor-2\/\"]}]},{\"@type\":\"BreadcrumbList\",\"@id\":\"https:\/\/valenciasjb.salesianos.edu\/colegio\/administracion\/comedor-2\/#breadcrumb\",\"itemListElement\":[{\"@type\":\"ListItem\",\"position\":1,\"name\":\"Portada\",\"item\":\"https:\/\/valenciasjb.salesianos.edu\/colegio\/\"},{\"@type\":\"ListItem\",\"position\":2,\"name\":\"Administraci\u00f3n\",\"item\":\"https:\/\/valenciasjb.salesianos.edu\/colegio\/administracion\/\"},{\"@type\":\"ListItem\",\"position\":3,\"name\":\"Comedor\"}]},{\"@type\":\"WebSite\",\"@id\":\"https:\/\/valenciasjb.salesianos.edu\/colegio\/#website\",\"url\":\"https:\/\/valenciasjb.salesianos.edu\/colegio\/\",\"name\":\"Colegio San Juan Bosco Valencia\",\"description\":\"P\u00e1gina oficial del Colegio Salesianos San Juan Bosco Valencia\",\"alternateName\":\"Salesianos.VSJB\",\"potentialAction\":[{\"@type\":\"SearchAction\",\"target\":{\"@type\":\"EntryPoint\",\"urlTemplate\":\"https:\/\/valenciasjb.salesianos.edu\/colegio\/?s={search_term_string}\"},\"query-input\":{\"@type\":\"PropertyValueSpecification\",\"valueRequired\":true,\"valueName\":\"search_term_string\"}}],\"inLanguage\":\"es\"}]}<\/script>\n<!-- \/ Yoast SEO plugin. -->","yoast_head_json":{"title":"Comedor - Colegio San Juan Bosco Valencia","robots":{"index":"index","follow":"follow","max-snippet":"max-snippet:-1","max-image-preview":"max-image-preview:large","max-video-preview":"max-video-preview:-1"},"canonical":"https:\/\/valenciasjb.salesianos.edu\/colegio\/administracion\/comedor-2\/","og_locale":"es_ES","og_type":"article","og_title":"Comedor - Colegio San Juan Bosco Valencia","og_description":"Un servicio de calidad Ya sabes que el comedor escolar presta sus servicios desde el primer d\u00eda de curso. Por ello, es importante para nosotros que conozcas que nuestro comedor se caracteriza por: Comedor educativo, donde se contin\u00faa la formaci\u00f3n integral que recibes\u00a0en las aulas. Durante el servicio de comedor estar\u00e1s atendidos por educadores del\u00a0propio [&hellip;]","og_url":"https:\/\/valenciasjb.salesianos.edu\/colegio\/administracion\/comedor-2\/","og_site_name":"Colegio San Juan Bosco Valencia","article_publisher":"https:\/\/www.facebook.com\/ColegioSalesianoSanJuanBoscoValencia","article_modified_time":"2024-10-20T19:26:06+00:00","twitter_card":"summary_large_image","twitter_site":"@SalesianosVSJB","twitter_misc":{"Tiempo de lectura":"5 minutos"},"schema":{"@context":"https:\/\/schema.org","@graph":[{"@type":"WebPage","@id":"https:\/\/valenciasjb.salesianos.edu\/colegio\/administracion\/comedor-2\/","url":"https:\/\/valenciasjb.salesianos.edu\/colegio\/administracion\/comedor-2\/","name":"Comedor - Colegio San Juan Bosco Valencia","isPartOf":{"@id":"https:\/\/valenciasjb.salesianos.edu\/colegio\/#website"},"datePublished":"2024-10-20T19:26:00+00:00","dateModified":"2024-10-20T19:26:06+00:00","breadcrumb":{"@id":"https:\/\/valenciasjb.salesianos.edu\/colegio\/administracion\/comedor-2\/#breadcrumb"},"inLanguage":"es","potentialAction":[{"@type":"ReadAction","target":["https:\/\/valenciasjb.salesianos.edu\/colegio\/administracion\/comedor-2\/"]}]},{"@type":"BreadcrumbList","@id":"https:\/\/valenciasjb.salesianos.edu\/colegio\/administracion\/comedor-2\/#breadcrumb","itemListElement":[{"@type":"ListItem","position":1,"name":"Portada","item":"https:\/\/valenciasjb.salesianos.edu\/colegio\/"},{"@type":"ListItem","position":2,"name":"Administraci\u00f3n","item":"https:\/\/valenciasjb.salesianos.edu\/colegio\/administracion\/"},{"@type":"ListItem","position":3,"name":"Comedor"}]},{"@type":"WebSite","@id":"https:\/\/valenciasjb.salesianos.edu\/colegio\/#website","url":"https:\/\/valenciasjb.salesianos.edu\/colegio\/","name":"Colegio San Juan Bosco Valencia","description":"P\u00e1gina oficial del Colegio Salesianos San Juan Bosco Valencia","alternateName":"Salesianos.VSJB","potentialAction":[{"@type":"SearchAction","target":{"@type":"EntryPoint","urlTemplate":"https:\/\/valenciasjb.salesianos.edu\/colegio\/?s={search_term_string}"},"query-input":{"@type":"PropertyValueSpecification","valueRequired":true,"valueName":"search_term_string"}}],"inLanguage":"es"}]}},"_links":{"self":[{"href":"https:\/\/valenciasjb.salesianos.edu\/colegio\/wp-json\/wp\/v2\/pages\/20056","targetHints":{"allow":["GET"]}}],"collection":[{"href":"https:\/\/valenciasjb.salesianos.edu\/colegio\/wp-json\/wp\/v2\/pages"}],"about":[{"href":"https:\/\/valenciasjb.salesianos.edu\/colegio\/wp-json\/wp\/v2\/types\/page"}],"author":[{"embeddable":true,"href":"https:\/\/valenciasjb.salesianos.edu\/colegio\/wp-json\/wp\/v2\/users\/2"}],"replies":[{"embeddable":true,"href":"https:\/\/valenciasjb.salesianos.edu\/colegio\/wp-json\/wp\/v2\/comments?post=20056"}],"version-history":[{"count":1,"href":"https:\/\/valenciasjb.salesianos.edu\/colegio\/wp-json\/wp\/v2\/pages\/20056\/revisions"}],"predecessor-version":[{"id":22359,"href":"https:\/\/valenciasjb.salesianos.edu\/colegio\/wp-json\/wp\/v2\/pages\/20056\/revisions\/22359"}],"up":[{"embeddable":true,"href":"https:\/\/valenciasjb.salesianos.edu\/colegio\/wp-json\/wp\/v2\/pages\/4408"}],"wp:attachment":[{"href":"https:\/\/valenciasjb.salesianos.edu\/colegio\/wp-json\/wp\/v2\/media?parent=20056"}],"curies":[{"name":"wp","href":"https:\/\/api.w.org\/{rel}","templated":true}]}}