{"id":20321,"date":"2024-02-20T16:27:27","date_gmt":"2024-02-20T15:27:27","guid":{"rendered":"https:\/\/valenciasjb.salesianos.edu\/colegio\/?page_id=20321"},"modified":"2024-02-20T16:29:40","modified_gmt":"2024-02-20T15:29:40","slug":"honrados_ciudadanos","status":"publish","type":"page","link":"https:\/\/valenciasjb.salesianos.edu\/colegio\/honrados_ciudadanos\/","title":{"rendered":"honrados ciudadanos"},"content":{"rendered":"<div id=\"fb-root\"><\/div>\n<p>[et_pb_section fb_built=\u00bb1&#8243; fullwidth=\u00bbon\u00bb disabled_on=\u00bboff|off|off\u00bb admin_label=\u00bbEncabezado\u00bb _builder_version=\u00bb4.24.0&#8243; _module_preset=\u00bbdefault\u00bb background_enable_color=\u00bboff\u00bb use_background_color_gradient=\u00bbon\u00bb background_color_gradient_stops=\u00bbrgba(255,255,255,0.5) 0%|#ffffff 100%\u00bb background_color_gradient_overlays_image=\u00bbon\u00bb background_image=\u00bbhttps:\/\/valenciasjb.salesianos.edu\/colegio\/wp-content\/uploads\/sites\/2\/2023\/10\/Fondo-Salesianos-gris-logo.jpg\u00bb width=\u00bb100%\u00bb max_width=\u00bb100%\u00bb overflow-x=\u00bbhidden\u00bb custom_margin=\u00bb||||false|false\u00bb custom_padding=\u00bb||40px||false|false\u00bb locked=\u00bboff\u00bb global_colors_info=\u00bb{}\u00bb][et_pb_fullwidth_header title=\u00bbHONRADOS CIUDADANOS Y BUENOS CRISTIANOS\u00bb text_orientation=\u00bbcenter\u00bb admin_label=\u00bbEncabezado\u00bb _builder_version=\u00bb4.24.0&#8243; _module_preset=\u00bbdefault\u00bb title_font=\u00bbLato|900|||||||\u00bb title_text_color=\u00bb#DC001B\u00bb title_font_size=\u00bb46px\u00bb content_font=\u00bb||||||||\u00bb content_text_color=\u00bb#51626F\u00bb content_font_size=\u00bb16px\u00bb subhead_font=\u00bbLato|300|on||||||\u00bb subhead_text_color=\u00bb#51626F\u00bb subhead_font_size=\u00bb30px\u00bb background_enable_color=\u00bboff\u00bb custom_button_one=\u00bbon\u00bb button_one_text_size=\u00bb15px\u00bb button_one_text_color=\u00bb#ffffff\u00bb button_one_bg_color=\u00bb#dc001b\u00bb button_one_border_width=\u00bb5px\u00bb button_one_border_color=\u00bb#dc001b\u00bb button_one_border_radius=\u00bb100px\u00bb button_one_letter_spacing=\u00bb0px\u00bb button_one_font=\u00bbLato|700||on|||||\u00bb button_one_use_icon=\u00bboff\u00bb button_one_custom_padding=\u00bb|18px||18px|false|true\u00bb custom_button_two=\u00bbon\u00bb button_two_text_size=\u00bb15px\u00bb button_two_text_color=\u00bb#ffffff\u00bb button_two_bg_color=\u00bb#dc001b\u00bb button_two_border_width=\u00bb5px\u00bb button_two_border_color=\u00bb#dc001b\u00bb button_two_border_radius=\u00bb100px\u00bb button_two_letter_spacing=\u00bb0px\u00bb button_two_font=\u00bbLato|700||on|||||\u00bb button_two_use_icon=\u00bboff\u00bb button_two_custom_padding=\u00bb|18px||18px|false|true\u00bb custom_margin=\u00bb|-100px||-100px|false|false\u00bb custom_padding=\u00bb60px|10px|0px|10px|false|false\u00bb title_font_size_tablet=\u00bb60px\u00bb title_font_size_phone=\u00bb40px\u00bb title_font_size_last_edited=\u00bbon|phone\u00bb box_shadow_style_button_one=\u00bbpreset3&#8243; box_shadow_style_button_two=\u00bbpreset3&#8243; global_colors_info=\u00bb{}\u00bb button_one_custom_padding__hover_enabled=\u00bbon|hover\u00bb button_one_custom_padding__hover=\u00bb|26px||26px|false|true\u00bb button_two_custom_padding__hover_enabled=\u00bbon|desktop\u00bb button_two_custom_padding__hover=\u00bb|26px||26px|false|true\u00bb][\/et_pb_fullwidth_header][\/et_pb_section][et_pb_section fb_built=\u00bb1&#8243; specialty=\u00bbon\u00bb _builder_version=\u00bb4.24.0&#8243; _module_preset=\u00bbdefault\u00bb top_divider_color=\u00bb#29abf2&#8243; top_divider_height=\u00bb41px\u00bb top_divider_repeat=\u00bb1x\u00bb global_colors_info=\u00bb{}\u00bb][et_pb_column type=\u00bb3_4&#8243; specialty_columns=\u00bb3&#8243; _builder_version=\u00bb4.16&#8243; custom_padding=\u00bb|||\u00bb global_colors_info=\u00bb{}\u00bb custom_padding__hover=\u00bb|||\u00bb][et_pb_row_inner _builder_version=\u00bb4.24.0&#8243; _module_preset=\u00bbdefault\u00bb global_colors_info=\u00bb{}\u00bb][et_pb_column_inner saved_specialty_column_type=\u00bb3_4&#8243; _builder_version=\u00bb4.24.0&#8243; _module_preset=\u00bbdefault\u00bb global_colors_info=\u00bb{}\u00bb][et_pb_text _builder_version=\u00bb4.24.0&#8243; _module_preset=\u00bbdefault\u00bb global_colors_info=\u00bb{}\u00bb]<\/p>\n<h1>Honrados ciudadanos y buenos cristianos<\/h1>\n<p>[\/et_pb_text][et_pb_text _builder_version=\u00bb4.24.0&#8243; _module_preset=\u00bbdefault\u00bb hover_enabled=\u00bb0&#8243; global_colors_info=\u00bb{}\u00bb sticky_enabled=\u00bb0&#8243;]<\/p>\n<div class=\"itemIntroText\">\n<h4>Formar honrados ciudadanos y buenos cristianos en las actuales condiciones, en los nuevos contextos sociales y cultures sin duda es una tarea compleja ya que es fruto de una delicada relaci\u00f3n pedag\u00f3gica donde el joven es protagonista de este proceso. Un testimonio de la vida de don Bosco nos podr\u00eda iluminar.<\/h4>\n<\/div>\n<div class=\"itemFullText\">\n<p><em>Un domingo, Carlos Buzzetti, uno de los primeros muchachos de Don Bosco, lleg\u00f3 al Oratorio acompa\u00f1ado de su hermano m\u00e1s peque\u00f1o. Se llamaba Jos\u00e9 y acaba de llegar de Caronno Varesino, su peque\u00f1o pueblo. Era un muchachito p\u00e1lido, estaba muy asustado.<\/em><\/p>\n<p><em>&#8211; Don Bosco, este es mi hermano Jos\u00e9. Solo tiene diez a\u00f1os.<\/em><\/p>\n<p><em>&#8211; Soy amigo de tu hermano, y lo ser\u00e9 tambi\u00e9n tuyo -le dice sonriendo Don Bosco-. \u00bfD\u00f3nde trabajar\u00e1s?<\/em><\/p>\n<p><em>&#8211; Con Carlos. Pero tengo miedo del patr\u00f3n, dice el peque\u00f1o.<\/em><\/p>\n<p><em>Jos\u00e9 se encari\u00f1\u00f3 tanto con Don Bosco. Siempre estaba cerca de \u00e9l. Aquella primera tarde, antes de dejar el Oratorio, le dice:<\/em><\/p>\n<p><em>&#8211; Don Bosco, no me deje solo. Vaya a verme.<\/em><\/p>\n<p><em>Don Bosco va a aquella obra al d\u00eda siguiente. El jefe de obras le pregunta: \u00bfQu\u00e9 quiere?<\/em><\/p>\n<p><em>&#8211; Estoy encargado de los ni\u00f1os de la familia Buzzetti, para cuidar a sus hijos los domingos y durante la semana. Jos\u00e9, el m\u00e1s peque\u00f1o, ha llegado apenas ayer. \u00bfD\u00f3nde est\u00e1n?<\/em><\/p>\n<p><em>Carlos y Jos\u00e9 han o\u00eddo la voz de Don Bosco y le llaman:<\/em><\/p>\n<p><em>&#8211; \u00a1Estamos aqu\u00ed!<\/em><\/p>\n<p><em>Don Bosco trepa por los andamios. Y para aquellos muchachitos, el ver a Don Bosco y poder hablar con \u00c9l en su lugar de trabajo, les resulta un momento de fiesta.<\/em><\/p>\n<p><em>Jos\u00e9 se lamenta:<\/em><\/p>\n<p><em>&#8211; El bote de cal es demasiado pesado para m\u00ed, y el d\u00eda es largo.<\/em><\/p>\n<p><em>&#8211; Ven conmigo. Vamos a hablar con el patr\u00f3n.<\/em><\/p>\n<p><em>Don Bosco explica a aquel hombre duro, pero no malo, que \u00e9l est\u00e1 dispuesto a garantizar la buena conducta y el empe\u00f1o de aquellos muchachos. Pero el jefe debe medir la fatiga seg\u00fan la edad de los mismos:<\/em><\/p>\n<p><em>&#8211; \u00a1Este es todav\u00eda un ni\u00f1o! \u00bfC\u00f3mo se le puede cargar con un cubo de cal en sus hombros?<\/em><\/p>\n<p>Don Bosco comienza as\u00ed, con gestos concretos, a salvar a los j\u00f3venes que visita en sus trabajos. Alguno le manifiesta la necesidad de aprender a leer y escribir, a hacer las cuatro operaciones fundamentales. Y as\u00ed encuentra las horas o las personas adecuadas para darles clase.<\/p>\n<p>Formar buenos Cristianos y honestos ciudadanos es el resultado de relaciones profundas y creativas donde el joven est\u00e1 al centro de la relaci\u00f3n, como dice el educador Paulo Freire: \u201cLos j\u00f3venes se educan con el di\u00e1logo, la empat\u00eda y la curiosidad aut\u00e9ntica\u00bb es una intuici\u00f3n muy cercana al estilo de nuestro fundador\u201d<\/p>\n<\/div>\n<p>[\/et_pb_text][\/et_pb_column_inner][\/et_pb_row_inner][\/et_pb_column][et_pb_column type=\u00bb1_4&#8243; _builder_version=\u00bb4.16&#8243; custom_padding=\u00bb|||\u00bb global_colors_info=\u00bb{}\u00bb custom_padding__hover=\u00bb|||\u00bb][et_pb_image src=\u00bbhttps:\/\/valenciasjb.salesianos.edu\/colegio\/wp-content\/uploads\/sites\/2\/2024\/02\/20240201_101436.jpg\u00bb title_text=\u00bb20240201_101436&#8243; _builder_version=\u00bb4.24.0&#8243; _module_preset=\u00bbdefault\u00bb global_colors_info=\u00bb{}\u00bb][\/et_pb_image][\/et_pb_column][\/et_pb_section]<\/p>\n<!-- AddThis Advanced Settings generic via filter on the_content --><!-- AddThis Share Buttons generic via filter on the_content -->","protected":false},"excerpt":{"rendered":"<p>Honrados ciudadanos y buenos cristianos Formar honrados ciudadanos y buenos cristianos en las actuales condiciones, en los nuevos contextos sociales y cultures sin duda es una tarea compleja ya que es fruto de una delicada relaci\u00f3n pedag\u00f3gica donde el joven es protagonista de este proceso. Un testimonio de la vida de don Bosco nos podr\u00eda [&hellip;]<\/p>\n<p><!-- AddThis Advanced Settings generic via filter on get_the_excerpt --><!-- AddThis Share Buttons generic via filter on get_the_excerpt --><\/p>\n","protected":false},"author":2,"featured_media":0,"parent":0,"menu_order":0,"comment_status":"closed","ping_status":"closed","template":"","meta":{"_et_pb_use_builder":"on","_et_pb_old_content":"","_et_gb_content_width":"","footnotes":""},"class_list":["post-20321","page","type-page","status-publish","hentry"],"yoast_head":"<!-- This site is optimized with the Yoast SEO plugin v27.3 - https:\/\/yoast.com\/product\/yoast-seo-wordpress\/ -->\n<title>honrados ciudadanos - Colegio San Juan Bosco Valencia<\/title>\n<meta name=\"robots\" content=\"index, follow, max-snippet:-1, max-image-preview:large, max-video-preview:-1\" \/>\n<link rel=\"canonical\" href=\"https:\/\/valenciasjb.salesianos.edu\/colegio\/honrados_ciudadanos\/\" \/>\n<meta property=\"og:locale\" content=\"es_ES\" \/>\n<meta property=\"og:type\" content=\"article\" \/>\n<meta property=\"og:title\" content=\"honrados ciudadanos - Colegio San Juan Bosco Valencia\" \/>\n<meta property=\"og:description\" content=\"Honrados ciudadanos y buenos cristianos Formar honrados ciudadanos y buenos cristianos en las actuales condiciones, en los nuevos contextos sociales y cultures sin duda es una tarea compleja ya que es fruto de una delicada relaci\u00f3n pedag\u00f3gica donde el joven es protagonista de este proceso. Un testimonio de la vida de don Bosco nos podr\u00eda [&hellip;]\" \/>\n<meta property=\"og:url\" content=\"https:\/\/valenciasjb.salesianos.edu\/colegio\/honrados_ciudadanos\/\" \/>\n<meta property=\"og:site_name\" content=\"Colegio San Juan Bosco Valencia\" \/>\n<meta property=\"article:publisher\" content=\"https:\/\/www.facebook.com\/ColegioSalesianoSanJuanBoscoValencia\" \/>\n<meta property=\"article:modified_time\" content=\"2024-02-20T15:29:40+00:00\" \/>\n<meta name=\"twitter:card\" content=\"summary_large_image\" \/>\n<meta name=\"twitter:site\" content=\"@SalesianosVSJB\" \/>\n<meta name=\"twitter:label1\" content=\"Tiempo de lectura\" \/>\n\t<meta name=\"twitter:data1\" content=\"3 minutos\" \/>\n<script type=\"application\/ld+json\" class=\"yoast-schema-graph\">{\"@context\":\"https:\\\/\\\/schema.org\",\"@graph\":[{\"@type\":\"WebPage\",\"@id\":\"https:\\\/\\\/valenciasjb.salesianos.edu\\\/colegio\\\/honrados_ciudadanos\\\/\",\"url\":\"https:\\\/\\\/valenciasjb.salesianos.edu\\\/colegio\\\/honrados_ciudadanos\\\/\",\"name\":\"honrados ciudadanos - Colegio San Juan Bosco Valencia\",\"isPartOf\":{\"@id\":\"https:\\\/\\\/valenciasjb.salesianos.edu\\\/colegio\\\/#website\"},\"datePublished\":\"2024-02-20T15:27:27+00:00\",\"dateModified\":\"2024-02-20T15:29:40+00:00\",\"breadcrumb\":{\"@id\":\"https:\\\/\\\/valenciasjb.salesianos.edu\\\/colegio\\\/honrados_ciudadanos\\\/#breadcrumb\"},\"inLanguage\":\"es\",\"potentialAction\":[{\"@type\":\"ReadAction\",\"target\":[\"https:\\\/\\\/valenciasjb.salesianos.edu\\\/colegio\\\/honrados_ciudadanos\\\/\"]}]},{\"@type\":\"BreadcrumbList\",\"@id\":\"https:\\\/\\\/valenciasjb.salesianos.edu\\\/colegio\\\/honrados_ciudadanos\\\/#breadcrumb\",\"itemListElement\":[{\"@type\":\"ListItem\",\"position\":1,\"name\":\"Portada\",\"item\":\"https:\\\/\\\/valenciasjb.salesianos.edu\\\/colegio\\\/\"},{\"@type\":\"ListItem\",\"position\":2,\"name\":\"honrados ciudadanos\"}]},{\"@type\":\"WebSite\",\"@id\":\"https:\\\/\\\/valenciasjb.salesianos.edu\\\/colegio\\\/#website\",\"url\":\"https:\\\/\\\/valenciasjb.salesianos.edu\\\/colegio\\\/\",\"name\":\"Colegio San Juan Bosco Valencia\",\"description\":\"P\u00e1gina oficial del Colegio Salesianos San Juan Bosco Valencia\",\"alternateName\":\"Salesianos.VSJB\",\"potentialAction\":[{\"@type\":\"SearchAction\",\"target\":{\"@type\":\"EntryPoint\",\"urlTemplate\":\"https:\\\/\\\/valenciasjb.salesianos.edu\\\/colegio\\\/?s={search_term_string}\"},\"query-input\":{\"@type\":\"PropertyValueSpecification\",\"valueRequired\":true,\"valueName\":\"search_term_string\"}}],\"inLanguage\":\"es\"}]}<\/script>\n<!-- \/ Yoast SEO plugin. -->","yoast_head_json":{"title":"honrados ciudadanos - Colegio San Juan Bosco Valencia","robots":{"index":"index","follow":"follow","max-snippet":"max-snippet:-1","max-image-preview":"max-image-preview:large","max-video-preview":"max-video-preview:-1"},"canonical":"https:\/\/valenciasjb.salesianos.edu\/colegio\/honrados_ciudadanos\/","og_locale":"es_ES","og_type":"article","og_title":"honrados ciudadanos - Colegio San Juan Bosco Valencia","og_description":"Honrados ciudadanos y buenos cristianos Formar honrados ciudadanos y buenos cristianos en las actuales condiciones, en los nuevos contextos sociales y cultures sin duda es una tarea compleja ya que es fruto de una delicada relaci\u00f3n pedag\u00f3gica donde el joven es protagonista de este proceso. Un testimonio de la vida de don Bosco nos podr\u00eda [&hellip;]","og_url":"https:\/\/valenciasjb.salesianos.edu\/colegio\/honrados_ciudadanos\/","og_site_name":"Colegio San Juan Bosco Valencia","article_publisher":"https:\/\/www.facebook.com\/ColegioSalesianoSanJuanBoscoValencia","article_modified_time":"2024-02-20T15:29:40+00:00","twitter_card":"summary_large_image","twitter_site":"@SalesianosVSJB","twitter_misc":{"Tiempo de lectura":"3 minutos"},"schema":{"@context":"https:\/\/schema.org","@graph":[{"@type":"WebPage","@id":"https:\/\/valenciasjb.salesianos.edu\/colegio\/honrados_ciudadanos\/","url":"https:\/\/valenciasjb.salesianos.edu\/colegio\/honrados_ciudadanos\/","name":"honrados ciudadanos - Colegio San Juan Bosco Valencia","isPartOf":{"@id":"https:\/\/valenciasjb.salesianos.edu\/colegio\/#website"},"datePublished":"2024-02-20T15:27:27+00:00","dateModified":"2024-02-20T15:29:40+00:00","breadcrumb":{"@id":"https:\/\/valenciasjb.salesianos.edu\/colegio\/honrados_ciudadanos\/#breadcrumb"},"inLanguage":"es","potentialAction":[{"@type":"ReadAction","target":["https:\/\/valenciasjb.salesianos.edu\/colegio\/honrados_ciudadanos\/"]}]},{"@type":"BreadcrumbList","@id":"https:\/\/valenciasjb.salesianos.edu\/colegio\/honrados_ciudadanos\/#breadcrumb","itemListElement":[{"@type":"ListItem","position":1,"name":"Portada","item":"https:\/\/valenciasjb.salesianos.edu\/colegio\/"},{"@type":"ListItem","position":2,"name":"honrados ciudadanos"}]},{"@type":"WebSite","@id":"https:\/\/valenciasjb.salesianos.edu\/colegio\/#website","url":"https:\/\/valenciasjb.salesianos.edu\/colegio\/","name":"Colegio San Juan Bosco Valencia","description":"P\u00e1gina oficial del Colegio Salesianos San Juan Bosco Valencia","alternateName":"Salesianos.VSJB","potentialAction":[{"@type":"SearchAction","target":{"@type":"EntryPoint","urlTemplate":"https:\/\/valenciasjb.salesianos.edu\/colegio\/?s={search_term_string}"},"query-input":{"@type":"PropertyValueSpecification","valueRequired":true,"valueName":"search_term_string"}}],"inLanguage":"es"}]}},"_links":{"self":[{"href":"https:\/\/valenciasjb.salesianos.edu\/colegio\/wp-json\/wp\/v2\/pages\/20321","targetHints":{"allow":["GET"]}}],"collection":[{"href":"https:\/\/valenciasjb.salesianos.edu\/colegio\/wp-json\/wp\/v2\/pages"}],"about":[{"href":"https:\/\/valenciasjb.salesianos.edu\/colegio\/wp-json\/wp\/v2\/types\/page"}],"author":[{"embeddable":true,"href":"https:\/\/valenciasjb.salesianos.edu\/colegio\/wp-json\/wp\/v2\/users\/2"}],"replies":[{"embeddable":true,"href":"https:\/\/valenciasjb.salesianos.edu\/colegio\/wp-json\/wp\/v2\/comments?post=20321"}],"version-history":[{"count":6,"href":"https:\/\/valenciasjb.salesianos.edu\/colegio\/wp-json\/wp\/v2\/pages\/20321\/revisions"}],"predecessor-version":[{"id":20328,"href":"https:\/\/valenciasjb.salesianos.edu\/colegio\/wp-json\/wp\/v2\/pages\/20321\/revisions\/20328"}],"wp:attachment":[{"href":"https:\/\/valenciasjb.salesianos.edu\/colegio\/wp-json\/wp\/v2\/media?parent=20321"}],"curies":[{"name":"wp","href":"https:\/\/api.w.org\/{rel}","templated":true}]}}