{"id":24081,"date":"2025-11-20T08:38:24","date_gmt":"2025-11-20T07:38:24","guid":{"rendered":"https:\/\/valenciasjb.salesianos.edu\/colegio\/?page_id=24081"},"modified":"2025-11-20T08:41:22","modified_gmt":"2025-11-20T07:41:22","slug":"readingrocks","status":"publish","type":"page","link":"https:\/\/valenciasjb.salesianos.edu\/colegio\/secundaria\/readingrocks\/","title":{"rendered":"readingrocks"},"content":{"rendered":"<div id=\"fb-root\"><\/div>\n<p>[et_pb_section fb_built=\u00bb1&#8243; fullwidth=\u00bbon\u00bb admin_label=\u00bbSecci\u00f3n\u00bb _builder_version=\u00bb4.16&#8243; global_colors_info=\u00bb{}\u00bb][et_pb_fullwidth_header title=\u00bbreading rocks\u00bb content_max_width=\u00bbnone\u00bb title_font_color=\u00bb#ffffff\u00bb admin_label=\u00bbT\u00edtulo de anchura completa\u00bb module_class=\u00bbpagina-imagen-cabecera\u00bb _builder_version=\u00bb4.16&#8243; title_text_color=\u00bb#ffffff\u00bb title_font_size=\u00bb40px\u00bb background_color=\u00bbrgba(255, 255, 255, 0)\u00bb background_image=\u00bbhttps:\/\/valenciasjb.salesianos.edu\/colegio\/wp-content\/uploads\/sites\/2\/2017\/03\/nuevo-edificio.jpg\u00bb background_layout=\u00bblight\u00bb background_url=\u00bbhttps:\/\/valenciasjb.salesianos.edu\/colegio\/wp-content\/uploads\/sites\/2\/2017\/03\/nuevo-edificio.jpg\u00bb button_one_letter_spacing_hover=\u00bb0&#8243; button_two_letter_spacing_hover=\u00bb0&#8243; global_colors_info=\u00bb{}\u00bb button_one_text_size__hover_enabled=\u00bboff\u00bb button_two_text_size__hover_enabled=\u00bboff\u00bb button_one_text_color__hover_enabled=\u00bboff\u00bb button_two_text_color__hover_enabled=\u00bboff\u00bb button_one_border_width__hover_enabled=\u00bboff\u00bb button_two_border_width__hover_enabled=\u00bboff\u00bb button_one_border_color__hover_enabled=\u00bboff\u00bb button_two_border_color__hover_enabled=\u00bboff\u00bb button_one_border_radius__hover_enabled=\u00bboff\u00bb button_two_border_radius__hover_enabled=\u00bboff\u00bb button_one_letter_spacing__hover_enabled=\u00bbon\u00bb button_one_letter_spacing__hover=\u00bb0&#8243; button_two_letter_spacing__hover_enabled=\u00bbon\u00bb button_two_letter_spacing__hover=\u00bb0&#8243; button_one_bg_color__hover_enabled=\u00bboff\u00bb button_two_bg_color__hover_enabled=\u00bboff\u00bb] [\/et_pb_fullwidth_header][\/et_pb_section][et_pb_section fb_built=\u00bb1&#8243; admin_label=\u00bbSecci\u00f3n\u00bb module_class=\u00bbpagina-seccion-contenido\u00bb _builder_version=\u00bb4.16&#8243; custom_padding=\u00bb-4%|||\u00bb transparent_background=\u00bboff\u00bb make_fullwidth=\u00bboff\u00bb use_custom_width=\u00bboff\u00bb width_unit=\u00bbon\u00bb global_colors_info=\u00bb{}\u00bb][et_pb_row column_structure=\u00bb3_4,1_4&#8243; admin_label=\u00bbFila\u00bb module_class=\u00bbpagina-texto\u00bb _builder_version=\u00bb4.16&#8243; background_size=\u00bbinitial\u00bb background_position=\u00bbtop_left\u00bb background_repeat=\u00bbrepeat\u00bb make_fullwidth=\u00bboff\u00bb use_custom_width=\u00bboff\u00bb width_unit=\u00bbon\u00bb global_colors_info=\u00bb{}\u00bb][et_pb_column type=\u00bb3_4&#8243; _builder_version=\u00bb4.16&#8243; custom_padding=\u00bb|||\u00bb global_colors_info=\u00bb{}\u00bb custom_padding__hover=\u00bb|||\u00bb][et_pb_text admin_label=\u00bbTexto\u00bb _builder_version=\u00bb4.27.4&#8243; background_size=\u00bbinitial\u00bb background_position=\u00bbtop_left\u00bb background_repeat=\u00bbrepeat\u00bb use_border_color=\u00bboff\u00bb border_color=\u00bb#ffffff\u00bb border_style=\u00bbsolid\u00bb global_colors_info=\u00bb{}\u00bb]<\/p>\n<h2>READING ROCKS<\/h2>\n<p><span style=\"font-weight: 400;\">El proyecto \u00abReading Rocks! (My Reading Portfolio)\u00bb tiene como objetivo principal el desarrollo integral de la <\/span><b>competencia ling\u00fc\u00edstica<\/b><span style=\"font-weight: 400;\"> y la <\/span><b>comprensi\u00f3n lectora<\/b><span style=\"font-weight: 400;\"> en lengua extranjera (ingl\u00e9s) para el alumnado\u00a0 de toda la ESO.<\/span><\/p>\n<p>&nbsp;<\/p>\n<p>[\/et_pb_text][et_pb_accordion _builder_version=\u00bb4.27.4&#8243; _module_preset=\u00bbdefault\u00bb global_colors_info=\u00bb{}\u00bb][et_pb_accordion_item title=\u00bb1. Objetivo principal y justificaci\u00f3n\u00bb open=\u00bbon\u00bb _builder_version=\u00bb4.27.4&#8243; _module_preset=\u00bbdefault\u00bb global_colors_info=\u00bb{}\u00bb]<\/p>\n<p><span style=\"font-weight: 400;\">El proyecto \u00abReading Rocks! (My Reading Portfolio)\u00bb tiene como objetivo principal el desarrollo integral de la <\/span><b>competencia ling\u00fc\u00edstica<\/b><span style=\"font-weight: 400;\"> y la <\/span><b>comprensi\u00f3n lectora<\/b><span style=\"font-weight: 400;\"> en lengua extranjera (ingl\u00e9s) para el alumnado\u00a0 de toda la ESO. Se busca fomentar el h\u00e1bito lector, potenciar la <\/span><b>autonom\u00eda<\/b><span style=\"font-weight: 400;\"> en la elecci\u00f3n de lecturas y estimular el <\/span><b>pensamiento cr\u00edtico<\/b><span style=\"font-weight: 400;\"> y la <\/span><b>creatividad<\/b><span style=\"font-weight: 400;\"> a trav\u00e9s de la elaboraci\u00f3n de un portafolio individualizado. Es<\/span><b> inclusiva<\/b><span style=\"font-weight: 400;\"> y permite que cada alumno\/a lleve su propio ritmo de aprendizaje y fomenta la creatividad a trav\u00e9s de la elaboraci\u00f3n de un portfolio.<\/span><\/p>\n<p><span style=\"font-weight: 400;\">Se trata de un proyecto <\/span><b>sostenible<\/b><span style=\"font-weight: 400;\"> en el tiempo ya que se utilizan los libros disponibles en el centro, se fomenta el uso de la <\/span><b>biblioteca escolar<\/b><span style=\"font-weight: 400;\"> y es <\/span><b>exportable<\/b><span style=\"font-weight: 400;\"> a otras asignaturas ling\u00fc\u00edsticas.<\/span><\/p>\n<p>[\/et_pb_accordion_item][et_pb_accordion_item title=\u00bb2. Car\u00e1cter inclusivo y pluriling\u00fce\u00bb _builder_version=\u00bb4.27.4&#8243; _module_preset=\u00bbdefault\u00bb global_colors_info=\u00bb{}\u00bb open=\u00bboff\u00bb]<\/p>\n<p><span style=\"font-weight: 400;\">Este proyecto se fundamenta en un principio de <\/span><b>inclusi\u00f3n<\/b><span style=\"font-weight: 400;\"> y respeto al ritmo individual, ya que facilita la <\/span><b>autonom\u00eda en la lecturas de obras seg\u00fan el nivel de competencia de cada alumno y en la posibilidad de elecci\u00f3n de lecturas seg\u00fan sus propios intereses<\/b><span style=\"font-weight: 400;\">. Se habilita una biblioteca de aula con libros en ingl\u00e9s de <\/span><b>diferentes niveles de dificultad<\/b><span style=\"font-weight: 400;\">.<\/span><\/p>\n<p><span style=\"font-weight: 400;\">Adem\u00e1s, se promueve el <\/span><b>pluriling\u00fcismo<\/b><span style=\"font-weight: 400;\"> al incluir el apartado <\/span><i><span style=\"font-weight: 400;\">My reading wish list (any language)<\/span><\/i><span style=\"font-weight: 400;\">\u00a0 dentro del portafolio, incentivando la lectura m\u00e1s all\u00e1 de la lengua vehicular del proyecto.<\/span><\/p>\n<p>[\/et_pb_accordion_item][et_pb_accordion_item title=\u00bb3. Metodolog\u00eda y rol del alumnado\/profesorado\u00bb _builder_version=\u00bb4.27.4&#8243; _module_preset=\u00bbdefault\u00bb global_colors_info=\u00bb{}\u00bb open=\u00bboff\u00bb]<\/p>\n<h4><b>3.1. Metodolog\u00eda<\/b><\/h4>\n<p><span style=\"font-weight: 400;\">Se implementa un modelo de aprendizaje activo y din\u00e1mico, situando al alumnado como protagonista de su propio proceso. Se articula en tres fases trimestrales:<\/span><\/p>\n<ol>\n<li style=\"font-weight: 400;\" aria-level=\"1\"><b>Adjudicaci\u00f3n y selecci\u00f3n de libros:<\/b><span style=\"font-weight: 400;\"> El alumnado, seg\u00fan su nivel competencial en lengua extranjera, comienza con la lectura de un libro establecido por el docente. Al terminarlo, tiene a su disposici\u00f3n la biblioteca de aula para elegir individualmente un libro seg\u00fan sus propios intereses, asegur\u00e1ndose de que sea un reto adecuado a su nivel. Puede leer tantos libros como desee.\u00a0<\/span><\/li>\n<li style=\"font-weight: 400;\" aria-level=\"1\"><b>Lectura Aut\u00f3noma:<\/b><span style=\"font-weight: 400;\"> El alumnado lleva a cabo la lectura de manera individual , con una temporalizaci\u00f3n que se ajusta a su propio desarrollo. Se dispondr\u00e1 de 3\/4 clases seguidas (una semana) para la lectura del libro seleccionado.<\/span><\/li>\n<li style=\"font-weight: 400;\" aria-level=\"1\"><b>Elaboraci\u00f3n del Portfolio:<\/b><span style=\"font-weight: 400;\"> Se produce el <\/span><b>MY READING PORTFOLIO<\/b><span style=\"font-weight: 400;\">, un trabajo individual y creativo que fomenta la <\/span><b>escritura<\/b><span style=\"font-weight: 400;\"> a trav\u00e9s de la redacci\u00f3n de res\u00famenes, an\u00e1lisis de personajes y valoraciones personales.<\/span><\/li>\n<\/ol>\n<h4><b>3.2. Roles<\/b><\/h4>\n<ul>\n<li style=\"font-weight: 400;\" aria-level=\"1\"><b>Rol del Alumnado:<\/b><span style=\"font-weight: 400;\"> Lector y creador <\/span><b>aut\u00f3nomo<\/b><span style=\"font-weight: 400;\">. Responsable de la selecci\u00f3n de su lectura, de su proceso lector, y de la elaboraci\u00f3n y dise\u00f1o del contenido del portafolio.<\/span><\/li>\n<li style=\"font-weight: 400;\" aria-level=\"1\"><b>Rol del Profesorado:<\/b><span style=\"font-weight: 400;\"> Gu\u00eda y facilitador. Establece las fechas l\u00edmite, facilita la biblioteca de aula y dirige la evaluaci\u00f3n mediante la entrevista oral.<\/span><\/li>\n<\/ul>\n<p>[\/et_pb_accordion_item][et_pb_accordion_item title=\u00bb4. Contenido y competencia digital\u00bb _builder_version=\u00bb4.27.4&#8243; _module_preset=\u00bbdefault\u00bb global_colors_info=\u00bb{}\u00bb open=\u00bboff\u00bb]<\/p>\n<p><span style=\"font-weight: 400;\">El contenido del portafolio exige el desarrollo de la <\/span><b>escritura<\/b><span style=\"font-weight: 400;\"> y la <\/span><b>competencia ling\u00fc\u00edstica<\/b><span style=\"font-weight: 400;\"> mediante apartados clave:<\/span><\/p>\n<ul>\n<li style=\"font-weight: 400;\" aria-level=\"1\"><b>Resumen del libro<\/b><span style=\"font-weight: 400;\"> y <\/span><b>An\u00e1lisis de personajes<\/b><\/li>\n<li style=\"font-weight: 400;\" aria-level=\"1\"><b>Valoraci\u00f3n personal<\/b><span style=\"font-weight: 400;\">.<\/span><\/li>\n<li style=\"font-weight: 400;\" aria-level=\"1\"><b>Dossier de Vocabulario:<\/b><span style=\"font-weight: 400;\"> listado de palabras aprendidas (definici\u00f3n, traducci\u00f3n, oraci\u00f3n de ejemplo).<\/span><\/li>\n<li style=\"font-weight: 400;\" aria-level=\"1\"><b>Apartado Creativo:<\/b><span style=\"font-weight: 400;\"> Incluye la creaci\u00f3n de actividades (ej. biograf\u00eda, Kahoot, Plickers).<\/span><\/li>\n<\/ul>\n<p><span style=\"font-weight: 400;\">Se fomenta la <\/span><b>competencia digital<\/b><span style=\"font-weight: 400;\"> al incluir el uso de <\/span><b>recursos digitales<\/b><span style=\"font-weight: 400;\"> (Chromebooks, ordenadores, diccionarios online)\u00a0 para la b\u00fasqueda de vocabulario. Adem\u00e1s, en 4\u00ba ESO el portfolio se elabora y edita <\/span><b>de manera digital<\/b><span style=\"font-weight: 400;\">, integr\u00e1ndose as\u00ed en el Plan Digital de Centro.<\/span><\/p>\n<p>[\/et_pb_accordion_item][\/et_pb_accordion][\/et_pb_column][et_pb_column type=\u00bb1_4&#8243; _builder_version=\u00bb4.16&#8243; custom_padding=\u00bb|||\u00bb global_colors_info=\u00bb{}\u00bb custom_padding__hover=\u00bb|||\u00bb][et_pb_image src=\u00bbhttps:\/\/valenciasjb.salesianos.edu\/colegio\/wp-content\/uploads\/sites\/2\/2025\/11\/logo-reading.png\u00bb title_text=\u00bblogo reading\u00bb _builder_version=\u00bb4.27.4&#8243; _module_preset=\u00bbdefault\u00bb global_colors_info=\u00bb{}\u00bb][\/et_pb_image][et_pb_image src=\u00bbhttps:\/\/valenciasjb.salesianos.edu\/colegio\/wp-content\/uploads\/sites\/2\/2025\/11\/image0-scaled.jpeg\u00bb title_text=\u00bbimage0&#8243; _builder_version=\u00bb4.27.4&#8243; _module_preset=\u00bbdefault\u00bb hover_enabled=\u00bb0&#8243; global_colors_info=\u00bb{}\u00bb sticky_enabled=\u00bb0&#8243;][\/et_pb_image][et_pb_image src=\u00bbhttps:\/\/valenciasjb.salesianos.edu\/colegio\/wp-content\/uploads\/sites\/2\/2025\/11\/image7-scaled.jpeg\u00bb title_text=\u00bbimage7&#8243; _builder_version=\u00bb4.27.4&#8243; _module_preset=\u00bbdefault\u00bb hover_enabled=\u00bb0&#8243; global_colors_info=\u00bb{}\u00bb sticky_enabled=\u00bb0&#8243;][\/et_pb_image][et_pb_image src=\u00bbhttps:\/\/valenciasjb.salesianos.edu\/colegio\/wp-content\/uploads\/sites\/2\/2025\/11\/image4-1-scaled.jpeg\u00bb title_text=\u00bbimage4 (1)\u00bb _builder_version=\u00bb4.27.4&#8243; _module_preset=\u00bbdefault\u00bb hover_enabled=\u00bb0&#8243; global_colors_info=\u00bb{}\u00bb sticky_enabled=\u00bb0&#8243;][\/et_pb_image][\/et_pb_column][\/et_pb_row][\/et_pb_section]<\/p>\n<!-- AddThis Advanced Settings generic via filter on the_content --><!-- AddThis Share Buttons generic via filter on the_content -->","protected":false},"excerpt":{"rendered":"<p>READING ROCKS El proyecto \u00abReading Rocks! (My Reading Portfolio)\u00bb tiene como objetivo principal el desarrollo integral de la competencia ling\u00fc\u00edstica y la comprensi\u00f3n lectora en lengua extranjera (ingl\u00e9s) para el alumnado\u00a0 de toda la ESO. &nbsp;El proyecto \u00abReading Rocks! (My Reading Portfolio)\u00bb tiene como objetivo principal el desarrollo integral de la competencia ling\u00fc\u00edstica y la [&hellip;]<\/p>\n<p><!-- AddThis Advanced Settings generic via filter on get_the_excerpt --><!-- AddThis Share Buttons generic via filter on get_the_excerpt --><\/p>\n","protected":false},"author":2,"featured_media":0,"parent":1281,"menu_order":0,"comment_status":"closed","ping_status":"closed","template":"","meta":{"_et_pb_use_builder":"on","_et_pb_old_content":"","_et_gb_content_width":"","footnotes":""},"class_list":["post-24081","page","type-page","status-publish","hentry"],"yoast_head":"<!-- This site is optimized with the Yoast SEO plugin v27.4 - https:\/\/yoast.com\/product\/yoast-seo-wordpress\/ -->\n<title>readingrocks - Colegio San Juan Bosco Valencia<\/title>\n<meta name=\"robots\" content=\"index, follow, max-snippet:-1, max-image-preview:large, max-video-preview:-1\" \/>\n<link rel=\"canonical\" href=\"https:\/\/valenciasjb.salesianos.edu\/colegio\/secundaria\/readingrocks\/\" \/>\n<meta property=\"og:locale\" content=\"es_ES\" \/>\n<meta property=\"og:type\" content=\"article\" \/>\n<meta property=\"og:title\" content=\"readingrocks - Colegio San Juan Bosco Valencia\" \/>\n<meta property=\"og:description\" content=\"READING ROCKS El proyecto &quot;Reading Rocks! (My Reading Portfolio)&quot; tiene como objetivo principal el desarrollo integral de la competencia ling\u00fc\u00edstica y la comprensi\u00f3n lectora en lengua extranjera (ingl\u00e9s) para el alumnado\u00a0 de toda la ESO. &nbsp;El proyecto &quot;Reading Rocks! (My Reading Portfolio)&quot; tiene como objetivo principal el desarrollo integral de la competencia ling\u00fc\u00edstica y la [&hellip;]\" \/>\n<meta property=\"og:url\" content=\"https:\/\/valenciasjb.salesianos.edu\/colegio\/secundaria\/readingrocks\/\" \/>\n<meta property=\"og:site_name\" content=\"Colegio San Juan Bosco Valencia\" \/>\n<meta property=\"article:publisher\" content=\"https:\/\/www.facebook.com\/ColegioSalesianoSanJuanBoscoValencia\" \/>\n<meta property=\"article:modified_time\" content=\"2025-11-20T07:41:22+00:00\" \/>\n<meta name=\"twitter:card\" content=\"summary_large_image\" \/>\n<meta name=\"twitter:site\" content=\"@SalesianosVSJB\" \/>\n<meta name=\"twitter:label1\" content=\"Tiempo de lectura\" \/>\n\t<meta name=\"twitter:data1\" content=\"4 minutos\" \/>\n<script type=\"application\/ld+json\" class=\"yoast-schema-graph\">{\"@context\":\"https:\\\/\\\/schema.org\",\"@graph\":[{\"@type\":\"WebPage\",\"@id\":\"https:\\\/\\\/valenciasjb.salesianos.edu\\\/colegio\\\/secundaria\\\/readingrocks\\\/\",\"url\":\"https:\\\/\\\/valenciasjb.salesianos.edu\\\/colegio\\\/secundaria\\\/readingrocks\\\/\",\"name\":\"readingrocks - Colegio San Juan Bosco Valencia\",\"isPartOf\":{\"@id\":\"https:\\\/\\\/valenciasjb.salesianos.edu\\\/colegio\\\/#website\"},\"datePublished\":\"2025-11-20T07:38:24+00:00\",\"dateModified\":\"2025-11-20T07:41:22+00:00\",\"breadcrumb\":{\"@id\":\"https:\\\/\\\/valenciasjb.salesianos.edu\\\/colegio\\\/secundaria\\\/readingrocks\\\/#breadcrumb\"},\"inLanguage\":\"es\",\"potentialAction\":[{\"@type\":\"ReadAction\",\"target\":[\"https:\\\/\\\/valenciasjb.salesianos.edu\\\/colegio\\\/secundaria\\\/readingrocks\\\/\"]}]},{\"@type\":\"BreadcrumbList\",\"@id\":\"https:\\\/\\\/valenciasjb.salesianos.edu\\\/colegio\\\/secundaria\\\/readingrocks\\\/#breadcrumb\",\"itemListElement\":[{\"@type\":\"ListItem\",\"position\":1,\"name\":\"Portada\",\"item\":\"https:\\\/\\\/valenciasjb.salesianos.edu\\\/colegio\\\/\"},{\"@type\":\"ListItem\",\"position\":2,\"name\":\"Secundaria\",\"item\":\"https:\\\/\\\/valenciasjb.salesianos.edu\\\/colegio\\\/secundaria\\\/\"},{\"@type\":\"ListItem\",\"position\":3,\"name\":\"readingrocks\"}]},{\"@type\":\"WebSite\",\"@id\":\"https:\\\/\\\/valenciasjb.salesianos.edu\\\/colegio\\\/#website\",\"url\":\"https:\\\/\\\/valenciasjb.salesianos.edu\\\/colegio\\\/\",\"name\":\"Colegio San Juan Bosco Valencia\",\"description\":\"P\u00e1gina oficial del Colegio Salesianos San Juan Bosco Valencia\",\"alternateName\":\"Salesianos.VSJB\",\"potentialAction\":[{\"@type\":\"SearchAction\",\"target\":{\"@type\":\"EntryPoint\",\"urlTemplate\":\"https:\\\/\\\/valenciasjb.salesianos.edu\\\/colegio\\\/?s={search_term_string}\"},\"query-input\":{\"@type\":\"PropertyValueSpecification\",\"valueRequired\":true,\"valueName\":\"search_term_string\"}}],\"inLanguage\":\"es\"}]}<\/script>\n<!-- \/ Yoast SEO plugin. -->","yoast_head_json":{"title":"readingrocks - Colegio San Juan Bosco Valencia","robots":{"index":"index","follow":"follow","max-snippet":"max-snippet:-1","max-image-preview":"max-image-preview:large","max-video-preview":"max-video-preview:-1"},"canonical":"https:\/\/valenciasjb.salesianos.edu\/colegio\/secundaria\/readingrocks\/","og_locale":"es_ES","og_type":"article","og_title":"readingrocks - Colegio San Juan Bosco Valencia","og_description":"READING ROCKS El proyecto \"Reading Rocks! (My Reading Portfolio)\" tiene como objetivo principal el desarrollo integral de la competencia ling\u00fc\u00edstica y la comprensi\u00f3n lectora en lengua extranjera (ingl\u00e9s) para el alumnado\u00a0 de toda la ESO. &nbsp;El proyecto \"Reading Rocks! (My Reading Portfolio)\" tiene como objetivo principal el desarrollo integral de la competencia ling\u00fc\u00edstica y la [&hellip;]","og_url":"https:\/\/valenciasjb.salesianos.edu\/colegio\/secundaria\/readingrocks\/","og_site_name":"Colegio San Juan Bosco Valencia","article_publisher":"https:\/\/www.facebook.com\/ColegioSalesianoSanJuanBoscoValencia","article_modified_time":"2025-11-20T07:41:22+00:00","twitter_card":"summary_large_image","twitter_site":"@SalesianosVSJB","twitter_misc":{"Tiempo de lectura":"4 minutos"},"schema":{"@context":"https:\/\/schema.org","@graph":[{"@type":"WebPage","@id":"https:\/\/valenciasjb.salesianos.edu\/colegio\/secundaria\/readingrocks\/","url":"https:\/\/valenciasjb.salesianos.edu\/colegio\/secundaria\/readingrocks\/","name":"readingrocks - Colegio San Juan Bosco Valencia","isPartOf":{"@id":"https:\/\/valenciasjb.salesianos.edu\/colegio\/#website"},"datePublished":"2025-11-20T07:38:24+00:00","dateModified":"2025-11-20T07:41:22+00:00","breadcrumb":{"@id":"https:\/\/valenciasjb.salesianos.edu\/colegio\/secundaria\/readingrocks\/#breadcrumb"},"inLanguage":"es","potentialAction":[{"@type":"ReadAction","target":["https:\/\/valenciasjb.salesianos.edu\/colegio\/secundaria\/readingrocks\/"]}]},{"@type":"BreadcrumbList","@id":"https:\/\/valenciasjb.salesianos.edu\/colegio\/secundaria\/readingrocks\/#breadcrumb","itemListElement":[{"@type":"ListItem","position":1,"name":"Portada","item":"https:\/\/valenciasjb.salesianos.edu\/colegio\/"},{"@type":"ListItem","position":2,"name":"Secundaria","item":"https:\/\/valenciasjb.salesianos.edu\/colegio\/secundaria\/"},{"@type":"ListItem","position":3,"name":"readingrocks"}]},{"@type":"WebSite","@id":"https:\/\/valenciasjb.salesianos.edu\/colegio\/#website","url":"https:\/\/valenciasjb.salesianos.edu\/colegio\/","name":"Colegio San Juan Bosco Valencia","description":"P\u00e1gina oficial del Colegio Salesianos San Juan Bosco Valencia","alternateName":"Salesianos.VSJB","potentialAction":[{"@type":"SearchAction","target":{"@type":"EntryPoint","urlTemplate":"https:\/\/valenciasjb.salesianos.edu\/colegio\/?s={search_term_string}"},"query-input":{"@type":"PropertyValueSpecification","valueRequired":true,"valueName":"search_term_string"}}],"inLanguage":"es"}]}},"_links":{"self":[{"href":"https:\/\/valenciasjb.salesianos.edu\/colegio\/wp-json\/wp\/v2\/pages\/24081","targetHints":{"allow":["GET"]}}],"collection":[{"href":"https:\/\/valenciasjb.salesianos.edu\/colegio\/wp-json\/wp\/v2\/pages"}],"about":[{"href":"https:\/\/valenciasjb.salesianos.edu\/colegio\/wp-json\/wp\/v2\/types\/page"}],"author":[{"embeddable":true,"href":"https:\/\/valenciasjb.salesianos.edu\/colegio\/wp-json\/wp\/v2\/users\/2"}],"replies":[{"embeddable":true,"href":"https:\/\/valenciasjb.salesianos.edu\/colegio\/wp-json\/wp\/v2\/comments?post=24081"}],"version-history":[{"count":5,"href":"https:\/\/valenciasjb.salesianos.edu\/colegio\/wp-json\/wp\/v2\/pages\/24081\/revisions"}],"predecessor-version":[{"id":24100,"href":"https:\/\/valenciasjb.salesianos.edu\/colegio\/wp-json\/wp\/v2\/pages\/24081\/revisions\/24100"}],"up":[{"embeddable":true,"href":"https:\/\/valenciasjb.salesianos.edu\/colegio\/wp-json\/wp\/v2\/pages\/1281"}],"wp:attachment":[{"href":"https:\/\/valenciasjb.salesianos.edu\/colegio\/wp-json\/wp\/v2\/media?parent=24081"}],"curies":[{"name":"wp","href":"https:\/\/api.w.org\/{rel}","templated":true}]}}