{"id":4408,"date":"2017-09-24T18:11:04","date_gmt":"2017-09-24T17:11:04","guid":{"rendered":"https:\/\/valenciasjb.salesianos.edu\/colegio\/?page_id=4408"},"modified":"2022-10-06T08:57:40","modified_gmt":"2022-10-06T07:57:40","slug":"administracion","status":"publish","type":"page","link":"https:\/\/valenciasjb.salesianos.edu\/colegio\/administracion\/","title":{"rendered":"Administraci\u00f3n"},"content":{"rendered":"<div id=\"fb-root\"><\/div>\n<p>[et_pb_section fb_built=\u00bb1&#8243; fullwidth=\u00bbon\u00bb _builder_version=\u00bb4.16&#8243; global_colors_info=\u00bb{}\u00bb][et_pb_fullwidth_header title=\u00bbAdministraci\u00f3n\u00bb title_font_color=\u00bb#ffffff\u00bb module_class=\u00bbpagina-imagen-cabecera\u00bb _builder_version=\u00bb4.18.0&#8243; title_text_color=\u00bb#ffffff\u00bb title_font_size=\u00bb40px\u00bb background_color=\u00bb#E02B20&#8243; background_image=\u00bbhttps:\/\/inspectoria.salesianos.edu\/wp-content\/uploads\/2017\/09\/ImagenPAGINA.jpg\u00bb background_layout=\u00bblight\u00bb max_width_tablet=\u00bb50px\u00bb hover_enabled=\u00bb0&#8243; background_url=\u00bbhttps:\/\/alicante.salesianos.edu\/colegio\/wp-content\/uploads\/sites\/2\/2017\/04\/Captura-de-pantalla-2017-04-13-a-las-16.14.37.png\u00bb global_colors_info=\u00bb{}\u00bb button_one_text_size__hover_enabled=\u00bboff\u00bb button_two_text_size__hover_enabled=\u00bboff\u00bb button_one_text_color__hover_enabled=\u00bboff\u00bb button_two_text_color__hover_enabled=\u00bboff\u00bb button_one_border_width__hover_enabled=\u00bboff\u00bb button_two_border_width__hover_enabled=\u00bboff\u00bb button_one_border_color__hover_enabled=\u00bboff\u00bb button_two_border_color__hover_enabled=\u00bboff\u00bb button_one_border_radius__hover_enabled=\u00bboff\u00bb button_two_border_radius__hover_enabled=\u00bboff\u00bb button_one_letter_spacing__hover_enabled=\u00bboff\u00bb button_two_letter_spacing__hover_enabled=\u00bboff\u00bb button_one_bg_color__hover_enabled=\u00bboff\u00bb button_two_bg_color__hover_enabled=\u00bboff\u00bb sticky_enabled=\u00bb0&#8243;][\/et_pb_fullwidth_header][\/et_pb_section][et_pb_section fb_built=\u00bb1&#8243; module_class=\u00bbpagina-seccion-contenido\u00bb _builder_version=\u00bb4.16&#8243; custom_padding=\u00bb0%|||\u00bb global_colors_info=\u00bb{}\u00bb][et_pb_row module_class=\u00bbpagina-texto\u00bb _builder_version=\u00bb4.16&#8243; background_size=\u00bbinitial\u00bb background_position=\u00bbtop_left\u00bb background_repeat=\u00bbrepeat\u00bb custom_margin=\u00bb25px|||\u00bb custom_padding=\u00bb25px||0px|\u00bb global_colors_info=\u00bb{}\u00bb][et_pb_column type=\u00bb4_4&#8243; _builder_version=\u00bb4.16&#8243; custom_padding=\u00bb|||\u00bb global_colors_info=\u00bb{}\u00bb custom_padding__hover=\u00bb|||\u00bb][et_pb_text _builder_version=\u00bb4.16&#8243; custom_margin=\u00bb|||\u00bb custom_padding=\u00bb|||\u00bb global_colors_info=\u00bb{}\u00bb]<\/p>\n<h1>\u00bfQUI\u00c9NES SOMOS?<\/h1>\n<p>Desde la administraci\u00f3n del colegio se gestiona la econom\u00eda, infraestructura y los recursos materiales y humanos. Nos basamos en una \u201c<em>econom\u00eda solidaria<\/em>\u201d, que promueve el bien com\u00fan, y\u00a0 puesta al servicio de las personas y del medio ambiente. Es por ello que la gesti\u00f3n de los recursos disponibles debe ser profesional, corresponsable, justa y \u00e9tica. Esto se materializa en el d\u00eda a d\u00eda mediante:<\/p>\n<ul>\n<li><strong>Gesti\u00f3n econ\u00f3mica de calidad<\/strong>, que tiene siempre presentes los objetivos del proyecto salesiano y sus fines.<\/li>\n<li><strong>An\u00e1lisis de la realidad<\/strong>, para garantizar la sostenibilidad econ\u00f3mica del Proyecto Salesiano en el Avda. de la Plata de Valencia<\/li>\n<li><strong>Trabajo en equipo<\/strong>, aprovechando experiencias y sinergias, poniendo en valor el trabajo en red y aprovechando el potencial creativo y profesional de las personas que integran la comunidad educativa.<\/li>\n<li><strong>Transparencia <\/strong>ante las familias y la sociedad, informado de la situaci\u00f3n y empleo de los recursos disponibles.<\/li>\n<li><strong>Rendici\u00f3n de cuentas, <\/strong>ante las administraciones p\u00fablicas, y \u00f3rganos de gesti\u00f3n y control de la propia congregaci\u00f3n.<\/li>\n<li><strong>La formaci\u00f3n de las personas<\/strong>, promoviendo la mejora profesional y personal de los miembros de la comunidad educativa.<\/li>\n<\/ul>\n<p>[\/et_pb_text][et_pb_text _builder_version=\u00bb4.16&#8243; background_size=\u00bbinitial\u00bb background_position=\u00bbtop_left\u00bb background_repeat=\u00bbrepeat\u00bb global_colors_info=\u00bb{}\u00bb][\/et_pb_text][\/et_pb_column][\/et_pb_row][et_pb_row _builder_version=\u00bb4.16&#8243; background_size=\u00bbinitial\u00bb background_position=\u00bbtop_left\u00bb background_repeat=\u00bbrepeat\u00bb custom_padding=\u00bb13px|0px|17px|0px\u00bb global_colors_info=\u00bb{}\u00bb][et_pb_column type=\u00bb4_4&#8243; _builder_version=\u00bb4.16&#8243; custom_padding=\u00bb|||\u00bb global_colors_info=\u00bb{}\u00bb custom_padding__hover=\u00bb|||\u00bb][et_pb_testimonial author=\u00bbRub\u00e9n Mart\u00edn Rodr\u00edguez\u00bb job_title=\u00bbAdministrador\u00bb _builder_version=\u00bb4.16.0&#8243; background_size=\u00bbinitial\u00bb background_position=\u00bbtop_left\u00bb background_repeat=\u00bbrepeat\u00bb global_colors_info=\u00bb{}\u00bb]<\/p>\n<p>Para cualquier consulta puede contactar conmigo pidiendo cita previa en el 963343705<\/p>\n<p>[\/et_pb_testimonial][\/et_pb_column][\/et_pb_row][et_pb_row _builder_version=\u00bb4.16&#8243; custom_padding=\u00bb0px|0px|4px|0px\u00bb global_colors_info=\u00bb{}\u00bb][et_pb_column type=\u00bb4_4&#8243; _builder_version=\u00bb4.16&#8243; custom_padding=\u00bb|||\u00bb global_colors_info=\u00bb{}\u00bb custom_padding__hover=\u00bb|||\u00bb][et_pb_text _builder_version=\u00bb4.16&#8243; global_colors_info=\u00bb{}\u00bb]<\/p>\n<h1>Gestiones<\/h1>\n<p>[\/et_pb_text][\/et_pb_column][\/et_pb_row][et_pb_row _builder_version=\u00bb4.16&#8243; custom_padding=\u00bb0px|0px|0px|0px\u00bb global_colors_info=\u00bb{}\u00bb][et_pb_column type=\u00bb4_4&#8243; _builder_version=\u00bb4.16&#8243; custom_padding=\u00bb|||\u00bb global_colors_info=\u00bb{}\u00bb custom_padding__hover=\u00bb|||\u00bb][et_pb_tabs _builder_version=\u00bb4.16.0&#8243; global_colors_info=\u00bb{}\u00bb][et_pb_tab title=\u00bbCon familias\u00bb _builder_version=\u00bb4.16&#8243; global_colors_info=\u00bb{}\u00bb]<\/p>\n<ul>\n<li>Servicio de Librer\u00eda: Venta de <a href=\"http:\/\/valenciasjb.salesianos.edu\/colegio\/libros-de-texto\">libros<\/a> y material<\/li>\n<li>Gesti\u00f3n de servicios complementarios: <a href=\"http:\/\/valenciasjb.salesianos.edu\/colegio\/comedor\">comedor<\/a> y actividades <a href=\"http:\/\/valenciasjb.salesianos.edu\/colegio\/extraescolares\">extraescolares<\/a><\/li>\n<li>Servicio de venta de ropa escolar<\/li>\n<li>Servicio de <a href=\"http:\/\/valenciasjb.salesianos.edu\/colegio\/seguro-escolar\">seguro escolar<\/a><\/li>\n<li>Gesti\u00f3n de recibos<\/li>\n<li>Gesti\u00f3n de domiciliaciones bancarias.<\/li>\n<li>Atenci\u00f3n a situaciones familiares<\/li>\n<\/ul>\n<p>[\/et_pb_tab][et_pb_tab title=\u00bbInternas\u00bb _builder_version=\u00bb4.16.0&#8243; global_colors_info=\u00bb{}\u00bb]<\/p>\n<ul>\n<li>Gesti\u00f3n de uso de la infraestructura com\u00fan<\/li>\n<li>Gesti\u00f3n del mantenimiento de la infraestructura<\/li>\n<li>Mejora de los inmuebles y recursos materiales.<\/li>\n<li>Gesti\u00f3n de suministros de bienes y servicios<\/li>\n<\/ul>\n<p>[\/et_pb_tab][et_pb_tab title=\u00bbCon proveedores\u00bb _builder_version=\u00bb4.16&#8243; global_colors_info=\u00bb{}\u00bb]<\/p>\n<ul>\n<li>Gesti\u00f3n de proveedores de recursos y servicios<\/li>\n<li>Gesti\u00f3n de compras<\/li>\n<li>Gesti\u00f3n de pagos<\/li>\n<\/ul>\n<p>[\/et_pb_tab][et_pb_tab title=\u00bbCon la sociedad\u00bb _builder_version=\u00bb4.16&#8243; global_colors_info=\u00bb{}\u00bb]<\/p>\n<ul>\n<li>Gesti\u00f3n de tributos y obligaciones fiscales<\/li>\n<li>Gesti\u00f3n de reutilizaci\u00f3n y reciclaje<\/li>\n<li>Gesti\u00f3n de tr\u00e1mites y obligaciones con administraciones p\u00fablicas<\/li>\n<\/ul>\n<p>[\/et_pb_tab][\/et_pb_tabs][\/et_pb_column][\/et_pb_row][et_pb_row _builder_version=\u00bb4.16&#8243; custom_padding=\u00bb27px|0px|3px|0px\u00bb global_colors_info=\u00bb{}\u00bb][et_pb_column type=\u00bb4_4&#8243; _builder_version=\u00bb4.16&#8243; custom_padding=\u00bb|||\u00bb global_colors_info=\u00bb{}\u00bb custom_padding__hover=\u00bb|||\u00bb][et_pb_text _builder_version=\u00bb4.16&#8243; global_colors_info=\u00bb{}\u00bb]<\/p>\n<h2>Enlaces<\/h2>\n<p>[\/et_pb_text][\/et_pb_column][\/et_pb_row][et_pb_row column_structure=\u00bb1_4,1_4,1_4,1_4&#8243; _builder_version=\u00bb4.16&#8243; custom_padding=\u00bb27px|0px|17px|0px\u00bb global_colors_info=\u00bb{}\u00bb][et_pb_column type=\u00bb1_4&#8243; _builder_version=\u00bb4.16&#8243; custom_padding=\u00bb|||\u00bb global_colors_info=\u00bb{}\u00bb custom_padding__hover=\u00bb|||\u00bb][et_pb_blurb title=\u00bbSECRETAR\u00cdA\u00bb url=\u00bbhttps:\/\/valenciasjb.salesianos.edu\/colegio\/secretaria\u00bb use_icon=\u00bbon\u00bb font_icon=\u00bb&#x6c;||divi||400&#8243; icon_placement=\u00bbleft\u00bb content_max_width=\u00bb438px\u00bb _builder_version=\u00bb4.16&#8243; max_width=\u00bb40%\u00bb global_colors_info=\u00bb{}\u00bb][\/et_pb_blurb][et_pb_blurb title=\u00bbLIBROS DE TEXTO\u00bb url=\u00bbhttps:\/\/valenciasjb.salesianos.edu\/colegio\/libros-de-texto\u00bb use_icon=\u00bbon\u00bb font_icon=\u00bb&#xe022;||divi||400&#8243; icon_placement=\u00bbleft\u00bb content_max_width=\u00bb438px\u00bb _builder_version=\u00bb4.16&#8243; max_width=\u00bb69%\u00bb global_colors_info=\u00bb{}\u00bb][\/et_pb_blurb][\/et_pb_column][et_pb_column type=\u00bb1_4&#8243; _builder_version=\u00bb4.16&#8243; custom_padding=\u00bb|||\u00bb global_colors_info=\u00bb{}\u00bb custom_padding__hover=\u00bb|||\u00bb][et_pb_blurb title=\u00bbEXTRAESCOLARES\u00bb url=\u00bbhttps:\/\/valenciasjb.salesianos.edu\/colegio\/extraescolares\u00bb use_icon=\u00bbon\u00bb font_icon=\u00bb&#xe031;||divi||400&#8243; icon_placement=\u00bbleft\u00bb content_max_width=\u00bb438px\u00bb _builder_version=\u00bb4.16&#8243; max_width=\u00bb40%\u00bb global_colors_info=\u00bb{}\u00bb][\/et_pb_blurb][\/et_pb_column][et_pb_column type=\u00bb1_4&#8243; _builder_version=\u00bb4.16&#8243; custom_padding=\u00bb|||\u00bb global_colors_info=\u00bb{}\u00bb custom_padding__hover=\u00bb|||\u00bb][et_pb_blurb title=\u00bbCOMEDOR\u00bb url=\u00bbhttps:\/\/valenciasjb.salesianos.edu\/colegio\/comedor\u00bb use_icon=\u00bbon\u00bb font_icon=\u00bb&#xe105;||divi||400&#8243; icon_placement=\u00bbleft\u00bb content_max_width=\u00bb438px\u00bb _builder_version=\u00bb4.16&#8243; max_width=\u00bb40%\u00bb global_colors_info=\u00bb{}\u00bb][\/et_pb_blurb][\/et_pb_column][et_pb_column type=\u00bb1_4&#8243; _builder_version=\u00bb4.16&#8243; custom_padding=\u00bb|||\u00bb global_colors_info=\u00bb{}\u00bb custom_padding__hover=\u00bb|||\u00bb][et_pb_blurb title=\u00bbMATINERS\u00bb url=\u00bbhttps:\/\/valenciasjb.salesianos.edu\/colegio\/matiners\u00bb use_icon=\u00bbon\u00bb font_icon=\u00bb&#xe60d;||divi||400&#8243; icon_placement=\u00bbleft\u00bb content_max_width=\u00bb438px\u00bb _builder_version=\u00bb4.16&#8243; max_width=\u00bb40%\u00bb global_colors_info=\u00bb{}\u00bb][\/et_pb_blurb][et_pb_blurb title=\u00bbSEGURO ESCOLAR\u00bb url=\u00bbhttps:\/\/valenciasjb.salesianos.edu\/colegio\/seguro-escolar\u00bb use_icon=\u00bbon\u00bb font_icon=\u00bb&#xe108;||divi||400&#8243; icon_placement=\u00bbleft\u00bb content_max_width=\u00bb438px\u00bb _builder_version=\u00bb4.16&#8243; max_width=\u00bb70%\u00bb global_colors_info=\u00bb{}\u00bb][\/et_pb_blurb][\/et_pb_column][\/et_pb_row][et_pb_row column_structure=\u00bb3_4,1_4&#8243; module_class=\u00bbpagina-texto\u00bb _builder_version=\u00bb4.16&#8243; background_size=\u00bbinitial\u00bb background_position=\u00bbtop_left\u00bb background_repeat=\u00bbrepeat\u00bb custom_margin=\u00bb15px|||\u00bb custom_padding=\u00bb2px|0px|0px|0px\u00bb global_colors_info=\u00bb{}\u00bb][et_pb_column type=\u00bb3_4&#8243; _builder_version=\u00bb4.16&#8243; custom_padding=\u00bb|||\u00bb global_colors_info=\u00bb{}\u00bb custom_padding__hover=\u00bb|||\u00bb][et_pb_text _builder_version=\u00bb4.16&#8243; custom_margin=\u00bb|||\u00bb custom_padding=\u00bb|||\u00bb global_colors_info=\u00bb{}\u00bb]<\/p>\n<h2>\u00bfCu\u00e1ndo podemos vernos?<\/h2>\n<p>[\/et_pb_text][et_pb_text _builder_version=\u00bb4.16&#8243; background_size=\u00bbinitial\u00bb background_position=\u00bbtop_left\u00bb background_repeat=\u00bbrepeat\u00bb global_colors_info=\u00bb{}\u00bb]Tanto para concertar cita con el administrador o con la secretaria, se debe llamar o acudir a porrter\u00eda para concretar la fecha y la hora.<\/p>\n<p>El horario del despacho de contabilidad es:<\/p>\n<ul>\n<li>Ma\u00f1anas L, M, J, V de 8:30 a 13:00<\/li>\n<li>Tardes M, X, J de 15:30 a 17:30<\/li>\n<\/ul>\n<p>[\/et_pb_text][\/et_pb_column][et_pb_column type=\u00bb1_4&#8243; _builder_version=\u00bb4.16&#8243; custom_padding=\u00bb|||\u00bb global_colors_info=\u00bb{}\u00bb custom_padding__hover=\u00bb|||\u00bb][et_pb_blurb title=\u00bb963 343 705&#8243; use_icon=\u00bbon\u00bb font_icon=\u00bb&#xe090;||divi||400&#8243; _builder_version=\u00bb4.16&#8243; header_font_size=\u00bb28px\u00bb body_font_size=\u00bb16px\u00bb text_orientation=\u00bbcenter\u00bb max_width_tablet=\u00bb50px\u00bb custom_margin=\u00bb|||\u00bb global_colors_info=\u00bb{}\u00bb]Recepci\u00f3n (8:00 &#8211; 20:00)<br \/>\n[\/et_pb_blurb][\/et_pb_column][\/et_pb_row][et_pb_row column_structure=\u00bb1_3,1_3,1_3&#8243; _builder_version=\u00bb4.16&#8243; max_width=\u00bb1106px\u00bb custom_padding=\u00bb2px|0px|0px|0px\u00bb use_custom_width=\u00bbon\u00bb custom_width_px=\u00bb1106px\u00bb global_colors_info=\u00bb{}\u00bb][et_pb_column type=\u00bb1_3&#8243; _builder_version=\u00bb4.16&#8243; custom_padding=\u00bb|||\u00bb global_colors_info=\u00bb{}\u00bb custom_padding__hover=\u00bb|||\u00bb][\/et_pb_column][et_pb_column type=\u00bb1_3&#8243; _builder_version=\u00bb4.16&#8243; custom_padding=\u00bb|||\u00bb global_colors_info=\u00bb{}\u00bb custom_padding__hover=\u00bb|||\u00bb][et_pb_cta title=\u00bbContabilidad\u00bb _builder_version=\u00bb4.16&#8243; header_font=\u00bbAmatic SC||||\u00bb header_font_size=\u00bb32px\u00bb background_color=\u00bb#e02b20&#8243; background_image=\u00bbhttps:\/\/valenciasjb.salesianos.edu\/colegio\/wp-content\/uploads\/sites\/2\/2017\/09\/contabilidad_-Carolina_perez.jpg\u00bb background_blend=\u00bbdarken\u00bb global_colors_info=\u00bb{}\u00bb button_text_size__hover_enabled=\u00bboff\u00bb button_one_text_size__hover_enabled=\u00bboff\u00bb button_two_text_size__hover_enabled=\u00bboff\u00bb button_text_color__hover_enabled=\u00bboff\u00bb button_one_text_color__hover_enabled=\u00bboff\u00bb button_two_text_color__hover_enabled=\u00bboff\u00bb button_border_width__hover_enabled=\u00bboff\u00bb button_one_border_width__hover_enabled=\u00bboff\u00bb button_two_border_width__hover_enabled=\u00bboff\u00bb button_border_color__hover_enabled=\u00bboff\u00bb button_one_border_color__hover_enabled=\u00bboff\u00bb button_two_border_color__hover_enabled=\u00bboff\u00bb button_border_radius__hover_enabled=\u00bboff\u00bb button_one_border_radius__hover_enabled=\u00bboff\u00bb button_two_border_radius__hover_enabled=\u00bboff\u00bb button_letter_spacing__hover_enabled=\u00bboff\u00bb button_one_letter_spacing__hover_enabled=\u00bboff\u00bb button_two_letter_spacing__hover_enabled=\u00bboff\u00bb button_bg_color__hover_enabled=\u00bboff\u00bb button_one_bg_color__hover_enabled=\u00bboff\u00bb button_two_bg_color__hover_enabled=\u00bboff\u00bb][\/et_pb_cta][\/et_pb_column][et_pb_column type=\u00bb1_3&#8243; _builder_version=\u00bb4.16&#8243; custom_padding=\u00bb|||\u00bb global_colors_info=\u00bb{}\u00bb custom_padding__hover=\u00bb|||\u00bb][\/et_pb_column][\/et_pb_row][\/et_pb_section]<\/p>\n<!-- AddThis Advanced Settings generic via filter on the_content --><!-- AddThis Share Buttons generic via filter on the_content -->","protected":false},"excerpt":{"rendered":"<p>\u00bfQUI\u00c9NES SOMOS? Desde la administraci\u00f3n del colegio se gestiona la econom\u00eda, infraestructura y los recursos materiales y humanos. Nos basamos en una \u201ceconom\u00eda solidaria\u201d, que promueve el bien com\u00fan, y\u00a0 puesta al servicio de las personas y del medio ambiente. Es por ello que la gesti\u00f3n de los recursos disponibles debe ser profesional, corresponsable, justa [&hellip;]<\/p>\n<p><!-- AddThis Advanced Settings generic via filter on get_the_excerpt --><!-- AddThis Share Buttons generic via filter on get_the_excerpt --><\/p>\n","protected":false},"author":2,"featured_media":0,"parent":0,"menu_order":0,"comment_status":"closed","ping_status":"closed","template":"","meta":{"_et_pb_use_builder":"on","_et_pb_old_content":"","_et_gb_content_width":"","footnotes":""},"class_list":["post-4408","page","type-page","status-publish","hentry"],"yoast_head":"<!-- This site is optimized with the Yoast SEO plugin v27.2 - https:\/\/yoast.com\/product\/yoast-seo-wordpress\/ -->\n<title>Administraci\u00f3n - Colegio San Juan Bosco Valencia<\/title>\n<meta name=\"robots\" content=\"index, follow, max-snippet:-1, max-image-preview:large, max-video-preview:-1\" \/>\n<link rel=\"canonical\" href=\"https:\/\/valenciasjb.salesianos.edu\/colegio\/administracion\/\" \/>\n<meta property=\"og:locale\" content=\"es_ES\" \/>\n<meta property=\"og:type\" content=\"article\" \/>\n<meta property=\"og:title\" content=\"Administraci\u00f3n - Colegio San Juan Bosco Valencia\" \/>\n<meta property=\"og:description\" content=\"\u00bfQUI\u00c9NES SOMOS? Desde la administraci\u00f3n del colegio se gestiona la econom\u00eda, infraestructura y los recursos materiales y humanos. Nos basamos en una \u201ceconom\u00eda solidaria\u201d, que promueve el bien com\u00fan, y\u00a0 puesta al servicio de las personas y del medio ambiente. Es por ello que la gesti\u00f3n de los recursos disponibles debe ser profesional, corresponsable, justa [&hellip;]\" \/>\n<meta property=\"og:url\" content=\"https:\/\/valenciasjb.salesianos.edu\/colegio\/administracion\/\" \/>\n<meta property=\"og:site_name\" content=\"Colegio San Juan Bosco Valencia\" \/>\n<meta property=\"article:publisher\" content=\"https:\/\/www.facebook.com\/ColegioSalesianoSanJuanBoscoValencia\" \/>\n<meta property=\"article:modified_time\" content=\"2022-10-06T07:57:40+00:00\" \/>\n<meta name=\"twitter:card\" content=\"summary_large_image\" \/>\n<meta name=\"twitter:site\" content=\"@SalesianosVSJB\" \/>\n<meta name=\"twitter:label1\" content=\"Tiempo de lectura\" \/>\n\t<meta name=\"twitter:data1\" content=\"4 minutos\" \/>\n<script type=\"application\/ld+json\" class=\"yoast-schema-graph\">{\"@context\":\"https:\/\/schema.org\",\"@graph\":[{\"@type\":\"WebPage\",\"@id\":\"https:\/\/valenciasjb.salesianos.edu\/colegio\/administracion\/\",\"url\":\"https:\/\/valenciasjb.salesianos.edu\/colegio\/administracion\/\",\"name\":\"Administraci\u00f3n - Colegio San Juan Bosco Valencia\",\"isPartOf\":{\"@id\":\"https:\/\/valenciasjb.salesianos.edu\/colegio\/#website\"},\"datePublished\":\"2017-09-24T17:11:04+00:00\",\"dateModified\":\"2022-10-06T07:57:40+00:00\",\"breadcrumb\":{\"@id\":\"https:\/\/valenciasjb.salesianos.edu\/colegio\/administracion\/#breadcrumb\"},\"inLanguage\":\"es\",\"potentialAction\":[{\"@type\":\"ReadAction\",\"target\":[\"https:\/\/valenciasjb.salesianos.edu\/colegio\/administracion\/\"]}]},{\"@type\":\"BreadcrumbList\",\"@id\":\"https:\/\/valenciasjb.salesianos.edu\/colegio\/administracion\/#breadcrumb\",\"itemListElement\":[{\"@type\":\"ListItem\",\"position\":1,\"name\":\"Portada\",\"item\":\"https:\/\/valenciasjb.salesianos.edu\/colegio\/\"},{\"@type\":\"ListItem\",\"position\":2,\"name\":\"Administraci\u00f3n\"}]},{\"@type\":\"WebSite\",\"@id\":\"https:\/\/valenciasjb.salesianos.edu\/colegio\/#website\",\"url\":\"https:\/\/valenciasjb.salesianos.edu\/colegio\/\",\"name\":\"Colegio San Juan Bosco Valencia\",\"description\":\"P\u00e1gina oficial del Colegio Salesianos San Juan Bosco Valencia\",\"alternateName\":\"Salesianos.VSJB\",\"potentialAction\":[{\"@type\":\"SearchAction\",\"target\":{\"@type\":\"EntryPoint\",\"urlTemplate\":\"https:\/\/valenciasjb.salesianos.edu\/colegio\/?s={search_term_string}\"},\"query-input\":{\"@type\":\"PropertyValueSpecification\",\"valueRequired\":true,\"valueName\":\"search_term_string\"}}],\"inLanguage\":\"es\"}]}<\/script>\n<!-- \/ Yoast SEO plugin. -->","yoast_head_json":{"title":"Administraci\u00f3n - Colegio San Juan Bosco Valencia","robots":{"index":"index","follow":"follow","max-snippet":"max-snippet:-1","max-image-preview":"max-image-preview:large","max-video-preview":"max-video-preview:-1"},"canonical":"https:\/\/valenciasjb.salesianos.edu\/colegio\/administracion\/","og_locale":"es_ES","og_type":"article","og_title":"Administraci\u00f3n - Colegio San Juan Bosco Valencia","og_description":"\u00bfQUI\u00c9NES SOMOS? Desde la administraci\u00f3n del colegio se gestiona la econom\u00eda, infraestructura y los recursos materiales y humanos. Nos basamos en una \u201ceconom\u00eda solidaria\u201d, que promueve el bien com\u00fan, y\u00a0 puesta al servicio de las personas y del medio ambiente. Es por ello que la gesti\u00f3n de los recursos disponibles debe ser profesional, corresponsable, justa [&hellip;]","og_url":"https:\/\/valenciasjb.salesianos.edu\/colegio\/administracion\/","og_site_name":"Colegio San Juan Bosco Valencia","article_publisher":"https:\/\/www.facebook.com\/ColegioSalesianoSanJuanBoscoValencia","article_modified_time":"2022-10-06T07:57:40+00:00","twitter_card":"summary_large_image","twitter_site":"@SalesianosVSJB","twitter_misc":{"Tiempo de lectura":"4 minutos"},"schema":{"@context":"https:\/\/schema.org","@graph":[{"@type":"WebPage","@id":"https:\/\/valenciasjb.salesianos.edu\/colegio\/administracion\/","url":"https:\/\/valenciasjb.salesianos.edu\/colegio\/administracion\/","name":"Administraci\u00f3n - Colegio San Juan Bosco Valencia","isPartOf":{"@id":"https:\/\/valenciasjb.salesianos.edu\/colegio\/#website"},"datePublished":"2017-09-24T17:11:04+00:00","dateModified":"2022-10-06T07:57:40+00:00","breadcrumb":{"@id":"https:\/\/valenciasjb.salesianos.edu\/colegio\/administracion\/#breadcrumb"},"inLanguage":"es","potentialAction":[{"@type":"ReadAction","target":["https:\/\/valenciasjb.salesianos.edu\/colegio\/administracion\/"]}]},{"@type":"BreadcrumbList","@id":"https:\/\/valenciasjb.salesianos.edu\/colegio\/administracion\/#breadcrumb","itemListElement":[{"@type":"ListItem","position":1,"name":"Portada","item":"https:\/\/valenciasjb.salesianos.edu\/colegio\/"},{"@type":"ListItem","position":2,"name":"Administraci\u00f3n"}]},{"@type":"WebSite","@id":"https:\/\/valenciasjb.salesianos.edu\/colegio\/#website","url":"https:\/\/valenciasjb.salesianos.edu\/colegio\/","name":"Colegio San Juan Bosco Valencia","description":"P\u00e1gina oficial del Colegio Salesianos San Juan Bosco Valencia","alternateName":"Salesianos.VSJB","potentialAction":[{"@type":"SearchAction","target":{"@type":"EntryPoint","urlTemplate":"https:\/\/valenciasjb.salesianos.edu\/colegio\/?s={search_term_string}"},"query-input":{"@type":"PropertyValueSpecification","valueRequired":true,"valueName":"search_term_string"}}],"inLanguage":"es"}]}},"_links":{"self":[{"href":"https:\/\/valenciasjb.salesianos.edu\/colegio\/wp-json\/wp\/v2\/pages\/4408","targetHints":{"allow":["GET"]}}],"collection":[{"href":"https:\/\/valenciasjb.salesianos.edu\/colegio\/wp-json\/wp\/v2\/pages"}],"about":[{"href":"https:\/\/valenciasjb.salesianos.edu\/colegio\/wp-json\/wp\/v2\/types\/page"}],"author":[{"embeddable":true,"href":"https:\/\/valenciasjb.salesianos.edu\/colegio\/wp-json\/wp\/v2\/users\/2"}],"replies":[{"embeddable":true,"href":"https:\/\/valenciasjb.salesianos.edu\/colegio\/wp-json\/wp\/v2\/comments?post=4408"}],"version-history":[{"count":40,"href":"https:\/\/valenciasjb.salesianos.edu\/colegio\/wp-json\/wp\/v2\/pages\/4408\/revisions"}],"predecessor-version":[{"id":18157,"href":"https:\/\/valenciasjb.salesianos.edu\/colegio\/wp-json\/wp\/v2\/pages\/4408\/revisions\/18157"}],"wp:attachment":[{"href":"https:\/\/valenciasjb.salesianos.edu\/colegio\/wp-json\/wp\/v2\/media?parent=4408"}],"curies":[{"name":"wp","href":"https:\/\/api.w.org\/{rel}","templated":true}]}}