{"id":5236,"date":"2017-10-27T08:30:38","date_gmt":"2017-10-27T07:30:38","guid":{"rendered":"https:\/\/valenciasjb.salesianos.edu\/colegio\/?page_id=5236"},"modified":"2024-12-02T18:39:25","modified_gmt":"2024-12-02T17:39:25","slug":"mision","status":"publish","type":"page","link":"https:\/\/valenciasjb.salesianos.edu\/colegio\/estilo-educativo\/mision\/","title":{"rendered":"Misi\u00f3n"},"content":{"rendered":"<div id=\"fb-root\"><\/div>\n<p>[et_pb_section fb_built=\u00bb1&#8243; fullwidth=\u00bbon\u00bb _builder_version=\u00bb4.16&#8243; custom_padding=\u00bb0px|0px|0px|0px\u00bb global_colors_info=\u00bb{}\u00bb][et_pb_fullwidth_header title=\u00bbMisi\u00f3n Visi\u00f3n y Valores\u00bb module_class=\u00bbpagina-imagen-cabecera\u00bb _builder_version=\u00bb4.27.4&#8243; background_color=\u00bb#1eb562&#8243; background_image=\u00bbhttps:\/\/inspectoria.salesianos.edu\/wp-content\/uploads\/2017\/09\/ImagenPAGINA.jpg\u00bb background_layout=\u00bblight\u00bb max_width_tablet=\u00bb50px\u00bb hover_enabled=\u00bb0&#8243; global_colors_info=\u00bb{}\u00bb button_one_text_size__hover_enabled=\u00bboff\u00bb button_two_text_size__hover_enabled=\u00bboff\u00bb button_one_text_color__hover_enabled=\u00bboff\u00bb button_two_text_color__hover_enabled=\u00bboff\u00bb button_one_border_width__hover_enabled=\u00bboff\u00bb button_two_border_width__hover_enabled=\u00bboff\u00bb button_one_border_color__hover_enabled=\u00bboff\u00bb button_two_border_color__hover_enabled=\u00bboff\u00bb button_one_border_radius__hover_enabled=\u00bboff\u00bb button_two_border_radius__hover_enabled=\u00bboff\u00bb button_one_letter_spacing__hover_enabled=\u00bboff\u00bb button_two_letter_spacing__hover_enabled=\u00bboff\u00bb button_one_bg_color__hover_enabled=\u00bboff\u00bb button_two_bg_color__hover_enabled=\u00bboff\u00bb sticky_enabled=\u00bb0&#8243;][\/et_pb_fullwidth_header][\/et_pb_section][et_pb_section fb_built=\u00bb1&#8243; admin_label=\u00bbsection\u00bb _builder_version=\u00bb4.16&#8243; custom_padding=\u00bb0px|0px|54px|0px\u00bb global_colors_info=\u00bb{}\u00bb][et_pb_row _builder_version=\u00bb4.27.4&#8243; _module_preset=\u00bbdefault\u00bb global_colors_info=\u00bb{}\u00bb][et_pb_column type=\u00bb4_4&#8243; _builder_version=\u00bb4.27.4&#8243; _module_preset=\u00bbdefault\u00bb global_colors_info=\u00bb{}\u00bb][et_pb_image src=\u00bbhttps:\/\/valenciasjb.salesianos.edu\/colegio\/wp-content\/uploads\/sites\/2\/2024\/12\/vision-y-valores-scaled.jpg\u00bb title_text=\u00bbvision y valores\u00bb _builder_version=\u00bb4.27.4&#8243; _module_preset=\u00bbdefault\u00bb global_colors_info=\u00bb{}\u00bb][\/et_pb_image][et_pb_tabs _builder_version=\u00bb4.27.4&#8243; _module_preset=\u00bbdefault\u00bb global_colors_info=\u00bb{}\u00bb][et_pb_tab title=\u00bbMISI\u00d3N\u00bb _builder_version=\u00bb4.27.4&#8243; _module_preset=\u00bbdefault\u00bb global_colors_info=\u00bb{}\u00bb]<\/p>\n<p><span style=\"font-weight: 400;\">El <\/span><span style=\"font-weight: 400;\">colegio <\/span><b>Salesiano San Juan Bosco<\/b><span style=\"font-weight: 400;\"> es un centro educativo cat\u00f3lico sin \u00e1nimo de lucro constituido el 10 de septiembre de 1945. Gracias a las Escuelas Parroquiales, a las Filiales y hoy a los conciertos educativos, puede el Colegio seguir siendo para la clase popular. En la actualidad, toda su ense\u00f1anza est\u00e1 concertada. El colegio forma parte de la\u00a0 Inspector\u00eda salesiana Mar\u00eda Auxiliadora.<\/span><\/p>\n<p><span style=\"font-weight: 400;\">Las escuelas de la Inspector\u00eda Salesiana Mar\u00eda Auxiliadora tienen como misi\u00f3n ofrecer una educaci\u00f3n integral de calidad, basada en los valores del Evangelio y el sistema educativo de Don Bosco, buscando la formaci\u00f3n de todas las dimensiones de la persona para construir un nuevo modelo de sociedad.<\/span><\/p>\n<p><span style=\"font-weight: 400;\">En este proceso educativo, la Comunidad Educativo-Pastoral propone a cada joven un modelo de crecimiento y desarrollo personal que est\u00e1 orientado al encuentro con Jesucristo y al descubrimiento del propio proyecto de vida, en el que encuentra el sentido a la misma y su incorporaci\u00f3n a la sociedad y a la Iglesia.<\/span><\/p>\n<p><span style=\"font-weight: 400;\">Esta oferta expresa el compromiso con la excelencia educativa, y una atenci\u00f3n acogedora y personalizada de cada joven, con especial atenci\u00f3n a los m\u00e1s desfavorecidos y necesitados, en unas escuelas abiertas, inclusivas y populares, comprometidas en la mejora continua y el desarrollo de su entorno.<\/span><\/p>\n<ul>\n<li style=\"font-weight: 400;\" aria-level=\"1\"><\/li>\n<\/ul>\n<p>[\/et_pb_tab][et_pb_tab title=\u00bbVISI\u00d3N\u00bb _builder_version=\u00bb4.27.4&#8243; _module_preset=\u00bbdefault\u00bb global_colors_info=\u00bb{}\u00bb]<\/p>\n<p><span style=\"font-weight: 400;\">Nuestras escuelas tienen un proyecto com\u00fan que las impulsa a ser:<\/span><\/p>\n<ul>\n<li style=\"font-weight: 400;\" aria-level=\"1\"><span style=\"font-weight: 400;\">Escuela que, fieles a su finalidad y misi\u00f3n, desarrolla, revisa, y actualiza permanentemente sus procesos educativos evangelizadores para dar una respuesta m\u00e1s adecuada a las distintas necesidades de sus destinatarios.<\/span><\/li>\n<li style=\"font-weight: 400;\" aria-level=\"1\"><span style=\"font-weight: 400;\">Escuela en las que el desarrollo integral de las personas es el centro de toda su acci\u00f3n, orientada a la consecuci\u00f3n de un modelo de persona concreto y al desarrollo de su proyecto de vida.\u00a0<\/span><\/li>\n<li style=\"font-weight: 400;\" aria-level=\"1\"><span style=\"font-weight: 400;\">Escuela en las que los educadores se sienten parte del proyecto que desarrollan, y en las que se cuidan los procesos vinculados a su selecci\u00f3n, acompa\u00f1amiento y desarrollo continuo.<\/span><\/li>\n<li style=\"font-weight: 400;\" aria-level=\"1\"><span style=\"font-weight: 400;\">Escuela que acoge a todos y vuelcan sus esfuerzos y recursos en aquellos que m\u00e1s lo necesitan, optando por la inclusividad.<\/span><\/li>\n<li style=\"font-weight: 400;\" aria-level=\"1\"><span style=\"font-weight: 400;\">Escuela que evangeliza partiendo de la realidad de sus destinatarios.<\/span><\/li>\n<li style=\"font-weight: 400;\" aria-level=\"1\"><span style=\"font-weight: 400;\">Escuela con un modelo de liderazgo bien definido, basado en la corresponsabilidad real, en las relaciones de confianza entre todos los que forman la Comunidad Educativo-Pastoral, y ejercido por personas formadas y acompa\u00f1adas para ello.<\/span><\/li>\n<li style=\"font-weight: 400;\" aria-level=\"1\"><span style=\"font-weight: 400;\">Escuela con un modelo de animaci\u00f3n y gobierno definido bajo principios comunes, pero adaptado a las realidades y recursos de cada una de ellas.<\/span><\/li>\n<li style=\"font-weight: 400;\" aria-level=\"1\"><span style=\"font-weight: 400;\">Escuela que se sienten parte de un proyecto com\u00fan inspectorial y que son acompa\u00f1adas desde la instituci\u00f3n para encarnarlo en su realidad local.<\/span><\/li>\n<li style=\"font-weight: 400;\" aria-level=\"1\"><span style=\"font-weight: 400;\">Escuela que refuerzan el trabajo en red entre ellas, aprovechando las riquezas de la realidad local, dot\u00e1ndose de metodolog\u00edas y estructuras de trabajo que generen decisiones dialogadas y compartidas, la creaci\u00f3n de un conocimiento com\u00fan y el desarrollo de proyectos que las identifiquen.<\/span><\/li>\n<li style=\"font-weight: 400;\" aria-level=\"1\"><span style=\"font-weight: 400;\">Escuela abiertas al entorno en el que se encuentran, y que impulsan el desarrollo del mismo mediante la apertura de las propias instalaciones, el servicio y la participaci\u00f3n en instituciones e iniciativas locales.<\/span><\/li>\n<li style=\"font-weight: 400;\" aria-level=\"1\"><span style=\"font-weight: 400;\">Escuela que se dotan de unos servicios de apoyo en distintos niveles (pedag\u00f3gico, pastoral, administrativo, jur\u00eddico, econ\u00f3mico&#8230;) que facilitan y mejoran su acci\u00f3n educativo-pastoral.<\/span><\/li>\n<li style=\"font-weight: 400;\" aria-level=\"1\"><span style=\"font-weight: 400;\">Escuela que valoran la importancia y la participaci\u00f3n de las familias dentro de la Comunidad Educativo-Pastoral e incentivan su participaci\u00f3n en el desarrollo del Proyecto Educativo de cada una.<\/span><\/li>\n<li style=\"font-weight: 400;\" aria-level=\"1\"><span style=\"font-weight: 400;\">Escuela que educa desde una visi\u00f3n integral de la persona, prestando atenci\u00f3n al desarrollo de las competencias f\u00edsicas, cognitivas, afectivas y espirituales, desde programas y metodolog\u00edas activas.<\/span><\/li>\n<\/ul>\n<p>[\/et_pb_tab][et_pb_tab title=\u00bbVALORES\u00bb _builder_version=\u00bb4.27.4&#8243; _module_preset=\u00bbdefault\u00bb global_colors_info=\u00bb{}\u00bb]<\/p>\n<p><span style=\"font-weight: 400;\">Nuestra escuela cree firmemente en los siguientes valores:<\/span><\/p>\n<ul>\n<li style=\"font-weight: 400;\" aria-level=\"1\"><span style=\"font-weight: 400;\">El Sistema Preventivo como modelo de educaci\u00f3n y de relaciones dentro de la Comunidad Educativo-Pastoral.<\/span><\/li>\n<li style=\"font-weight: 400;\" aria-level=\"1\"><span style=\"font-weight: 400;\">La apuesta por la evangelizaci\u00f3n integrada en los procesos educativos con el fomento de itinerarios pastorales tomando como punto de partida el momento en el que est\u00e1 cada joven.<\/span><\/li>\n<li style=\"font-weight: 400;\" aria-level=\"1\"><span style=\"font-weight: 400;\">La continua actualizaci\u00f3n pedag\u00f3gica pastoral, apostando por las metodolog\u00edas activas y motivadoras que preparen a los alumnos para la vida.<\/span><\/li>\n<li style=\"font-weight: 400;\" aria-level=\"1\"><span style=\"font-weight: 400;\">La solidaridad y la sostenibilidad, con la promoci\u00f3n de una educaci\u00f3n para un mundo m\u00e1s justo ante todo tipo de pobrezas y discriminaciones.<\/span><\/li>\n<li style=\"font-weight: 400;\" aria-level=\"1\"><span style=\"font-weight: 400;\">La confianza incondicional en los j\u00f3venes, protagonistas del proceso educativo-pastoral que la escuela les ofrece con m\u00faltiples propuestas educativas y pastorales.<\/span><\/li>\n<li style=\"font-weight: 400;\" aria-level=\"1\"><span style=\"font-weight: 400;\">La acogida de los alumnos y el acompa\u00f1amiento en la b\u00fasqueda de sentido de su vida desde el modelo cristiano, con estilo salesiano, en un ambiente de relaci\u00f3n pr\u00f3xima y familiar entre las personas.<\/span><\/li>\n<li style=\"font-weight: 400;\" aria-level=\"1\"><span style=\"font-weight: 400;\">La cultura del esfuerzo y del aprendizaje para la realizaci\u00f3n de las expectativas educativas y la consecuci\u00f3n de la mejora permanente de la calidad de vida personal y social.<\/span><\/li>\n<li style=\"font-weight: 400;\" aria-level=\"1\"><span style=\"font-weight: 400;\">La participaci\u00f3n y las relaciones basadas en la confianza, ejerciendo la corresponsabilidad e implicando a las personas en la toma de decisiones.<\/span><\/li>\n<li style=\"font-weight: 400;\" aria-level=\"1\"><span style=\"font-weight: 400;\">La opci\u00f3n y el compromiso por la formaci\u00f3n profesional y el acompa\u00f1amiento de los j\u00f3venes en la inserci\u00f3n en el mundo del trabajo.<\/span><\/li>\n<\/ul>\n<p>[\/et_pb_tab][\/et_pb_tabs][\/et_pb_column][\/et_pb_row][\/et_pb_section]<\/p>\n<!-- AddThis Advanced Settings generic via filter on the_content --><!-- AddThis Share Buttons generic via filter on the_content -->","protected":false},"excerpt":{"rendered":"<p>El colegio Salesiano San Juan Bosco es un centro educativo cat\u00f3lico sin \u00e1nimo de lucro constituido el 10 de septiembre de 1945. Gracias a las Escuelas Parroquiales, a las Filiales y hoy a los conciertos educativos, puede el Colegio seguir siendo para la clase popular. En la actualidad, toda su ense\u00f1anza est\u00e1 concertada. El colegio [&hellip;]<\/p>\n<p><!-- AddThis Advanced Settings generic via filter on get_the_excerpt --><!-- AddThis Share Buttons generic via filter on get_the_excerpt --><\/p>\n","protected":false},"author":2,"featured_media":0,"parent":5483,"menu_order":0,"comment_status":"closed","ping_status":"closed","template":"","meta":{"_et_pb_use_builder":"on","_et_pb_old_content":"","_et_gb_content_width":"","footnotes":""},"class_list":["post-5236","page","type-page","status-publish","hentry"],"yoast_head":"<!-- This site is optimized with the Yoast SEO plugin v27.3 - https:\/\/yoast.com\/product\/yoast-seo-wordpress\/ -->\n<title>Misi\u00f3n - Colegio San Juan Bosco Valencia<\/title>\n<meta name=\"robots\" content=\"index, follow, max-snippet:-1, max-image-preview:large, max-video-preview:-1\" \/>\n<link rel=\"canonical\" href=\"https:\/\/valenciasjb.salesianos.edu\/colegio\/estilo-educativo\/mision\/\" \/>\n<meta property=\"og:locale\" content=\"es_ES\" \/>\n<meta property=\"og:type\" content=\"article\" \/>\n<meta property=\"og:title\" content=\"Misi\u00f3n - Colegio San Juan Bosco Valencia\" \/>\n<meta property=\"og:description\" content=\"El colegio Salesiano San Juan Bosco es un centro educativo cat\u00f3lico sin \u00e1nimo de lucro constituido el 10 de septiembre de 1945. Gracias a las Escuelas Parroquiales, a las Filiales y hoy a los conciertos educativos, puede el Colegio seguir siendo para la clase popular. En la actualidad, toda su ense\u00f1anza est\u00e1 concertada. El colegio [&hellip;]\" \/>\n<meta property=\"og:url\" content=\"https:\/\/valenciasjb.salesianos.edu\/colegio\/estilo-educativo\/mision\/\" \/>\n<meta property=\"og:site_name\" content=\"Colegio San Juan Bosco Valencia\" \/>\n<meta property=\"article:publisher\" content=\"https:\/\/www.facebook.com\/ColegioSalesianoSanJuanBoscoValencia\" \/>\n<meta property=\"article:modified_time\" content=\"2024-12-02T17:39:25+00:00\" \/>\n<meta name=\"twitter:card\" content=\"summary_large_image\" \/>\n<meta name=\"twitter:site\" content=\"@SalesianosVSJB\" \/>\n<meta name=\"twitter:label1\" content=\"Tiempo de lectura\" \/>\n\t<meta name=\"twitter:data1\" content=\"4 minutos\" \/>\n<script type=\"application\/ld+json\" class=\"yoast-schema-graph\">{\"@context\":\"https:\\\/\\\/schema.org\",\"@graph\":[{\"@type\":\"WebPage\",\"@id\":\"https:\\\/\\\/valenciasjb.salesianos.edu\\\/colegio\\\/estilo-educativo\\\/mision\\\/\",\"url\":\"https:\\\/\\\/valenciasjb.salesianos.edu\\\/colegio\\\/estilo-educativo\\\/mision\\\/\",\"name\":\"Misi\u00f3n - Colegio San Juan Bosco Valencia\",\"isPartOf\":{\"@id\":\"https:\\\/\\\/valenciasjb.salesianos.edu\\\/colegio\\\/#website\"},\"datePublished\":\"2017-10-27T07:30:38+00:00\",\"dateModified\":\"2024-12-02T17:39:25+00:00\",\"breadcrumb\":{\"@id\":\"https:\\\/\\\/valenciasjb.salesianos.edu\\\/colegio\\\/estilo-educativo\\\/mision\\\/#breadcrumb\"},\"inLanguage\":\"es\",\"potentialAction\":[{\"@type\":\"ReadAction\",\"target\":[\"https:\\\/\\\/valenciasjb.salesianos.edu\\\/colegio\\\/estilo-educativo\\\/mision\\\/\"]}]},{\"@type\":\"BreadcrumbList\",\"@id\":\"https:\\\/\\\/valenciasjb.salesianos.edu\\\/colegio\\\/estilo-educativo\\\/mision\\\/#breadcrumb\",\"itemListElement\":[{\"@type\":\"ListItem\",\"position\":1,\"name\":\"Portada\",\"item\":\"https:\\\/\\\/valenciasjb.salesianos.edu\\\/colegio\\\/\"},{\"@type\":\"ListItem\",\"position\":2,\"name\":\"nuestro estilo\",\"item\":\"https:\\\/\\\/valenciasjb.salesianos.edu\\\/colegio\\\/estilo-educativo\\\/\"},{\"@type\":\"ListItem\",\"position\":3,\"name\":\"Misi\u00f3n\"}]},{\"@type\":\"WebSite\",\"@id\":\"https:\\\/\\\/valenciasjb.salesianos.edu\\\/colegio\\\/#website\",\"url\":\"https:\\\/\\\/valenciasjb.salesianos.edu\\\/colegio\\\/\",\"name\":\"Colegio San Juan Bosco Valencia\",\"description\":\"P\u00e1gina oficial del Colegio Salesianos San Juan Bosco Valencia\",\"alternateName\":\"Salesianos.VSJB\",\"potentialAction\":[{\"@type\":\"SearchAction\",\"target\":{\"@type\":\"EntryPoint\",\"urlTemplate\":\"https:\\\/\\\/valenciasjb.salesianos.edu\\\/colegio\\\/?s={search_term_string}\"},\"query-input\":{\"@type\":\"PropertyValueSpecification\",\"valueRequired\":true,\"valueName\":\"search_term_string\"}}],\"inLanguage\":\"es\"}]}<\/script>\n<!-- \/ Yoast SEO plugin. -->","yoast_head_json":{"title":"Misi\u00f3n - Colegio San Juan Bosco Valencia","robots":{"index":"index","follow":"follow","max-snippet":"max-snippet:-1","max-image-preview":"max-image-preview:large","max-video-preview":"max-video-preview:-1"},"canonical":"https:\/\/valenciasjb.salesianos.edu\/colegio\/estilo-educativo\/mision\/","og_locale":"es_ES","og_type":"article","og_title":"Misi\u00f3n - Colegio San Juan Bosco Valencia","og_description":"El colegio Salesiano San Juan Bosco es un centro educativo cat\u00f3lico sin \u00e1nimo de lucro constituido el 10 de septiembre de 1945. Gracias a las Escuelas Parroquiales, a las Filiales y hoy a los conciertos educativos, puede el Colegio seguir siendo para la clase popular. En la actualidad, toda su ense\u00f1anza est\u00e1 concertada. El colegio [&hellip;]","og_url":"https:\/\/valenciasjb.salesianos.edu\/colegio\/estilo-educativo\/mision\/","og_site_name":"Colegio San Juan Bosco Valencia","article_publisher":"https:\/\/www.facebook.com\/ColegioSalesianoSanJuanBoscoValencia","article_modified_time":"2024-12-02T17:39:25+00:00","twitter_card":"summary_large_image","twitter_site":"@SalesianosVSJB","twitter_misc":{"Tiempo de lectura":"4 minutos"},"schema":{"@context":"https:\/\/schema.org","@graph":[{"@type":"WebPage","@id":"https:\/\/valenciasjb.salesianos.edu\/colegio\/estilo-educativo\/mision\/","url":"https:\/\/valenciasjb.salesianos.edu\/colegio\/estilo-educativo\/mision\/","name":"Misi\u00f3n - Colegio San Juan Bosco Valencia","isPartOf":{"@id":"https:\/\/valenciasjb.salesianos.edu\/colegio\/#website"},"datePublished":"2017-10-27T07:30:38+00:00","dateModified":"2024-12-02T17:39:25+00:00","breadcrumb":{"@id":"https:\/\/valenciasjb.salesianos.edu\/colegio\/estilo-educativo\/mision\/#breadcrumb"},"inLanguage":"es","potentialAction":[{"@type":"ReadAction","target":["https:\/\/valenciasjb.salesianos.edu\/colegio\/estilo-educativo\/mision\/"]}]},{"@type":"BreadcrumbList","@id":"https:\/\/valenciasjb.salesianos.edu\/colegio\/estilo-educativo\/mision\/#breadcrumb","itemListElement":[{"@type":"ListItem","position":1,"name":"Portada","item":"https:\/\/valenciasjb.salesianos.edu\/colegio\/"},{"@type":"ListItem","position":2,"name":"nuestro estilo","item":"https:\/\/valenciasjb.salesianos.edu\/colegio\/estilo-educativo\/"},{"@type":"ListItem","position":3,"name":"Misi\u00f3n"}]},{"@type":"WebSite","@id":"https:\/\/valenciasjb.salesianos.edu\/colegio\/#website","url":"https:\/\/valenciasjb.salesianos.edu\/colegio\/","name":"Colegio San Juan Bosco Valencia","description":"P\u00e1gina oficial del Colegio Salesianos San Juan Bosco Valencia","alternateName":"Salesianos.VSJB","potentialAction":[{"@type":"SearchAction","target":{"@type":"EntryPoint","urlTemplate":"https:\/\/valenciasjb.salesianos.edu\/colegio\/?s={search_term_string}"},"query-input":{"@type":"PropertyValueSpecification","valueRequired":true,"valueName":"search_term_string"}}],"inLanguage":"es"}]}},"_links":{"self":[{"href":"https:\/\/valenciasjb.salesianos.edu\/colegio\/wp-json\/wp\/v2\/pages\/5236","targetHints":{"allow":["GET"]}}],"collection":[{"href":"https:\/\/valenciasjb.salesianos.edu\/colegio\/wp-json\/wp\/v2\/pages"}],"about":[{"href":"https:\/\/valenciasjb.salesianos.edu\/colegio\/wp-json\/wp\/v2\/types\/page"}],"author":[{"embeddable":true,"href":"https:\/\/valenciasjb.salesianos.edu\/colegio\/wp-json\/wp\/v2\/users\/2"}],"replies":[{"embeddable":true,"href":"https:\/\/valenciasjb.salesianos.edu\/colegio\/wp-json\/wp\/v2\/comments?post=5236"}],"version-history":[{"count":12,"href":"https:\/\/valenciasjb.salesianos.edu\/colegio\/wp-json\/wp\/v2\/pages\/5236\/revisions"}],"predecessor-version":[{"id":22709,"href":"https:\/\/valenciasjb.salesianos.edu\/colegio\/wp-json\/wp\/v2\/pages\/5236\/revisions\/22709"}],"up":[{"embeddable":true,"href":"https:\/\/valenciasjb.salesianos.edu\/colegio\/wp-json\/wp\/v2\/pages\/5483"}],"wp:attachment":[{"href":"https:\/\/valenciasjb.salesianos.edu\/colegio\/wp-json\/wp\/v2\/media?parent=5236"}],"curies":[{"name":"wp","href":"https:\/\/api.w.org\/{rel}","templated":true}]}}