{"id":5339,"date":"2017-10-27T12:06:43","date_gmt":"2017-10-27T11:06:43","guid":{"rendered":"https:\/\/valenciasjb.salesianos.edu\/colegio\/?page_id=5339"},"modified":"2025-07-21T13:16:41","modified_gmt":"2025-07-21T12:16:41","slug":"libros-de-texto","status":"publish","type":"page","link":"https:\/\/valenciasjb.salesianos.edu\/colegio\/libros-de-texto\/","title":{"rendered":"Libros de texto"},"content":{"rendered":"<div id=\"fb-root\"><\/div>\n<p>[et_pb_section fb_built=\u00bb1&#8243; fullwidth=\u00bbon\u00bb _builder_version=\u00bb4.16&#8243; global_colors_info=\u00bb{}\u00bb][et_pb_fullwidth_header title=\u00bbLibros de texto\u00bb title_font_color=\u00bb#ffffff\u00bb module_class=\u00bbpagina-imagen-cabecera\u00bb _builder_version=\u00bb4.16&#8243; title_text_color=\u00bb#ffffff\u00bb title_font_size=\u00bb40px\u00bb background_color=\u00bbrgba(255, 255, 255, 0)\u00bb background_image=\u00bbhttps:\/\/valenciasjb.salesianos.edu\/colegio\/wp-content\/uploads\/sites\/2\/2017\/10\/Salesianos-Primaria23.jpg\u00bb background_layout=\u00bblight\u00bb max_width_tablet=\u00bb50px\u00bb background_url=\u00bbhttps:\/\/alicante.salesianos.edu\/colegio\/wp-content\/uploads\/sites\/2\/2017\/03\/Archivo_002-2.jpeg\u00bb global_colors_info=\u00bb{}\u00bb button_one_text_size__hover_enabled=\u00bboff\u00bb button_two_text_size__hover_enabled=\u00bboff\u00bb button_one_text_color__hover_enabled=\u00bboff\u00bb button_two_text_color__hover_enabled=\u00bboff\u00bb button_one_border_width__hover_enabled=\u00bboff\u00bb button_two_border_width__hover_enabled=\u00bboff\u00bb button_one_border_color__hover_enabled=\u00bboff\u00bb button_two_border_color__hover_enabled=\u00bboff\u00bb button_one_border_radius__hover_enabled=\u00bboff\u00bb button_two_border_radius__hover_enabled=\u00bboff\u00bb button_one_letter_spacing__hover_enabled=\u00bboff\u00bb button_two_letter_spacing__hover_enabled=\u00bboff\u00bb button_one_bg_color__hover_enabled=\u00bboff\u00bb button_two_bg_color__hover_enabled=\u00bboff\u00bb][\/et_pb_fullwidth_header][\/et_pb_section][et_pb_section fb_built=\u00bb1&#8243; module_class=\u00bbpagina-seccion-contenido\u00bb _builder_version=\u00bb4.16&#8243; custom_padding=\u00bb0px|0px|54px|0px\u00bb global_colors_info=\u00bb{}\u00bb][et_pb_row column_structure=\u00bb2_3,1_3&#8243; _builder_version=\u00bb4.16&#8243; global_colors_info=\u00bb{}\u00bb][et_pb_column type=\u00bb2_3&#8243; _builder_version=\u00bb4.16&#8243; custom_padding=\u00bb|||\u00bb global_colors_info=\u00bb{}\u00bb custom_padding__hover=\u00bb|||\u00bb][et_pb_text disabled_on=\u00bbon|on|on\u00bb _builder_version=\u00bb4.27.4&#8243; disabled=\u00bbon\u00bb global_colors_info=\u00bb{}\u00bb]<\/p>\n<h1>IMPORTANTE<\/h1>\n<h1>Libros de texto<\/h1>\n<p style=\"font-weight: 400;\"><em><span style=\"text-decoration: underline;\">Actualizado 26 junio 2024<\/span><\/em><\/p>\n<p style=\"font-weight: 400;\">El colegio Salesiano San Juan Bosco le ofrece la posibilidad de adquirir en el propio colegio los libros de texto y otros materiales did\u00e1cticos utilizados en el aula. Este servicio que se ofrece a las familias tiene como ventaja:<\/p>\n<ul>\n<li style=\"font-weight: 400;\">Comodidad y seguridad: Tener la certeza que su hijo\/a tendr\u00e1 en el aula los libro que corresponde (los libros son los correctos).<\/li>\n<li style=\"font-weight: 400;\">Facilidad de Pago:<strong>El cargo se efectuar\u00eda en 5 plazos iguales en los recibos de octubre, noviembre, diciembre, enero y febrero<\/strong>\u00a0(para importe superior a 50 \u20ac). El precio se notificar\u00e1 con anterioridad y estar\u00e1 disponible en la web del colegio durante el mes de julio.<\/li>\n<li style=\"font-weight: 400;\">Con descuentos en el precio de venta<\/li>\n<\/ul>\n<p style=\"font-weight: 400;\">Si desean\u00a0<strong>comprar\u00a0<\/strong>los\u00a0libros\u00a0de texto y el resto de material did\u00e1ctico en el colegio, podr\u00e1n hacer la solicitud de la siguiente manera:<\/p>\n<ul>\n<li style=\"font-weight: 400;\">Rellenar la solicitud desde un\u00a0<strong>formulario online\u00a0<\/strong>desde sus propios dispositivos electr\u00f3nicos que ya est\u00e1 disponible en esta misma p\u00e1gina.<\/li>\n<li style=\"font-weight: 400;\">Aquellas familias que lo necesiten, podr\u00e1n rellenar la solicitud a trav\u00e9s del formulario online en el propio colegio en horario de 9:00 a 13:00 (solicitar cita previa llamando a porter\u00eda)<\/li>\n<\/ul>\n<p style=\"font-weight: 400;\"><span style=\"color: #e02b20;\"><strong>PLAZOS<\/strong><\/span><\/p>\n<p style=\"font-weight: 400;\">El formulario para el pedido de libros perteneciente al <strong>curso 2024\/2025 <\/strong>estar\u00e1 \u00e1 abierto <strong>hasta el 11 de Agosto de 2024<\/strong>. Pasado este plazo se cerrar\u00e1.<\/p>\n<p style=\"font-weight: 400;\"><strong><span style=\"color: #e02b20;\">IMPORTANTE, FORMULARIOS FUERA DE PLAZO<\/span><\/strong><\/p>\n<p style=\"font-weight: 400;\">Los pedidos que no se hayan realizado en el tiempo estimado para ello, se podr\u00e1n adquirir, (en un plazo extraordinario), en el mes de Septiembre, (siempre y cuando haya stock suficiente de los libros que se soliciten), a trav\u00e9s de un documento que se facilitar\u00e1 en la sala 80. Dicho documento se tendr\u00e1 que cumplimentar con los datos personales requeridos y el pedido de libros que se quiere realizar. Se establecer\u00e1 un horario para acudir a recoger dicho pedido y se tendr\u00e1 que abonar el importe \u00edntegro en el momento de su recogida trav\u00e9s de tarjeta bancaria o en efectivo.<\/p>\n<p style=\"font-weight: 400;\"><strong>ATENCI\u00d3N:<\/strong>\u00a0Aunque no compren en nuestro servicio de librer\u00eda los\u00a0libros\u00a0de texto, los materiales editados por el colegio s\u00ed deben ser solicitados por todos los alumnos. De no ser as\u00ed, no se podr\u00e1 garantizar que este material se pueda entregar a tiempo en el aula.<\/p>\n<p><span style=\"font-size: 14px;\">Para cualquier duda pueden dirigirse a: <\/span><a style=\"font-size: 14px;\" href=\"mailto:libreria.valenciasjb@salesianos.edu\">libreria.valenciasjb@salesianos.edu<\/a><\/p>\n<p>[\/et_pb_text][et_pb_text _builder_version=\u00bb4.27.4&#8243; _module_preset=\u00bbdefault\u00bb hover_enabled=\u00bb0&#8243; global_colors_info=\u00bb{}\u00bb sticky_enabled=\u00bb0&#8243;]<\/p>\n<p>Actualizado 21 julio 2025<\/p>\n<p><a href=\"https:\/\/valenciasjb.salesianos.edu\/colegio\/wp-content\/uploads\/sites\/2\/2025\/06\/Listado-lisbros-curso-2025-2026-DEFINITIVO-COMPROBADO.pdf\" rel=\"attachment wp-att-23791\">Listado libros curso 2025-2026<\/a><\/p>\n<p><a href=\"https:\/\/valenciasjb.salesianos.edu\/colegio\/wp-content\/uploads\/sites\/2\/2025\/07\/PRECIOS-LIBROS-TEXTO-25-26.pdf\" rel=\"attachment wp-att-23824\">Precios libros de texto 25-26<\/a><\/p>\n<p><a href=\"https:\/\/docs.google.com\/forms\/d\/12e0ZxAdgL60_nAevxaV4h1KYHbBUBD2ORtV8Eot3Qq4\/edit\">Formulario petici\u00f3n libros\u00a0 INFANTIL-PRIMARIA<\/a><\/p>\n<p><a href=\"https:\/\/docs.google.com\/forms\/d\/11FQlU8491jszPxrr7AOwsVwZGSvBg2mLZllWUawFF_M\/edit\">Formulario petici\u00f3n libros ESO-BACHILLERATO<\/a><\/p>\n<p>&nbsp;<\/p>\n<p>&nbsp;<\/p>\n<p>&nbsp;<\/p>\n<p>[\/et_pb_text][\/et_pb_column][et_pb_column type=\u00bb1_3&#8243; _builder_version=\u00bb4.16&#8243; custom_padding=\u00bb|||\u00bb global_colors_info=\u00bb{}\u00bb custom_padding__hover=\u00bb|||\u00bb][et_pb_tabs active_tab_background_color=\u00bbrgba(12,113,195,0.42)\u00bb disabled_on=\u00bbon|on|on\u00bb admin_label=\u00bbPesta\u00f1as libros\u00bb _builder_version=\u00bb4.27.4&#8243; body_font=\u00bb|700|||||||\u00bb background_color=\u00bbrgba(12,113,195,0.29)\u00bb animation_style=\u00bbslide\u00bb border_radii=\u00bbon|5px|5px|5px|5px\u00bb border_width_all=\u00bb3px\u00bb border_color_all=\u00bb#d84b4b\u00bb disabled=\u00bbon\u00bb global_colors_info=\u00bb{}\u00bb][et_pb_tab title=\u00bbLIBROS INFANTIL 24-25&#8243; _builder_version=\u00bb4.25.2&#8243; _module_preset=\u00bbdefault\u00bb global_colors_info=\u00bb{}\u00bb]<\/p>\n<p><a href=\"https:\/\/valenciasjb.salesianos.edu\/colegio\/wp-content\/uploads\/sites\/2\/2024\/06\/LIBROS-INFANTIL-2425.pdf\" rel=\"attachment wp-att-21547\">LIBROS INFANTIL 2425<\/a><\/p>\n<p><a href=\"https:\/\/forms.gle\/oDe8Ssp9pVEd7sjW8\">FORMULARIO LIBROS INF 24-25<\/a><\/p>\n<p>[\/et_pb_tab][et_pb_tab title=\u00bbLIBROS PRIMARIA 24-25&#8243; _builder_version=\u00bb4.25.2&#8243; body_font=\u00bb||||||||\u00bb global_colors_info=\u00bb{}\u00bb]<\/p>\n<p><a href=\"https:\/\/valenciasjb.salesianos.edu\/colegio\/wp-content\/uploads\/sites\/2\/2024\/06\/LIBROS-PRIMARIA-2425.pdf\" rel=\"attachment wp-att-21550\">LIBROS PRIMARIA 2425<\/a><\/p>\n<p><a href=\"https:\/\/forms.gle\/oDe8Ssp9pVEd7sjW8\">FORMULARIO LIBROS PRIMARIA 24-25<\/a><\/p>\n<p>[\/et_pb_tab][et_pb_tab title=\u00bbLIBROS ESO 24-25&#8243; _builder_version=\u00bb4.26.0&#8243; body_font=\u00bb||||||||\u00bb global_colors_info=\u00bb{}\u00bb]<\/p>\n<p><a href=\"https:\/\/valenciasjb.salesianos.edu\/colegio\/wp-content\/uploads\/sites\/2\/2024\/07\/LISTADO-LIBROS-ESO-2425-V2.pdf\" rel=\"attachment wp-att-21612\">LISTADO LIBROS ESO 2425<\/a><\/p>\n<p><a href=\"https:\/\/forms.gle\/gMn3sHPmhvspU86z5\">FORMULARIO LIBROS ESO 24-25<\/a><\/p>\n<p>[\/et_pb_tab][et_pb_tab title=\u00bbLIBROS BACHILLERATO 24-25&#8243; _builder_version=\u00bb4.25.2&#8243; _module_preset=\u00bbdefault\u00bb global_colors_info=\u00bb{}\u00bb]<\/p>\n<p><a href=\"https:\/\/valenciasjb.salesianos.edu\/colegio\/wp-content\/uploads\/sites\/2\/2024\/06\/LIBROS-BACH-2425.pdf\" rel=\"attachment wp-att-21548\">LIBROS BACH 2425<\/a><\/p>\n<p><a href=\"https:\/\/forms.gle\/gMn3sHPmhvspU86z5\">FORMULARIO LIBROS BACH 24-25<\/a><\/p>\n<p>[\/et_pb_tab][\/et_pb_tabs][et_pb_text disabled_on=\u00bboff|off|off\u00bb _builder_version=\u00bb4.27.4&#8243; _module_preset=\u00bbdefault\u00bb text_orientation=\u00bbcenter\u00bb border_radii=\u00bbon|4px|4px|4px|4px\u00bb border_width_all=\u00bb6px\u00bb border_color_all=\u00bb#0C71C3&#8243; border_style_all=\u00bbdouble\u00bb global_colors_info=\u00bb{}\u00bb]<\/p>\n<p><strong>LISTADO\u00a0 Y PRECIOS LIBROS DE TEXTO TODAS LAS ETAPAS<\/strong><\/p>\n<p><a href=\"https:\/\/valenciasjb.salesianos.edu\/colegio\/wp-content\/uploads\/sites\/2\/2025\/06\/Listado-lisbros-curso-2025-2026-DEFINITIVO-COMPROBADO.pdf\" rel=\"attachment wp-att-23791\">LISTADO LIBROS TEXTO 25-26\u00a0<\/a><\/p>\n<p><a href=\"https:\/\/valenciasjb.salesianos.edu\/colegio\/wp-content\/uploads\/sites\/2\/2025\/07\/PRECIOS-LIBROS-TEXTO-25-26.pdf\" rel=\"attachment wp-att-23824\">PRECIOS LIBROS TEXTO 25-26<\/a><\/p>\n<p>&nbsp;<\/p>\n<p>[\/et_pb_text][et_pb_button button_url=\u00bbhttps:\/\/docs.google.com\/forms\/d\/12e0ZxAdgL60_nAevxaV4h1KYHbBUBD2ORtV8Eot3Qq4\/edit\u00bb button_text=\u00bbFORMULARIO LIBROS INFANTIL-PRIMARIA\u00bb admin_label=\u00bbBot\u00f3n LIBROS INF PRI\u00bb _builder_version=\u00bb4.27.4&#8243; _module_preset=\u00bbdefault\u00bb global_colors_info=\u00bb{}\u00bb][\/et_pb_button][et_pb_button button_url=\u00bbhttps:\/\/docs.google.com\/forms\/d\/11FQlU8491jszPxrr7AOwsVwZGSvBg2mLZllWUawFF_M\/edit\u00bb button_text=\u00bbFORMULARIO LIBROS ESO-BACHILLERATO\u00bb admin_label=\u00bbBot\u00f3n LIBROS ESO BACH\u00bb _builder_version=\u00bb4.27.4&#8243; _module_preset=\u00bbdefault\u00bb global_colors_info=\u00bb{}\u00bb][\/et_pb_button][et_pb_text disabled_on=\u00bbon|on|on\u00bb _builder_version=\u00bb4.27.4&#8243; _module_preset=\u00bbdefault\u00bb text_orientation=\u00bbcenter\u00bb border_radii=\u00bbon|4px|4px|4px|4px\u00bb border_width_all=\u00bb3px\u00bb border_color_all=\u00bb#E02B20&#8243; border_style_all=\u00bbdotted\u00bb disabled=\u00bbon\u00bb global_colors_info=\u00bb{}\u00bb]<\/p>\n<p><strong>PRECIOS LIBROS TODAS LAS ETAPAS<\/strong><\/p>\n<p><a href=\"https:\/\/valenciasjb.salesianos.edu\/colegio\/wp-content\/uploads\/sites\/2\/2024\/07\/PRECIOS-LIBROS-24-25-V6.pdf\" rel=\"attachment wp-att-21610\">PRECIOS LIBROS 24-25 actualizado 11 julio<\/a><\/p>\n<p>[\/et_pb_text][et_pb_gallery gallery_ids=\u00bb5341,5342,5343&#8243; gallery_captions=\u00bb,,\u00bb posts_number=\u00bb2&#8243; show_title_and_caption=\u00bboff\u00bb show_pagination=\u00bboff\u00bb _builder_version=\u00bb4.16&#8243; global_colors_info=\u00bb{}\u00bb][\/et_pb_gallery][\/et_pb_column][\/et_pb_row][\/et_pb_section]<\/p>\n<!-- AddThis Advanced Settings generic via filter on the_content --><!-- AddThis Share Buttons generic via filter on the_content -->","protected":false},"excerpt":{"rendered":"<p>IMPORTANTE Libros de texto Actualizado 26 junio 2024 El colegio Salesiano San Juan Bosco le ofrece la posibilidad de adquirir en el propio colegio los libros de texto y otros materiales did\u00e1cticos utilizados en el aula. Este servicio que se ofrece a las familias tiene como ventaja: Comodidad y seguridad: Tener la certeza que su [&hellip;]<\/p>\n<p><!-- AddThis Advanced Settings generic via filter on get_the_excerpt --><!-- AddThis Share Buttons generic via filter on get_the_excerpt --><\/p>\n","protected":false},"author":2,"featured_media":0,"parent":0,"menu_order":0,"comment_status":"closed","ping_status":"closed","template":"","meta":{"_et_pb_use_builder":"on","_et_pb_old_content":"","_et_gb_content_width":"","footnotes":""},"class_list":["post-5339","page","type-page","status-publish","hentry"],"yoast_head":"<!-- This site is optimized with the Yoast SEO plugin v27.3 - https:\/\/yoast.com\/product\/yoast-seo-wordpress\/ -->\n<title>Libros de texto - Colegio San Juan Bosco Valencia<\/title>\n<meta name=\"robots\" content=\"index, follow, max-snippet:-1, max-image-preview:large, max-video-preview:-1\" \/>\n<link rel=\"canonical\" href=\"https:\/\/valenciasjb.salesianos.edu\/colegio\/libros-de-texto\/\" \/>\n<meta property=\"og:locale\" content=\"es_ES\" \/>\n<meta property=\"og:type\" content=\"article\" \/>\n<meta property=\"og:title\" content=\"Libros de texto - Colegio San Juan Bosco Valencia\" \/>\n<meta property=\"og:description\" content=\"IMPORTANTE Libros de texto Actualizado 26 junio 2024 El colegio Salesiano San Juan Bosco le ofrece la posibilidad de adquirir en el propio colegio los libros de texto y otros materiales did\u00e1cticos utilizados en el aula. Este servicio que se ofrece a las familias tiene como ventaja: Comodidad y seguridad: Tener la certeza que su [&hellip;]\" \/>\n<meta property=\"og:url\" content=\"https:\/\/valenciasjb.salesianos.edu\/colegio\/libros-de-texto\/\" \/>\n<meta property=\"og:site_name\" content=\"Colegio San Juan Bosco Valencia\" \/>\n<meta property=\"article:publisher\" content=\"https:\/\/www.facebook.com\/ColegioSalesianoSanJuanBoscoValencia\" \/>\n<meta property=\"article:modified_time\" content=\"2025-07-21T12:16:41+00:00\" \/>\n<meta name=\"twitter:card\" content=\"summary_large_image\" \/>\n<meta name=\"twitter:site\" content=\"@SalesianosVSJB\" \/>\n<meta name=\"twitter:label1\" content=\"Tiempo de lectura\" \/>\n\t<meta name=\"twitter:data1\" content=\"1 minuto\" \/>\n<script type=\"application\/ld+json\" class=\"yoast-schema-graph\">{\"@context\":\"https:\\\/\\\/schema.org\",\"@graph\":[{\"@type\":\"WebPage\",\"@id\":\"https:\\\/\\\/valenciasjb.salesianos.edu\\\/colegio\\\/libros-de-texto\\\/\",\"url\":\"https:\\\/\\\/valenciasjb.salesianos.edu\\\/colegio\\\/libros-de-texto\\\/\",\"name\":\"Libros de texto - Colegio San Juan Bosco Valencia\",\"isPartOf\":{\"@id\":\"https:\\\/\\\/valenciasjb.salesianos.edu\\\/colegio\\\/#website\"},\"datePublished\":\"2017-10-27T11:06:43+00:00\",\"dateModified\":\"2025-07-21T12:16:41+00:00\",\"breadcrumb\":{\"@id\":\"https:\\\/\\\/valenciasjb.salesianos.edu\\\/colegio\\\/libros-de-texto\\\/#breadcrumb\"},\"inLanguage\":\"es\",\"potentialAction\":[{\"@type\":\"ReadAction\",\"target\":[\"https:\\\/\\\/valenciasjb.salesianos.edu\\\/colegio\\\/libros-de-texto\\\/\"]}]},{\"@type\":\"BreadcrumbList\",\"@id\":\"https:\\\/\\\/valenciasjb.salesianos.edu\\\/colegio\\\/libros-de-texto\\\/#breadcrumb\",\"itemListElement\":[{\"@type\":\"ListItem\",\"position\":1,\"name\":\"Portada\",\"item\":\"https:\\\/\\\/valenciasjb.salesianos.edu\\\/colegio\\\/\"},{\"@type\":\"ListItem\",\"position\":2,\"name\":\"Libros de texto\"}]},{\"@type\":\"WebSite\",\"@id\":\"https:\\\/\\\/valenciasjb.salesianos.edu\\\/colegio\\\/#website\",\"url\":\"https:\\\/\\\/valenciasjb.salesianos.edu\\\/colegio\\\/\",\"name\":\"Colegio San Juan Bosco Valencia\",\"description\":\"P\u00e1gina oficial del Colegio Salesianos San Juan Bosco Valencia\",\"alternateName\":\"Salesianos.VSJB\",\"potentialAction\":[{\"@type\":\"SearchAction\",\"target\":{\"@type\":\"EntryPoint\",\"urlTemplate\":\"https:\\\/\\\/valenciasjb.salesianos.edu\\\/colegio\\\/?s={search_term_string}\"},\"query-input\":{\"@type\":\"PropertyValueSpecification\",\"valueRequired\":true,\"valueName\":\"search_term_string\"}}],\"inLanguage\":\"es\"}]}<\/script>\n<!-- \/ Yoast SEO plugin. -->","yoast_head_json":{"title":"Libros de texto - Colegio San Juan Bosco Valencia","robots":{"index":"index","follow":"follow","max-snippet":"max-snippet:-1","max-image-preview":"max-image-preview:large","max-video-preview":"max-video-preview:-1"},"canonical":"https:\/\/valenciasjb.salesianos.edu\/colegio\/libros-de-texto\/","og_locale":"es_ES","og_type":"article","og_title":"Libros de texto - Colegio San Juan Bosco Valencia","og_description":"IMPORTANTE Libros de texto Actualizado 26 junio 2024 El colegio Salesiano San Juan Bosco le ofrece la posibilidad de adquirir en el propio colegio los libros de texto y otros materiales did\u00e1cticos utilizados en el aula. Este servicio que se ofrece a las familias tiene como ventaja: Comodidad y seguridad: Tener la certeza que su [&hellip;]","og_url":"https:\/\/valenciasjb.salesianos.edu\/colegio\/libros-de-texto\/","og_site_name":"Colegio San Juan Bosco Valencia","article_publisher":"https:\/\/www.facebook.com\/ColegioSalesianoSanJuanBoscoValencia","article_modified_time":"2025-07-21T12:16:41+00:00","twitter_card":"summary_large_image","twitter_site":"@SalesianosVSJB","twitter_misc":{"Tiempo de lectura":"1 minuto"},"schema":{"@context":"https:\/\/schema.org","@graph":[{"@type":"WebPage","@id":"https:\/\/valenciasjb.salesianos.edu\/colegio\/libros-de-texto\/","url":"https:\/\/valenciasjb.salesianos.edu\/colegio\/libros-de-texto\/","name":"Libros de texto - Colegio San Juan Bosco Valencia","isPartOf":{"@id":"https:\/\/valenciasjb.salesianos.edu\/colegio\/#website"},"datePublished":"2017-10-27T11:06:43+00:00","dateModified":"2025-07-21T12:16:41+00:00","breadcrumb":{"@id":"https:\/\/valenciasjb.salesianos.edu\/colegio\/libros-de-texto\/#breadcrumb"},"inLanguage":"es","potentialAction":[{"@type":"ReadAction","target":["https:\/\/valenciasjb.salesianos.edu\/colegio\/libros-de-texto\/"]}]},{"@type":"BreadcrumbList","@id":"https:\/\/valenciasjb.salesianos.edu\/colegio\/libros-de-texto\/#breadcrumb","itemListElement":[{"@type":"ListItem","position":1,"name":"Portada","item":"https:\/\/valenciasjb.salesianos.edu\/colegio\/"},{"@type":"ListItem","position":2,"name":"Libros de texto"}]},{"@type":"WebSite","@id":"https:\/\/valenciasjb.salesianos.edu\/colegio\/#website","url":"https:\/\/valenciasjb.salesianos.edu\/colegio\/","name":"Colegio San Juan Bosco Valencia","description":"P\u00e1gina oficial del Colegio Salesianos San Juan Bosco Valencia","alternateName":"Salesianos.VSJB","potentialAction":[{"@type":"SearchAction","target":{"@type":"EntryPoint","urlTemplate":"https:\/\/valenciasjb.salesianos.edu\/colegio\/?s={search_term_string}"},"query-input":{"@type":"PropertyValueSpecification","valueRequired":true,"valueName":"search_term_string"}}],"inLanguage":"es"}]}},"_links":{"self":[{"href":"https:\/\/valenciasjb.salesianos.edu\/colegio\/wp-json\/wp\/v2\/pages\/5339","targetHints":{"allow":["GET"]}}],"collection":[{"href":"https:\/\/valenciasjb.salesianos.edu\/colegio\/wp-json\/wp\/v2\/pages"}],"about":[{"href":"https:\/\/valenciasjb.salesianos.edu\/colegio\/wp-json\/wp\/v2\/types\/page"}],"author":[{"embeddable":true,"href":"https:\/\/valenciasjb.salesianos.edu\/colegio\/wp-json\/wp\/v2\/users\/2"}],"replies":[{"embeddable":true,"href":"https:\/\/valenciasjb.salesianos.edu\/colegio\/wp-json\/wp\/v2\/comments?post=5339"}],"version-history":[{"count":112,"href":"https:\/\/valenciasjb.salesianos.edu\/colegio\/wp-json\/wp\/v2\/pages\/5339\/revisions"}],"predecessor-version":[{"id":23827,"href":"https:\/\/valenciasjb.salesianos.edu\/colegio\/wp-json\/wp\/v2\/pages\/5339\/revisions\/23827"}],"wp:attachment":[{"href":"https:\/\/valenciasjb.salesianos.edu\/colegio\/wp-json\/wp\/v2\/media?parent=5339"}],"curies":[{"name":"wp","href":"https:\/\/api.w.org\/{rel}","templated":true}]}}