{"id":5440,"date":"2017-10-28T21:42:57","date_gmt":"2017-10-28T20:42:57","guid":{"rendered":"https:\/\/valenciasjb.salesianos.edu\/colegio\/?page_id=5440"},"modified":"2024-04-04T21:15:48","modified_gmt":"2024-04-04T20:15:48","slug":"seguro-escolar","status":"publish","type":"page","link":"https:\/\/valenciasjb.salesianos.edu\/colegio\/administracion\/seguro-escolar\/","title":{"rendered":"Seguro escolar"},"content":{"rendered":"<div id=\"fb-root\"><\/div>\n<p>[et_pb_section fb_built=\u00bb1&#8243; fullwidth=\u00bbon\u00bb _builder_version=\u00bb4.16&#8243; global_colors_info=\u00bb{}\u00bb][et_pb_fullwidth_header title=\u00bbSeguro escolar\u00bb title_font_color=\u00bb#ffffff\u00bb module_class=\u00bbpagina-imagen-cabecera\u00bb _builder_version=\u00bb4.24.2&#8243; title_text_color=\u00bb#ffffff\u00bb title_font_size=\u00bb40px\u00bb background_color=\u00bb#7CDA24&#8243; background_image=\u00bbhttps:\/\/inspectoria.salesianos.edu\/wp-content\/uploads\/2017\/09\/ImagenPAGINA.jpg\u00bb background_layout=\u00bblight\u00bb max_width_tablet=\u00bb50px\u00bb hover_enabled=\u00bb0&#8243; background_url=\u00bbhttps:\/\/alicante.salesianos.edu\/colegio\/wp-content\/uploads\/sites\/2\/2017\/04\/Captura-de-pantalla-2017-04-13-a-las-16.57.17.png\u00bb global_colors_info=\u00bb{}\u00bb button_one_text_size__hover_enabled=\u00bboff\u00bb button_two_text_size__hover_enabled=\u00bboff\u00bb button_one_text_color__hover_enabled=\u00bboff\u00bb button_two_text_color__hover_enabled=\u00bboff\u00bb button_one_border_width__hover_enabled=\u00bboff\u00bb button_two_border_width__hover_enabled=\u00bboff\u00bb button_one_border_color__hover_enabled=\u00bboff\u00bb button_two_border_color__hover_enabled=\u00bboff\u00bb button_one_border_radius__hover_enabled=\u00bboff\u00bb button_two_border_radius__hover_enabled=\u00bboff\u00bb button_one_letter_spacing__hover_enabled=\u00bboff\u00bb button_two_letter_spacing__hover_enabled=\u00bboff\u00bb button_one_bg_color__hover_enabled=\u00bboff\u00bb button_two_bg_color__hover_enabled=\u00bboff\u00bb sticky_enabled=\u00bb0&#8243;][\/et_pb_fullwidth_header][\/et_pb_section][et_pb_section fb_built=\u00bb1&#8243; module_class=\u00bbpagina-seccion-contenido\u00bb _builder_version=\u00bb4.16&#8243; custom_padding=\u00bb0%|||\u00bb global_colors_info=\u00bb{}\u00bb][et_pb_row module_class=\u00bbpagina-texto\u00bb _builder_version=\u00bb4.16&#8243; background_size=\u00bbinitial\u00bb background_position=\u00bbtop_left\u00bb background_repeat=\u00bbrepeat\u00bb custom_margin=\u00bb25px|||\u00bb custom_padding=\u00bb30px|0px|0px|0px\u00bb global_colors_info=\u00bb{}\u00bb][et_pb_column type=\u00bb4_4&#8243; _builder_version=\u00bb4.16&#8243; custom_padding=\u00bb|||\u00bb global_colors_info=\u00bb{}\u00bb custom_padding__hover=\u00bb|||\u00bb][et_pb_text _builder_version=\u00bb4.16&#8243; global_colors_info=\u00bb{}\u00bb]<\/p>\n<h1>Atenci\u00f3n sanitaria<\/h1>\n<p>[\/et_pb_text][et_pb_text _builder_version=\u00bb4.16&#8243; background_size=\u00bbinitial\u00bb background_position=\u00bbtop_left\u00bb background_repeat=\u00bbrepeat\u00bb global_colors_info=\u00bb{}\u00bb]<\/p>\n<p>Servicio de atenci\u00f3n de primeros auxilios a alumnos en caso de accidente o indisposici\u00f3n. Este servicio complementario se ofrece a todos los alumnos del colegio, en todas las etapas.<\/p>\n<p>[\/et_pb_text][\/et_pb_column][\/et_pb_row][et_pb_row module_class=\u00bbpagina-texto\u00bb _builder_version=\u00bb4.16&#8243; background_size=\u00bbinitial\u00bb background_position=\u00bbtop_left\u00bb background_repeat=\u00bbrepeat\u00bb custom_margin=\u00bb25px|||\u00bb custom_padding=\u00bb30px|0px|0px|0px\u00bb global_colors_info=\u00bb{}\u00bb][et_pb_column type=\u00bb4_4&#8243; _builder_version=\u00bb4.16&#8243; custom_padding=\u00bb|||\u00bb global_colors_info=\u00bb{}\u00bb custom_padding__hover=\u00bb|||\u00bb][et_pb_text _builder_version=\u00bb4.16&#8243; global_colors_info=\u00bb{}\u00bb]<\/p>\n<h1>Seguro voluntario para alumnos menores de 14 a\u00f1os<\/h1>\n<p>[\/et_pb_text][et_pb_text _builder_version=\u00bb4.16&#8243; background_size=\u00bbinitial\u00bb background_position=\u00bbtop_left\u00bb background_repeat=\u00bbrepeat\u00bb global_colors_info=\u00bb{}\u00bb]<\/p>\n<p><span style=\"color: #323232; font-family: Arial, Helvetica, 'Bitstream Vera Sans', sans-serif; font-size: 16px;\">Asistencia\u00a0<\/span>m\u00e9dica en caso de accidente escolar en los centros m\u00e9dicos concertado. Adem\u00e1s este seguro incluye otro tipo de coberturas.<\/p>\n<p>&nbsp;<\/p>\n<p>[\/et_pb_text][et_pb_blurb title=\u00bbMas informaci\u00f3n\u00bb url=\u00bbhttps:\/\/valenciasjb.salesianos.edu\/colegio\/seguro-voluntario\u00bb use_icon=\u00bbon\u00bb font_icon=\u00bb&#x50;||divi||400&#8243; icon_placement=\u00bbleft\u00bb _builder_version=\u00bb4.16&#8243; global_colors_info=\u00bb{}\u00bb][\/et_pb_blurb][\/et_pb_column][\/et_pb_row][et_pb_row module_class=\u00bbpagina-texto\u00bb _builder_version=\u00bb4.16&#8243; background_size=\u00bbinitial\u00bb background_position=\u00bbtop_left\u00bb background_repeat=\u00bbrepeat\u00bb custom_margin=\u00bb25px|||\u00bb custom_padding=\u00bb30px|0px|0px|0px\u00bb global_colors_info=\u00bb{}\u00bb column_structure=\u00bb2_3,1_3&#8243;][et_pb_column type=\u00bb2_3&#8243; _builder_version=\u00bb4.16&#8243; custom_padding=\u00bb|||\u00bb global_colors_info=\u00bb{}\u00bb custom_padding__hover=\u00bb|||\u00bb][et_pb_text _builder_version=\u00bb4.16&#8243; global_colors_info=\u00bb{}\u00bb]<\/p>\n<h1>Seguro escolar obligatorio para alumnos mayores de 14 a\u00f1os<\/h1>\n<p>[\/et_pb_text][et_pb_text _builder_version=\u00bb4.16&#8243; background_size=\u00bbinitial\u00bb background_position=\u00bbtop_left\u00bb background_repeat=\u00bbrepeat\u00bb global_colors_info=\u00bb{}\u00bb]<\/p>\n<p style=\"text-align: justify;\">Es un seguro obligatorio por ley, p<span>ara alumnos mayores de 14 a\u00f1os (3\u00ba ESO \u2013 2\u00ba\u00a0<\/span><span>Bachillerato)\u00a0<\/span>que cubre la prestaci\u00f3n sanitaria, en caso de accidente escolar, en hospitales p\u00fablicos o cl\u00ednicas concertadas con la administraci\u00f3n ( CLINICA SOROLLA)<\/p>\n<p>\u00a0<\/p>\n<p style=\"text-align: justify;\">Para hacer uso de la cobertura de este seguro ser\u00e1 necesario cumplimentar el correspondiente<br \/>parte de accidente que est\u00e1 disponible en porter\u00eda\/administraci\u00f3n del colegio y acudir al<br \/>centro sanitario correspondiente.<\/p>\n<p>\u00a0<\/p>\n<p>[\/et_pb_text][et_pb_blurb use_icon=\u00bbon\u00bb font_icon=\u00bb&#xe010;||divi||400&#8243; icon_placement=\u00bbleft\u00bb _builder_version=\u00bb4.16&#8243; global_colors_info=\u00bb{}\u00bb]<\/p>\n<p><em>CLINICA SOROLLA.\u00a0 Calle del M\u00fasico Gin\u00e9s, 8 \u00b7 46022 Valencia \u00b7 963 722 640<\/em><\/p>\n<p>[\/et_pb_blurb][\/et_pb_column][et_pb_column type=\u00bb1_3&#8243; _builder_version=\u00bb4.16&#8243; custom_padding=\u00bb|||\u00bb global_colors_info=\u00bb{}\u00bb custom_padding__hover=\u00bb|||\u00bb][et_pb_gallery gallery_ids=\u00bb5442&#8243; show_title_and_caption=\u00bboff\u00bb show_pagination=\u00bboff\u00bb _builder_version=\u00bb4.16&#8243; border_width_all=\u00bb1px\u00bb border_color_all=\u00bb#e02b20&#8243; border_style_all=\u00bbsolid\u00bb box_shadow_style_image=\u00bbpreset1&#8243; use_border_color=\u00bbon\u00bb border_color=\u00bb#e02b20&#8243; global_colors_info=\u00bb{}\u00bb][\/et_pb_gallery][\/et_pb_column][\/et_pb_row][\/et_pb_section]<\/p>\n<!-- AddThis Advanced Settings generic via filter on the_content --><!-- AddThis Share Buttons generic via filter on the_content -->","protected":false},"excerpt":{"rendered":"<p>Atenci\u00f3n sanitariaServicio de atenci\u00f3n de primeros auxilios a alumnos en caso de accidente o indisposici\u00f3n. Este servicio complementario se ofrece a todos los alumnos del colegio, en todas las etapas.Seguro voluntario para alumnos menores de 14 a\u00f1osAsistencia\u00a0m\u00e9dica en caso de accidente escolar en los centros m\u00e9dicos concertado. Adem\u00e1s este seguro incluye otro tipo de coberturas. [&hellip;]<\/p>\n<p><!-- AddThis Advanced Settings generic via filter on get_the_excerpt --><!-- AddThis Share Buttons generic via filter on get_the_excerpt --><\/p>\n","protected":false},"author":2,"featured_media":0,"parent":4408,"menu_order":0,"comment_status":"closed","ping_status":"closed","template":"","meta":{"_et_pb_use_builder":"on","_et_pb_old_content":"","_et_gb_content_width":"","footnotes":""},"class_list":["post-5440","page","type-page","status-publish","hentry"],"yoast_head":"<!-- This site is optimized with the Yoast SEO plugin v27.2 - https:\/\/yoast.com\/product\/yoast-seo-wordpress\/ -->\n<title>Seguro escolar - Colegio San Juan Bosco Valencia<\/title>\n<meta name=\"robots\" content=\"index, follow, max-snippet:-1, max-image-preview:large, max-video-preview:-1\" \/>\n<link rel=\"canonical\" href=\"https:\/\/valenciasjb.salesianos.edu\/colegio\/administracion\/seguro-escolar\/\" \/>\n<meta property=\"og:locale\" content=\"es_ES\" \/>\n<meta property=\"og:type\" content=\"article\" \/>\n<meta property=\"og:title\" content=\"Seguro escolar - Colegio San Juan Bosco Valencia\" \/>\n<meta property=\"og:description\" content=\"Atenci\u00f3n sanitariaServicio de atenci\u00f3n de primeros auxilios a alumnos en caso de accidente o indisposici\u00f3n. Este servicio complementario se ofrece a todos los alumnos del colegio, en todas las etapas.Seguro voluntario para alumnos menores de 14 a\u00f1osAsistencia\u00a0m\u00e9dica en caso de accidente escolar en los centros m\u00e9dicos concertado. Adem\u00e1s este seguro incluye otro tipo de coberturas. [&hellip;]\" \/>\n<meta property=\"og:url\" content=\"https:\/\/valenciasjb.salesianos.edu\/colegio\/administracion\/seguro-escolar\/\" \/>\n<meta property=\"og:site_name\" content=\"Colegio San Juan Bosco Valencia\" \/>\n<meta property=\"article:publisher\" content=\"https:\/\/www.facebook.com\/ColegioSalesianoSanJuanBoscoValencia\" \/>\n<meta property=\"article:modified_time\" content=\"2024-04-04T20:15:48+00:00\" \/>\n<meta name=\"twitter:card\" content=\"summary_large_image\" \/>\n<meta name=\"twitter:site\" content=\"@SalesianosVSJB\" \/>\n<meta name=\"twitter:label1\" content=\"Tiempo de lectura\" \/>\n\t<meta name=\"twitter:data1\" content=\"1 minuto\" \/>\n<script type=\"application\/ld+json\" class=\"yoast-schema-graph\">{\"@context\":\"https:\/\/schema.org\",\"@graph\":[{\"@type\":\"WebPage\",\"@id\":\"https:\/\/valenciasjb.salesianos.edu\/colegio\/administracion\/seguro-escolar\/\",\"url\":\"https:\/\/valenciasjb.salesianos.edu\/colegio\/administracion\/seguro-escolar\/\",\"name\":\"Seguro escolar - Colegio San Juan Bosco Valencia\",\"isPartOf\":{\"@id\":\"https:\/\/valenciasjb.salesianos.edu\/colegio\/#website\"},\"datePublished\":\"2017-10-28T20:42:57+00:00\",\"dateModified\":\"2024-04-04T20:15:48+00:00\",\"breadcrumb\":{\"@id\":\"https:\/\/valenciasjb.salesianos.edu\/colegio\/administracion\/seguro-escolar\/#breadcrumb\"},\"inLanguage\":\"es\",\"potentialAction\":[{\"@type\":\"ReadAction\",\"target\":[\"https:\/\/valenciasjb.salesianos.edu\/colegio\/administracion\/seguro-escolar\/\"]}]},{\"@type\":\"BreadcrumbList\",\"@id\":\"https:\/\/valenciasjb.salesianos.edu\/colegio\/administracion\/seguro-escolar\/#breadcrumb\",\"itemListElement\":[{\"@type\":\"ListItem\",\"position\":1,\"name\":\"Portada\",\"item\":\"https:\/\/valenciasjb.salesianos.edu\/colegio\/\"},{\"@type\":\"ListItem\",\"position\":2,\"name\":\"Administraci\u00f3n\",\"item\":\"https:\/\/valenciasjb.salesianos.edu\/colegio\/administracion\/\"},{\"@type\":\"ListItem\",\"position\":3,\"name\":\"Seguro escolar\"}]},{\"@type\":\"WebSite\",\"@id\":\"https:\/\/valenciasjb.salesianos.edu\/colegio\/#website\",\"url\":\"https:\/\/valenciasjb.salesianos.edu\/colegio\/\",\"name\":\"Colegio San Juan Bosco Valencia\",\"description\":\"P\u00e1gina oficial del Colegio Salesianos San Juan Bosco Valencia\",\"alternateName\":\"Salesianos.VSJB\",\"potentialAction\":[{\"@type\":\"SearchAction\",\"target\":{\"@type\":\"EntryPoint\",\"urlTemplate\":\"https:\/\/valenciasjb.salesianos.edu\/colegio\/?s={search_term_string}\"},\"query-input\":{\"@type\":\"PropertyValueSpecification\",\"valueRequired\":true,\"valueName\":\"search_term_string\"}}],\"inLanguage\":\"es\"}]}<\/script>\n<!-- \/ Yoast SEO plugin. -->","yoast_head_json":{"title":"Seguro escolar - Colegio San Juan Bosco Valencia","robots":{"index":"index","follow":"follow","max-snippet":"max-snippet:-1","max-image-preview":"max-image-preview:large","max-video-preview":"max-video-preview:-1"},"canonical":"https:\/\/valenciasjb.salesianos.edu\/colegio\/administracion\/seguro-escolar\/","og_locale":"es_ES","og_type":"article","og_title":"Seguro escolar - Colegio San Juan Bosco Valencia","og_description":"Atenci\u00f3n sanitariaServicio de atenci\u00f3n de primeros auxilios a alumnos en caso de accidente o indisposici\u00f3n. Este servicio complementario se ofrece a todos los alumnos del colegio, en todas las etapas.Seguro voluntario para alumnos menores de 14 a\u00f1osAsistencia\u00a0m\u00e9dica en caso de accidente escolar en los centros m\u00e9dicos concertado. Adem\u00e1s este seguro incluye otro tipo de coberturas. [&hellip;]","og_url":"https:\/\/valenciasjb.salesianos.edu\/colegio\/administracion\/seguro-escolar\/","og_site_name":"Colegio San Juan Bosco Valencia","article_publisher":"https:\/\/www.facebook.com\/ColegioSalesianoSanJuanBoscoValencia","article_modified_time":"2024-04-04T20:15:48+00:00","twitter_card":"summary_large_image","twitter_site":"@SalesianosVSJB","twitter_misc":{"Tiempo de lectura":"1 minuto"},"schema":{"@context":"https:\/\/schema.org","@graph":[{"@type":"WebPage","@id":"https:\/\/valenciasjb.salesianos.edu\/colegio\/administracion\/seguro-escolar\/","url":"https:\/\/valenciasjb.salesianos.edu\/colegio\/administracion\/seguro-escolar\/","name":"Seguro escolar - Colegio San Juan Bosco Valencia","isPartOf":{"@id":"https:\/\/valenciasjb.salesianos.edu\/colegio\/#website"},"datePublished":"2017-10-28T20:42:57+00:00","dateModified":"2024-04-04T20:15:48+00:00","breadcrumb":{"@id":"https:\/\/valenciasjb.salesianos.edu\/colegio\/administracion\/seguro-escolar\/#breadcrumb"},"inLanguage":"es","potentialAction":[{"@type":"ReadAction","target":["https:\/\/valenciasjb.salesianos.edu\/colegio\/administracion\/seguro-escolar\/"]}]},{"@type":"BreadcrumbList","@id":"https:\/\/valenciasjb.salesianos.edu\/colegio\/administracion\/seguro-escolar\/#breadcrumb","itemListElement":[{"@type":"ListItem","position":1,"name":"Portada","item":"https:\/\/valenciasjb.salesianos.edu\/colegio\/"},{"@type":"ListItem","position":2,"name":"Administraci\u00f3n","item":"https:\/\/valenciasjb.salesianos.edu\/colegio\/administracion\/"},{"@type":"ListItem","position":3,"name":"Seguro escolar"}]},{"@type":"WebSite","@id":"https:\/\/valenciasjb.salesianos.edu\/colegio\/#website","url":"https:\/\/valenciasjb.salesianos.edu\/colegio\/","name":"Colegio San Juan Bosco Valencia","description":"P\u00e1gina oficial del Colegio Salesianos San Juan Bosco Valencia","alternateName":"Salesianos.VSJB","potentialAction":[{"@type":"SearchAction","target":{"@type":"EntryPoint","urlTemplate":"https:\/\/valenciasjb.salesianos.edu\/colegio\/?s={search_term_string}"},"query-input":{"@type":"PropertyValueSpecification","valueRequired":true,"valueName":"search_term_string"}}],"inLanguage":"es"}]}},"_links":{"self":[{"href":"https:\/\/valenciasjb.salesianos.edu\/colegio\/wp-json\/wp\/v2\/pages\/5440","targetHints":{"allow":["GET"]}}],"collection":[{"href":"https:\/\/valenciasjb.salesianos.edu\/colegio\/wp-json\/wp\/v2\/pages"}],"about":[{"href":"https:\/\/valenciasjb.salesianos.edu\/colegio\/wp-json\/wp\/v2\/types\/page"}],"author":[{"embeddable":true,"href":"https:\/\/valenciasjb.salesianos.edu\/colegio\/wp-json\/wp\/v2\/users\/2"}],"replies":[{"embeddable":true,"href":"https:\/\/valenciasjb.salesianos.edu\/colegio\/wp-json\/wp\/v2\/comments?post=5440"}],"version-history":[{"count":4,"href":"https:\/\/valenciasjb.salesianos.edu\/colegio\/wp-json\/wp\/v2\/pages\/5440\/revisions"}],"predecessor-version":[{"id":20563,"href":"https:\/\/valenciasjb.salesianos.edu\/colegio\/wp-json\/wp\/v2\/pages\/5440\/revisions\/20563"}],"up":[{"embeddable":true,"href":"https:\/\/valenciasjb.salesianos.edu\/colegio\/wp-json\/wp\/v2\/pages\/4408"}],"wp:attachment":[{"href":"https:\/\/valenciasjb.salesianos.edu\/colegio\/wp-json\/wp\/v2\/media?parent=5440"}],"curies":[{"name":"wp","href":"https:\/\/api.w.org\/{rel}","templated":true}]}}