{"id":5706,"date":"2017-03-07T16:13:28","date_gmt":"2017-03-07T15:13:28","guid":{"rendered":"https:\/\/valenciasjb.salesianos.edu\/colegio\/aviso-legal\/"},"modified":"2024-12-03T12:00:41","modified_gmt":"2024-12-03T11:00:41","slug":"aviso-legal","status":"publish","type":"page","link":"https:\/\/valenciasjb.salesianos.edu\/colegio\/aviso-legal\/","title":{"rendered":"Aviso legal"},"content":{"rendered":"<div id=\"fb-root\"><\/div>\n<p>[et_pb_section fb_built=\u00bb1&#8243; admin_label=\u00bbsection\u00bb _builder_version=\u00bb4.16&#8243; global_colors_info=\u00bb{}\u00bb][et_pb_row admin_label=\u00bbrow\u00bb _builder_version=\u00bb4.16&#8243; background_size=\u00bbinitial\u00bb background_position=\u00bbtop_left\u00bb background_repeat=\u00bbrepeat\u00bb global_colors_info=\u00bb{}\u00bb][et_pb_column type=\u00bb4_4&#8243; _builder_version=\u00bb4.16&#8243; custom_padding=\u00bb|||\u00bb global_colors_info=\u00bb{}\u00bb custom_padding__hover=\u00bb|||\u00bb][et_pb_text admin_label=\u00bbTexto\u00bb _builder_version=\u00bb4.16&#8243; text_font=\u00bb|on|||\u00bb text_text_color=\u00bb#dc001b\u00bb text_font_size=\u00bb18&#8243; background_size=\u00bbinitial\u00bb background_position=\u00bbtop_left\u00bb background_repeat=\u00bbrepeat\u00bb global_colors_info=\u00bb{}\u00bb]Aviso legal<br \/>\n[\/et_pb_text][et_pb_text admin_label=\u00bbTexto\u00bb _builder_version=\u00bb4.27.4&#8243; text_font=\u00bbArial||||\u00bb text_line_height=\u00bb1.8em\u00bb background_size=\u00bbinitial\u00bb background_position=\u00bbtop_left\u00bb background_repeat=\u00bbrepeat\u00bb text_orientation=\u00bbjustified\u00bb hover_enabled=\u00bb0&#8243; global_colors_info=\u00bb{}\u00bb sticky_enabled=\u00bb0&#8243;]<\/p>\n<p>La presente Web, a efectos de dar cumplimiento al art\u00edculo 10 de la Ley de Servicio Sociales de la Informaci\u00f3n y el Comercio Electr\u00f3nico, es propiedad del Colegio Salesianos San Juan Bosco, con CIF R4600498B y domicilio social en Avda. de La Plata. 10 46013 Valencia, cuyo tel\u00e9fono de contacto es el 963 343 705 y el correo electr\u00f3nico de contacto \u00a0<strong><a href=\"mailto:protecciondatos.valenciasjb@salesianos.edu\">protecciondatos.valenciasjb@salesianos.edu<\/a><\/strong><\/p>\n<p>En la p\u00e1gina principal, a trav\u00e9s del men\u00fa principal, puedes conocer m\u00e1s sobre nosotros y nuestras actividades.<\/p>\n<p>Cuando accede a la p\u00e1gina web accede con las condiciones que se han manifestado en este aviso y en la pol\u00edtica de privacidad. La web puede estar sujeta a cambios, por lo que estas pol\u00edticas pueden cambiar o ser versiones modificadas sin previo aviso, al objeto de mantener actualizada su informaci\u00f3n, a\u00f1adiendo, modificando, corrigiendo o eliminando\u00a0los contenidos publicados o el dise\u00f1o del sitio web, de ah\u00ed que sea necesario que lea su contenido al acceder.<\/p>\n<p>La informaci\u00f3n personal que en la web se recoge ser\u00e1 gestionada seg\u00fan se explica en la\u00a0<a href=\"https:\/\/badajoz.salesianos.edu\/privacidad\/\"><strong>pol\u00edtica de privacidad<\/strong><\/a>\u00a0y aplicando las medidas de seguridad obligatorias que impidan su acceso, uso indebido, manipulaci\u00f3n o p\u00e9rdida de datos.<\/p>\n<p>El colegio se reserva el derecho a denegar el acceso a servicios ofrecidos en el portal cuando el usuario no acepte o incumpla las condiciones de uso descritas en sus pol\u00edticas. Tambi\u00e9n podr\u00e1 ejercer todas las acciones civiles y penales que pudieran corresponder en derecho por el incumplimiento o el uso indebido del portal por parte de tercero. El colegio se reserva en cualquier momento el derecho a modificar las condiciones aqu\u00ed determinadas por otras que s\u00f3lo ser\u00e1n vigentes cuando est\u00e9 debidamente publicada. \u00a0\u00a0<\/p>\n<p>No nos hacemos responsable de la legalidad y contenidos de otros sitios web de terceros vinculados o enlazados en nuestra web. Desde esta web podr\u00e1n realizarse enlaces a otras p\u00e1ginas no gestionadas por el prestador de servicios de programaci\u00f3n, creaci\u00f3n y dise\u00f1o web, declin\u00e1ndose por lo tanto cualquier responsabilidad en el acceso a esas p\u00e1ginas de terceros.<\/p>\n<p>No somos pues responsable de la ausencia de informaci\u00f3n de la cesi\u00f3n a \u00e9ste portal o de incumplimientos iniciales de los responsables del tratamiento de datos en origen. Tampoco somos responsables del uso incorrecto, inapropiado o il\u00edcito que terceros pudieran dar a la informaci\u00f3n gr\u00e1fica y audiovisual contenida en la web.<\/p>\n<p>Los logotipos, marcas, o signos que identifican al colegio no suponen que sean de libre disposici\u00f3n por el mero hecho de acceder a la web, de ah\u00ed que no hay derechos de los usuarios sobre estos ni sobre los contenidos que se recogen, ya que pueden ser propiedad intelectual, bien propia, bien de terceros que han autorizado su uso y a quienes corresponde el ejercer su explotaci\u00f3n, reproducci\u00f3n y distribuci\u00f3n.<\/p>\n<p>[\/et_pb_text][\/et_pb_column][\/et_pb_row][\/et_pb_section]<\/p>\n<!-- AddThis Advanced Settings generic via filter on the_content --><!-- AddThis Share Buttons generic via filter on the_content -->","protected":false},"excerpt":{"rendered":"<p>Aviso legal La presente Web, a efectos de dar cumplimiento al art\u00edculo 10 de la Ley de Servicio Sociales de la Informaci\u00f3n y el Comercio Electr\u00f3nico, es propiedad del Colegio Salesianos San Juan Bosco, con CIF R4600498B y domicilio social en Avda. de La Plata. 10 46013 Valencia, cuyo tel\u00e9fono de contacto es el 963 [&hellip;]<\/p>\n<p><!-- AddThis Advanced Settings generic via filter on get_the_excerpt --><!-- AddThis Share Buttons generic via filter on get_the_excerpt --><\/p>\n","protected":false},"author":2,"featured_media":0,"parent":0,"menu_order":0,"comment_status":"closed","ping_status":"closed","template":"","meta":{"_et_pb_use_builder":"on","_et_pb_old_content":"","_et_gb_content_width":"","footnotes":""},"class_list":["post-5706","page","type-page","status-publish","hentry"],"yoast_head":"<!-- This site is optimized with the Yoast SEO plugin v27.3 - https:\/\/yoast.com\/product\/yoast-seo-wordpress\/ -->\n<title>Aviso legal - Colegio San Juan Bosco Valencia<\/title>\n<meta name=\"robots\" content=\"index, follow, max-snippet:-1, max-image-preview:large, max-video-preview:-1\" \/>\n<link rel=\"canonical\" href=\"https:\/\/valenciasjb.salesianos.edu\/colegio\/aviso-legal\/\" \/>\n<meta property=\"og:locale\" content=\"es_ES\" \/>\n<meta property=\"og:type\" content=\"article\" \/>\n<meta property=\"og:title\" content=\"Aviso legal - Colegio San Juan Bosco Valencia\" \/>\n<meta property=\"og:description\" content=\"Aviso legal La presente Web, a efectos de dar cumplimiento al art\u00edculo 10 de la Ley de Servicio Sociales de la Informaci\u00f3n y el Comercio Electr\u00f3nico, es propiedad del Colegio Salesianos San Juan Bosco, con CIF R4600498B y domicilio social en Avda. de La Plata. 10 46013 Valencia, cuyo tel\u00e9fono de contacto es el 963 [&hellip;]\" \/>\n<meta property=\"og:url\" content=\"https:\/\/valenciasjb.salesianos.edu\/colegio\/aviso-legal\/\" \/>\n<meta property=\"og:site_name\" content=\"Colegio San Juan Bosco Valencia\" \/>\n<meta property=\"article:publisher\" content=\"https:\/\/www.facebook.com\/ColegioSalesianoSanJuanBoscoValencia\" \/>\n<meta property=\"article:modified_time\" content=\"2024-12-03T11:00:41+00:00\" \/>\n<meta name=\"twitter:card\" content=\"summary_large_image\" \/>\n<meta name=\"twitter:site\" content=\"@SalesianosVSJB\" \/>\n<meta name=\"twitter:label1\" content=\"Tiempo de lectura\" \/>\n\t<meta name=\"twitter:data1\" content=\"3 minutos\" \/>\n<script type=\"application\/ld+json\" class=\"yoast-schema-graph\">{\"@context\":\"https:\\\/\\\/schema.org\",\"@graph\":[{\"@type\":\"WebPage\",\"@id\":\"https:\\\/\\\/valenciasjb.salesianos.edu\\\/colegio\\\/aviso-legal\\\/\",\"url\":\"https:\\\/\\\/valenciasjb.salesianos.edu\\\/colegio\\\/aviso-legal\\\/\",\"name\":\"Aviso legal - Colegio San Juan Bosco Valencia\",\"isPartOf\":{\"@id\":\"https:\\\/\\\/valenciasjb.salesianos.edu\\\/colegio\\\/#website\"},\"datePublished\":\"2017-03-07T15:13:28+00:00\",\"dateModified\":\"2024-12-03T11:00:41+00:00\",\"breadcrumb\":{\"@id\":\"https:\\\/\\\/valenciasjb.salesianos.edu\\\/colegio\\\/aviso-legal\\\/#breadcrumb\"},\"inLanguage\":\"es\",\"potentialAction\":[{\"@type\":\"ReadAction\",\"target\":[\"https:\\\/\\\/valenciasjb.salesianos.edu\\\/colegio\\\/aviso-legal\\\/\"]}]},{\"@type\":\"BreadcrumbList\",\"@id\":\"https:\\\/\\\/valenciasjb.salesianos.edu\\\/colegio\\\/aviso-legal\\\/#breadcrumb\",\"itemListElement\":[{\"@type\":\"ListItem\",\"position\":1,\"name\":\"Portada\",\"item\":\"https:\\\/\\\/valenciasjb.salesianos.edu\\\/colegio\\\/\"},{\"@type\":\"ListItem\",\"position\":2,\"name\":\"Aviso legal\"}]},{\"@type\":\"WebSite\",\"@id\":\"https:\\\/\\\/valenciasjb.salesianos.edu\\\/colegio\\\/#website\",\"url\":\"https:\\\/\\\/valenciasjb.salesianos.edu\\\/colegio\\\/\",\"name\":\"Colegio San Juan Bosco Valencia\",\"description\":\"P\u00e1gina oficial del Colegio Salesianos San Juan Bosco Valencia\",\"alternateName\":\"Salesianos.VSJB\",\"potentialAction\":[{\"@type\":\"SearchAction\",\"target\":{\"@type\":\"EntryPoint\",\"urlTemplate\":\"https:\\\/\\\/valenciasjb.salesianos.edu\\\/colegio\\\/?s={search_term_string}\"},\"query-input\":{\"@type\":\"PropertyValueSpecification\",\"valueRequired\":true,\"valueName\":\"search_term_string\"}}],\"inLanguage\":\"es\"}]}<\/script>\n<!-- \/ Yoast SEO plugin. -->","yoast_head_json":{"title":"Aviso legal - Colegio San Juan Bosco Valencia","robots":{"index":"index","follow":"follow","max-snippet":"max-snippet:-1","max-image-preview":"max-image-preview:large","max-video-preview":"max-video-preview:-1"},"canonical":"https:\/\/valenciasjb.salesianos.edu\/colegio\/aviso-legal\/","og_locale":"es_ES","og_type":"article","og_title":"Aviso legal - Colegio San Juan Bosco Valencia","og_description":"Aviso legal La presente Web, a efectos de dar cumplimiento al art\u00edculo 10 de la Ley de Servicio Sociales de la Informaci\u00f3n y el Comercio Electr\u00f3nico, es propiedad del Colegio Salesianos San Juan Bosco, con CIF R4600498B y domicilio social en Avda. de La Plata. 10 46013 Valencia, cuyo tel\u00e9fono de contacto es el 963 [&hellip;]","og_url":"https:\/\/valenciasjb.salesianos.edu\/colegio\/aviso-legal\/","og_site_name":"Colegio San Juan Bosco Valencia","article_publisher":"https:\/\/www.facebook.com\/ColegioSalesianoSanJuanBoscoValencia","article_modified_time":"2024-12-03T11:00:41+00:00","twitter_card":"summary_large_image","twitter_site":"@SalesianosVSJB","twitter_misc":{"Tiempo de lectura":"3 minutos"},"schema":{"@context":"https:\/\/schema.org","@graph":[{"@type":"WebPage","@id":"https:\/\/valenciasjb.salesianos.edu\/colegio\/aviso-legal\/","url":"https:\/\/valenciasjb.salesianos.edu\/colegio\/aviso-legal\/","name":"Aviso legal - Colegio San Juan Bosco Valencia","isPartOf":{"@id":"https:\/\/valenciasjb.salesianos.edu\/colegio\/#website"},"datePublished":"2017-03-07T15:13:28+00:00","dateModified":"2024-12-03T11:00:41+00:00","breadcrumb":{"@id":"https:\/\/valenciasjb.salesianos.edu\/colegio\/aviso-legal\/#breadcrumb"},"inLanguage":"es","potentialAction":[{"@type":"ReadAction","target":["https:\/\/valenciasjb.salesianos.edu\/colegio\/aviso-legal\/"]}]},{"@type":"BreadcrumbList","@id":"https:\/\/valenciasjb.salesianos.edu\/colegio\/aviso-legal\/#breadcrumb","itemListElement":[{"@type":"ListItem","position":1,"name":"Portada","item":"https:\/\/valenciasjb.salesianos.edu\/colegio\/"},{"@type":"ListItem","position":2,"name":"Aviso legal"}]},{"@type":"WebSite","@id":"https:\/\/valenciasjb.salesianos.edu\/colegio\/#website","url":"https:\/\/valenciasjb.salesianos.edu\/colegio\/","name":"Colegio San Juan Bosco Valencia","description":"P\u00e1gina oficial del Colegio Salesianos San Juan Bosco Valencia","alternateName":"Salesianos.VSJB","potentialAction":[{"@type":"SearchAction","target":{"@type":"EntryPoint","urlTemplate":"https:\/\/valenciasjb.salesianos.edu\/colegio\/?s={search_term_string}"},"query-input":{"@type":"PropertyValueSpecification","valueRequired":true,"valueName":"search_term_string"}}],"inLanguage":"es"}]}},"_links":{"self":[{"href":"https:\/\/valenciasjb.salesianos.edu\/colegio\/wp-json\/wp\/v2\/pages\/5706","targetHints":{"allow":["GET"]}}],"collection":[{"href":"https:\/\/valenciasjb.salesianos.edu\/colegio\/wp-json\/wp\/v2\/pages"}],"about":[{"href":"https:\/\/valenciasjb.salesianos.edu\/colegio\/wp-json\/wp\/v2\/types\/page"}],"author":[{"embeddable":true,"href":"https:\/\/valenciasjb.salesianos.edu\/colegio\/wp-json\/wp\/v2\/users\/2"}],"replies":[{"embeddable":true,"href":"https:\/\/valenciasjb.salesianos.edu\/colegio\/wp-json\/wp\/v2\/comments?post=5706"}],"version-history":[{"count":2,"href":"https:\/\/valenciasjb.salesianos.edu\/colegio\/wp-json\/wp\/v2\/pages\/5706\/revisions"}],"predecessor-version":[{"id":22723,"href":"https:\/\/valenciasjb.salesianos.edu\/colegio\/wp-json\/wp\/v2\/pages\/5706\/revisions\/22723"}],"wp:attachment":[{"href":"https:\/\/valenciasjb.salesianos.edu\/colegio\/wp-json\/wp\/v2\/media?parent=5706"}],"curies":[{"name":"wp","href":"https:\/\/api.w.org\/{rel}","templated":true}]}}